{"id":709,"date":"2026-02-05T09:52:24","date_gmt":"2026-02-05T08:52:24","guid":{"rendered":"https:\/\/ruta3reis.tortosaturisme.cat\/tortosa\/"},"modified":"2026-02-06T21:07:13","modified_gmt":"2026-02-06T20:07:13","slug":"tortosa","status":"publish","type":"page","link":"https:\/\/ruta3reis.tortosaturisme.cat\/ca\/3-etapes-3-identitats\/tortosa\/","title":{"rendered":"Tortosa"},"content":{"rendered":"\t\t<div data-elementor-type=\"wp-page\" data-elementor-id=\"709\" class=\"elementor elementor-709 elementor-33\" data-elementor-post-type=\"page\">\n\t\t\t\t<div class=\"elementor-element elementor-element-8e6fda5 e-flex e-con-boxed e-con e-parent\" data-id=\"8e6fda5\" data-element_type=\"container\" data-e-type=\"container\" data-settings=\"{&quot;jet_parallax_layout_list&quot;:[]}\">\n\t\t\t\t\t<div class=\"e-con-inner\">\n\t\t<div class=\"elementor-element elementor-element-85ef81d e-con-full e-flex e-con e-child\" data-id=\"85ef81d\" data-element_type=\"container\" data-e-type=\"container\" data-settings=\"{&quot;jet_parallax_layout_list&quot;:[]}\">\n\t\t\t\t<div class=\"elementor-element elementor-element-5bc150b elementor-widget elementor-widget-heading\" data-id=\"5bc150b\" data-element_type=\"widget\" data-e-type=\"widget\" data-widget_type=\"heading.default\">\n\t\t\t\t\t<h1 class=\"elementor-heading-title elementor-size-default\">Tortosa<\/h1>\t\t\t\t<\/div>\n\t\t\t\t<\/div>\n\t\t<div class=\"elementor-element elementor-element-41b3031 e-con-full e-flex e-con e-child\" data-id=\"41b3031\" data-element_type=\"container\" data-e-type=\"container\" data-settings=\"{&quot;jet_parallax_layout_list&quot;:[]}\">\n\t\t\t\t<div class=\"elementor-element elementor-element-3d49fb5 elementor-widget elementor-widget-heading\" data-id=\"3d49fb5\" data-element_type=\"widget\" data-e-type=\"widget\" data-widget_type=\"heading.default\">\n\t\t\t\t\t<h2 class=\"elementor-heading-title elementor-size-default\">La ciutat del Renaixement<\/h2>\t\t\t\t<\/div>\n\t\t\t\t<\/div>\n\t\t<div class=\"elementor-element elementor-element-f53d301 e-con-full e-flex e-con e-child\" data-id=\"f53d301\" data-element_type=\"container\" data-e-type=\"container\" data-settings=\"{&quot;jet_parallax_layout_list&quot;:[]}\">\n\t\t\t\t<\/div>\n\t\t\t\t\t<\/div>\n\t\t\t\t<\/div>\n\t\t<div class=\"elementor-element elementor-element-3674bdb e-con-full e-flex e-con e-parent\" data-id=\"3674bdb\" data-element_type=\"container\" data-e-type=\"container\" data-settings=\"{&quot;jet_parallax_layout_list&quot;:[]}\">\n\t\t<div class=\"elementor-element elementor-element-d020cbf e-con-full e-flex e-con e-child\" data-id=\"d020cbf\" data-element_type=\"container\" data-e-type=\"container\" data-settings=\"{&quot;jet_parallax_layout_list&quot;:[]}\">\n\t\t\t\t<div class=\"elementor-element elementor-element-7b4584b elementor-widget elementor-widget-text-editor\" data-id=\"7b4584b\" data-element_type=\"widget\" data-e-type=\"widget\" data-widget_type=\"text-editor.default\">\n\t\t\t\t\t\t\t\t\t<p>Ens encanten els misteris, i el del passat iber de Tortosa no \u00e9s menor. Si b\u00e9 sabem amb certesa que els ibers van decidir establir-se al punt on avui dia s&#8217;aixeca la ciutat, alguns historiadors s&#8217;atreveixen a plantejar que va ser aqu\u00ed on van construir la important i <strong>enigm\u00e0tica ciutat d&#8217;Hib\u00e8ria<\/strong>. Tan clau hauria estat aquesta ciutat per a la pen\u00ednsula que d&#8217;ella n&#8217;hauria pres el nom, igual que ho faria el riu Ebre, que a l&#8217;\u00e8poca va rebre el nom d&#8217;Iber. Per\u00f2 la ib\u00e8rica no \u00e9s l&#8217;\u00fanica civilitzaci\u00f3 que ha marcat la hist\u00f2ria de Tortosa i l&#8217;ha convertida en la sorprenent ciutat que \u00e9s avui. Durant la baixa edat mitjana, aqu\u00ed van conviure cristians, musulmans i jueus en relativa harmonia i atorgant-li el sobrenom de <strong>La ciutat de les tres cultures<\/strong>. Tot i que va ser al segle XVI, amb el <strong>Renaixement<\/strong>, quan la ciutat va viure la seva \u00e8poca de m\u00e0xim esplendor i es va convertir en el centre art\u00edstic i cultural m\u00e9s rellevant de la Catalunya del moment.     <\/p><p>\u00c9s llavors quan es construeix un dels conjunts monumentals m\u00e9s especials de la ciutat: <strong>Els Reials Col\u00b7legis<\/strong>, que neixen amb l&#8217;objectiu d&#8217;educar els moriscos en la cristiandat. El conjunt est\u00e0 format per tres edificis que conserven les seves belles portalades: El <strong>Col\u00b7legi de Sant Jaume i Sant Maties<\/strong>, amb el seu pati quadrat d&#8217;influ\u00e8ncia italiana \u00fanic a Catalunya i adornat amb un fris esculpit amb els rostres i els escuts dels reis i reines de la Corona d&#8217;Arag\u00f3; el <strong>Col\u00b7legi de Sant Jordi i Sant Dom\u00e8nec<\/strong>, antiga universitat de la ciutat; i la <strong>esgl\u00e9sia de Sant Dom\u00e8nec<\/strong>, on actualment es pot visitar l&#8217;exposici\u00f3 permanent sobre la hist\u00f2ria de la ciutat i la <strong>Festa del Renaixement<\/strong>. <\/p>\t\t\t\t\t\t\t\t<\/div>\n\t\t\t\t<\/div>\n\t\t<div class=\"elementor-element elementor-element-d639f9b e-con-full e-flex e-con e-child\" data-id=\"d639f9b\" data-element_type=\"container\" data-e-type=\"container\" data-settings=\"{&quot;background_background&quot;:&quot;classic&quot;,&quot;jet_parallax_layout_list&quot;:[]}\">\n\t\t\t\t<\/div>\n\t\t\t\t<\/div>\n\t\t<div class=\"elementor-element elementor-element-fd0baf8 e-flex e-con-boxed e-con e-parent\" data-id=\"fd0baf8\" data-element_type=\"container\" data-e-type=\"container\" data-settings=\"{&quot;background_background&quot;:&quot;classic&quot;,&quot;jet_parallax_layout_list&quot;:[]}\">\n\t\t\t\t\t<div class=\"e-con-inner\">\n\t\t<div class=\"elementor-element elementor-element-99974ec e-con-full e-flex e-con e-child\" data-id=\"99974ec\" data-element_type=\"container\" data-e-type=\"container\" data-settings=\"{&quot;jet_parallax_layout_list&quot;:[]}\">\n\t\t\t\t<div class=\"elementor-element elementor-element-31c1b52 elementor-widget elementor-widget-text-editor\" data-id=\"31c1b52\" data-element_type=\"widget\" data-e-type=\"widget\" data-widget_type=\"text-editor.default\">\n\t\t\t\t\t\t\t\t\t<p>Per\u00f2 tornem enrere en el temps per recordar que van ser els \u00e0rabs els qui van construir un altre dels s\u00edmbols de Tortosa: el <strong>Castell de la Suda<\/strong>, aixecat al segle X. Aquesta monumental construcci\u00f3 que vigila imponent des del tur\u00f3 central de la ciutat antiga, ofereix unes vistes espectaculars, un paisatge que molt ha canviat des que all\u00e0 hi visqu\u00e9s Jaume I i del qual en poden gaudir els qui s&#8217;allotgen al Parador Nacional integrat al castell. No gaire lluny, ens trobarem amb la <strong>Catedral de Santa Maria<\/strong>, una de les mostres m\u00e9s notables del g\u00f2tic catal\u00e0 i la tercera joia de la corona de la localitat. Per\u00f2 Tortosa reserva moltes altres propostes d&#8217;all\u00f2 m\u00e9s atractives, com s\u00f3n l&#8217;<strong>Espai Cota 0<\/strong>, uns jaciments arqueol\u00f2gics muse\u00eftzats on rec\u00f3rrer 1.500 anys d&#8217;hist\u00f2ria; el <strong>Palau Episcopal<\/strong>, una veritable joia del g\u00f2tic civil; o l&#8217;<strong>antic escorxador municipal<\/strong>, un preci\u00f3s edifici modernista convertit en museu i on avui dia s&#8217;ubica tamb\u00e9 l&#8217;oficina de turisme. Per\u00f2 aix\u00f2 no \u00e9s tot, a Tortosa ens trobem amb aut\u00e8ntics tresors a l&#8217;aire lliure, com poden ser <strong>el call jueu<\/strong>, el museu d&#8217;escultures que s\u00f3n <strong>els Jardins del Pr\u00edncep<\/strong>, o el <strong>Passeig de les cultures<\/strong>, una instal\u00b7laci\u00f3 art\u00edstica que repassa la vida i obra de 15 dels seus ciutadans m\u00e9s il\u00b7lustres.   <\/p>\t\t\t\t\t\t\t\t<\/div>\n\t\t\t\t<\/div>\n\t\t\t\t\t<\/div>\n\t\t\t\t<\/div>\n\t\t<div class=\"elementor-element elementor-element-56b5357 e-flex e-con-boxed e-con e-parent\" data-id=\"56b5357\" data-element_type=\"container\" data-e-type=\"container\" data-settings=\"{&quot;jet_parallax_layout_list&quot;:[]}\">\n\t\t\t\t\t<div class=\"e-con-inner\">\n\t\t<div class=\"elementor-element elementor-element-6cd433e e-con-full e-flex e-con e-child\" data-id=\"6cd433e\" data-element_type=\"container\" data-e-type=\"container\" data-settings=\"{&quot;jet_parallax_layout_list&quot;:[]}\">\n\t\t\t\t<div class=\"elementor-element elementor-element-5d134da elementor-widget elementor-widget-heading\" data-id=\"5d134da\" data-element_type=\"widget\" data-e-type=\"widget\" data-widget_type=\"heading.default\">\n\t\t\t\t\t<h3 class=\"elementor-heading-title elementor-size-default\">Una ciutat a cavall entre dos Parcs Naturals<\/h3>\t\t\t\t<\/div>\n\t\t\t\t<div class=\"elementor-element elementor-element-e456fc0 elementor-widget elementor-widget-text-editor\" data-id=\"e456fc0\" data-element_type=\"widget\" data-e-type=\"widget\" data-widget_type=\"text-editor.default\">\n\t\t\t\t\t\t\t\t\t<p>Tot i que si parlem de ve\u00efns il\u00b7lustres, no podem oblidar esmentar aquell el paper del qual ha estat clau en el desenvolupament de la ciutat i en el seu vincle amb el mar. Es tracta del <strong>riu Ebre<\/strong>, el veritable responsable del car\u00e0cter obert, comerciant i integrador de Tortosa, un element indissociable a la personalitat del municipi i l&#8217;espai perfecte on gaudir d&#8217;un magn\u00edfic vespre amb un passeig amb vaixell descobrint la ciutat des de l&#8217;aigua. I \u00e9s que, sens dubte, el riu i el seu entorn \u00e9s el principal espai natural de la ciutat, ubicada estrat\u00e8gicament entre dos Parcs Naturals de gran singularitat i bellesa. Es tracta del Parc Natural del Delta de l&#8217;Ebre, amb els seus immensos arrossars i declarat Reserva de la Biosfera per la UNESCO; i el Parc Natural dels Ports. Ambd\u00f3s es troben units a Tortosa pel tra\u00e7at de la Via Verda, ideal per gaudir a peu, a cavall o amb bicicleta. A m\u00e9s, els amants del cicloturisme hi trobaran el dest\u00ed perfecte per gaudir de la seva passi\u00f3, gr\u00e0cies a les 56 rutes que tenen a la localitat el seu punt de partida i que ofereixen opcions per a ciclistes de tots els nivells.      <\/p>\t\t\t\t\t\t\t\t<\/div>\n\t\t\t\t<\/div>\n\t\t<div class=\"elementor-element elementor-element-f55432e e-con-full e-flex e-con e-child\" data-id=\"f55432e\" data-element_type=\"container\" data-e-type=\"container\" data-settings=\"{&quot;background_background&quot;:&quot;classic&quot;,&quot;jet_parallax_layout_list&quot;:[]}\">\n\t\t\t\t<\/div>\n\t\t\t\t\t<\/div>\n\t\t\t\t<\/div>\n\t\t<div class=\"elementor-element elementor-element-3e52faf e-con-full e-flex e-con e-parent\" data-id=\"3e52faf\" data-element_type=\"container\" data-e-type=\"container\" data-settings=\"{&quot;jet_parallax_layout_list&quot;:[]}\">\n\t\t<div class=\"elementor-element elementor-element-9decfe4 e-con-full e-flex e-con e-child\" data-id=\"9decfe4\" data-element_type=\"container\" data-e-type=\"container\" data-settings=\"{&quot;background_background&quot;:&quot;classic&quot;,&quot;jet_parallax_layout_list&quot;:[]}\">\n\t\t\t\t<\/div>\n\t\t<div class=\"elementor-element elementor-element-33a6f9e e-con-full e-flex e-con e-child\" data-id=\"33a6f9e\" data-element_type=\"container\" data-e-type=\"container\" data-settings=\"{&quot;background_background&quot;:&quot;classic&quot;,&quot;jet_parallax_layout_list&quot;:[]}\">\n\t\t\t\t<div class=\"elementor-element elementor-element-88cc601 elementor-widget elementor-widget-heading\" data-id=\"88cc601\" data-element_type=\"widget\" data-e-type=\"widget\" data-widget_type=\"heading.default\">\n\t\t\t\t\t<h3 class=\"elementor-heading-title elementor-size-default\">Probablement, la millor recreaci\u00f3 hist\u00f2rica del sud d'Europa<\/h3>\t\t\t\t<\/div>\n\t\t\t\t<div class=\"elementor-element elementor-element-260df39 elementor-widget elementor-widget-text-editor\" data-id=\"260df39\" data-element_type=\"widget\" data-e-type=\"widget\" data-widget_type=\"text-editor.default\">\n\t\t\t\t\t\t\t\t\t<p>Per\u00f2 Tortosa ofereix a m\u00e9s quelcom pr\u00e0cticament impossible: la possibilitat de fer un viatge al passat, aix\u00f2 s\u00ed, sense m\u00e0quina del temps. Com ho aconsegueix? Doncs gr\u00e0cies a les seves <strong>Festes del Renaixement<\/strong>, una cita declarada <strong>Festa d&#8217;Inter\u00e8s Tur\u00edstic Nacional<\/strong>, i que cada mes de juliol trasllada de nou la poblaci\u00f3 al seu passat medieval. Per fer-ho, m\u00e9s de 3.000 tortosins es llancen als carrers vestits d&#8217;\u00e8poca, m\u00fasics i artistes arribats de tots els racons del m\u00f3n ocupen places i altres racons amb els seus espectacles, sorgeixen parades d&#8217;artesans i tavernes, i es recuperen receptes centen\u00e0ries que inunden els racons del municipi amb la seva exquisida olor. En definitiva, un esclat de color, musical i gastron\u00f2mic que far\u00e0 les del\u00edcies dels qui la visitin.    <\/p><p>Aix\u00f2 s\u00ed, el calendari festiu de la ciutat marca altres cites importants. En destacarem dues. La primera, <strong>El Setge de Tortosa<\/strong>, una recreaci\u00f3 hist\u00f2rica escenificada al patrimoni de la ciutat que, entre desfilades, cavalls, batalles, p\u00f3lvora i la recreaci\u00f3 de la vida civil i militar de l&#8217;\u00e8poca, recorda un dels episodis b\u00e8l\u00b7lics m\u00e9s importants que ha viscut: la del 8 de juliol de 1708 en ple conflicte de la Guerra de Successi\u00f3. La segona, les <strong>Festes de la Cinta<\/strong>, la festa major de la ciutat dedicades a la Mare de D\u00e9u de la Cinta i que omple la ciutat de cinc dies d&#8217;activitat al voltant del primer diumenge de setembre.   <\/p>\t\t\t\t\t\t\t\t<\/div>\n\t\t\t\t<\/div>\n\t\t\t\t<\/div>\n\t\t<div class=\"elementor-element elementor-element-b6a0988 e-flex e-con-boxed e-con e-parent\" data-id=\"b6a0988\" data-element_type=\"container\" data-e-type=\"container\" data-settings=\"{&quot;jet_parallax_layout_list&quot;:[]}\">\n\t\t\t\t\t<div class=\"e-con-inner\">\n\t\t<div class=\"elementor-element elementor-element-ac1983b e-con-full e-flex e-con e-child\" data-id=\"ac1983b\" data-element_type=\"container\" data-e-type=\"container\" data-settings=\"{&quot;background_background&quot;:&quot;classic&quot;,&quot;jet_parallax_layout_list&quot;:[]}\">\n\t\t\t\t<div class=\"elementor-element elementor-element-06e76a1 elementor-widget elementor-widget-heading\" data-id=\"06e76a1\" data-element_type=\"widget\" data-e-type=\"widget\" data-widget_type=\"heading.default\">\n\t\t\t\t\t<h4 class=\"elementor-heading-title elementor-size-default\"><a href=\"https:\/\/ruta3reis.tortosaturisme.cat\/3-etapas-3-identidades\/alcaniz\/\">&lt; Alca\u00f1iz<\/a><\/h4>\t\t\t\t<\/div>\n\t\t\t\t<\/div>\n\t\t<div class=\"elementor-element elementor-element-129cf2f e-con-full e-flex e-con e-child\" data-id=\"129cf2f\" data-element_type=\"container\" data-e-type=\"container\" data-settings=\"{&quot;background_background&quot;:&quot;classic&quot;,&quot;jet_parallax_layout_list&quot;:[]}\">\n\t\t\t\t<div class=\"elementor-element elementor-element-432dc39 elementor-widget elementor-widget-heading\" data-id=\"432dc39\" data-element_type=\"widget\" data-e-type=\"widget\" data-widget_type=\"heading.default\">\n\t\t\t\t\t<h4 class=\"elementor-heading-title elementor-size-default\"><a href=\"https:\/\/ruta3reis.tortosaturisme.cat\/3-etapas-3-identidades\/morella\/\">Morella &gt;<\/a><\/h4>\t\t\t\t<\/div>\n\t\t\t\t<\/div>\n\t\t\t\t\t<\/div>\n\t\t\t\t<\/div>\n\t\t<div class=\"elementor-element elementor-element-a3c4364 e-flex e-con-boxed e-con e-parent\" data-id=\"a3c4364\" data-element_type=\"container\" data-e-type=\"container\" data-settings=\"{&quot;jet_parallax_layout_list&quot;:[]}\">\n\t\t\t\t\t<div class=\"e-con-inner\">\n\t\t<div class=\"elementor-element elementor-element-5be9f97 e-con-full e-flex e-con e-child\" data-id=\"5be9f97\" data-element_type=\"container\" data-e-type=\"container\" data-settings=\"{&quot;jet_parallax_layout_list&quot;:[]}\">\n\t\t<div class=\"elementor-element elementor-element-e605945 e-con-full e-flex elementor-invisible e-con e-child\" data-id=\"e605945\" data-element_type=\"container\" data-e-type=\"container\" data-settings=\"{&quot;animation&quot;:&quot;fadeIn&quot;,&quot;animation_delay&quot;:200,&quot;jet_parallax_layout_list&quot;:[]}\">\n\t\t\t\t<div class=\"elementor-element elementor-element-4d5f1f8 elementor-widget elementor-widget-image\" data-id=\"4d5f1f8\" data-element_type=\"widget\" data-e-type=\"widget\" data-widget_type=\"image.default\">\n\t\t\t\t\t\t\t\t\t\t\t\t\t\t\t<img fetchpriority=\"high\" decoding=\"async\" width=\"346\" height=\"361\" src=\"https:\/\/ruta3reis.tortosaturisme.cat\/wp-content\/uploads\/2026\/02\/Recurso-2@3x2.png\" class=\"attachment-large size-large wp-image-714\" alt=\"Icona naturalesa\" srcset=\"https:\/\/ruta3reis.tortosaturisme.cat\/wp-content\/uploads\/2026\/02\/Recurso-2@3x2.png 346w, https:\/\/ruta3reis.tortosaturisme.cat\/wp-content\/uploads\/2026\/02\/Recurso-2@3x2-288x300.png 288w\" sizes=\"(max-width: 346px) 100vw, 346px\" \/>\t\t\t\t\t\t\t\t\t\t\t\t\t\t\t<\/div>\n\t\t<div class=\"elementor-element elementor-element-35e2bf9 e-con-full e-flex e-con e-child\" data-id=\"35e2bf9\" data-element_type=\"container\" data-e-type=\"container\" data-settings=\"{&quot;jet_parallax_layout_list&quot;:[]}\">\n\t\t\t\t<div class=\"elementor-element elementor-element-0b01e9c elementor-widget elementor-widget-heading\" data-id=\"0b01e9c\" data-element_type=\"widget\" data-e-type=\"widget\" data-widget_type=\"heading.default\">\n\t\t\t\t\t<h3 class=\"elementor-heading-title elementor-size-default\">Naturalesa<\/h3>\t\t\t\t<\/div>\n\t\t\t\t<div class=\"elementor-element elementor-element-5853daf elementor-widget elementor-widget-text-editor\" data-id=\"5853daf\" data-element_type=\"widget\" data-e-type=\"widget\" data-widget_type=\"text-editor.default\">\n\t\t\t\t\t\t\t\t\t<p>Ruta 3 Reis al natural<\/p>\t\t\t\t\t\t\t\t<\/div>\n\t\t\t\t<\/div>\n\t\t\t\t<div class=\"elementor-element elementor-element-967cdc9 elementor-align-center elementor-widget elementor-widget-button\" data-id=\"967cdc9\" data-element_type=\"widget\" data-e-type=\"widget\" data-widget_type=\"button.default\">\n\t\t\t\t\t\t\t\t\t\t<a class=\"elementor-button elementor-button-link elementor-size-sm\" href=\"https:\/\/ruta3reis.tortosaturisme.cat\/ca\/la-ruta-3-reis\/\">\n\t\t\t\t\t\t<span class=\"elementor-button-content-wrapper\">\n\t\t\t\t\t\t\t\t\t<span class=\"elementor-button-text\">Descobreix-la<\/span>\n\t\t\t\t\t<\/span>\n\t\t\t\t\t<\/a>\n\t\t\t\t\t\t\t\t<\/div>\n\t\t\t\t<\/div>\n\t\t<div class=\"elementor-element elementor-element-59ec37c e-con-full e-flex elementor-invisible e-con e-child\" data-id=\"59ec37c\" data-element_type=\"container\" data-e-type=\"container\" data-settings=\"{&quot;animation&quot;:&quot;fadeIn&quot;,&quot;animation_delay&quot;:400,&quot;jet_parallax_layout_list&quot;:[]}\">\n\t\t\t\t<div class=\"elementor-element elementor-element-e40f72a elementor-widget elementor-widget-image\" data-id=\"e40f72a\" data-element_type=\"widget\" data-e-type=\"widget\" data-widget_type=\"image.default\">\n\t\t\t\t\t\t\t\t\t\t\t\t\t\t\t<img decoding=\"async\" width=\"351\" height=\"361\" src=\"https:\/\/ruta3reis.tortosaturisme.cat\/wp-content\/uploads\/2026\/02\/Recurso-1@3x2.png\" class=\"attachment-large size-large wp-image-715\" alt=\"Icona taula\" srcset=\"https:\/\/ruta3reis.tortosaturisme.cat\/wp-content\/uploads\/2026\/02\/Recurso-1@3x2.png 351w, https:\/\/ruta3reis.tortosaturisme.cat\/wp-content\/uploads\/2026\/02\/Recurso-1@3x2-292x300.png 292w\" sizes=\"(max-width: 351px) 100vw, 351px\" \/>\t\t\t\t\t\t\t\t\t\t\t\t\t\t\t<\/div>\n\t\t<div class=\"elementor-element elementor-element-796c991 e-con-full e-flex e-con e-child\" data-id=\"796c991\" data-element_type=\"container\" data-e-type=\"container\" data-settings=\"{&quot;jet_parallax_layout_list&quot;:[]}\">\n\t\t\t\t<div class=\"elementor-element elementor-element-d8cc976 elementor-widget elementor-widget-heading\" data-id=\"d8cc976\" data-element_type=\"widget\" data-e-type=\"widget\" data-widget_type=\"heading.default\">\n\t\t\t\t\t<h3 class=\"elementor-heading-title elementor-size-default\">Gastronomia<\/h3>\t\t\t\t<\/div>\n\t\t\t\t<div class=\"elementor-element elementor-element-4d2fe79 elementor-widget elementor-widget-text-editor\" data-id=\"4d2fe79\" data-element_type=\"widget\" data-e-type=\"widget\" data-widget_type=\"text-editor.default\">\n\t\t\t\t\t\t\t\t\t<p>El sabor de la Ruta 3 Reis<\/p>\t\t\t\t\t\t\t\t<\/div>\n\t\t\t\t<\/div>\n\t\t\t\t<div class=\"elementor-element elementor-element-7049ca0 elementor-align-center elementor-widget elementor-widget-button\" data-id=\"7049ca0\" data-element_type=\"widget\" data-e-type=\"widget\" data-widget_type=\"button.default\">\n\t\t\t\t\t\t\t\t\t\t<a class=\"elementor-button elementor-button-link elementor-size-sm\" href=\"https:\/\/ruta3reis.tortosaturisme.cat\/ca\/la-ruta-3-reis\/el-sabor-de-la-ruta\/\">\n\t\t\t\t\t\t<span class=\"elementor-button-content-wrapper\">\n\t\t\t\t\t\t\t\t\t<span class=\"elementor-button-text\">Descobreix-la<\/span>\n\t\t\t\t\t<\/span>\n\t\t\t\t\t<\/a>\n\t\t\t\t\t\t\t\t<\/div>\n\t\t\t\t<\/div>\n\t\t<div class=\"elementor-element elementor-element-7fcc33c e-con-full e-flex elementor-invisible e-con e-child\" data-id=\"7fcc33c\" data-element_type=\"container\" data-e-type=\"container\" data-settings=\"{&quot;animation&quot;:&quot;fadeIn&quot;,&quot;animation_delay&quot;:600,&quot;jet_parallax_layout_list&quot;:[]}\">\n\t\t\t\t<div class=\"elementor-element elementor-element-5fca5d5 elementor-widget elementor-widget-image\" data-id=\"5fca5d5\" data-element_type=\"widget\" data-e-type=\"widget\" data-widget_type=\"image.default\">\n\t\t\t\t\t\t\t\t\t\t\t\t\t\t\t<img decoding=\"async\" width=\"373\" height=\"361\" src=\"https:\/\/ruta3reis.tortosaturisme.cat\/wp-content\/uploads\/2026\/02\/Recurso-3@3x2.png\" class=\"attachment-large size-large wp-image-716\" alt=\"\" srcset=\"https:\/\/ruta3reis.tortosaturisme.cat\/wp-content\/uploads\/2026\/02\/Recurso-3@3x2.png 373w, https:\/\/ruta3reis.tortosaturisme.cat\/wp-content\/uploads\/2026\/02\/Recurso-3@3x2-300x290.png 300w\" sizes=\"(max-width: 373px) 100vw, 373px\" \/>\t\t\t\t\t\t\t\t\t\t\t\t\t\t\t<\/div>\n\t\t<div class=\"elementor-element elementor-element-4592aeb e-con-full e-flex e-con e-child\" data-id=\"4592aeb\" data-element_type=\"container\" data-e-type=\"container\" data-settings=\"{&quot;jet_parallax_layout_list&quot;:[]}\">\n\t\t\t\t<div class=\"elementor-element elementor-element-a71bdf8 elementor-widget elementor-widget-heading\" data-id=\"a71bdf8\" data-element_type=\"widget\" data-e-type=\"widget\" data-widget_type=\"heading.default\">\n\t\t\t\t\t<h3 class=\"elementor-heading-title elementor-size-default\">Festes i festivitats<\/h3>\t\t\t\t<\/div>\n\t\t\t\t<div class=\"elementor-element elementor-element-7279a62 elementor-widget elementor-widget-text-editor\" data-id=\"7279a62\" data-element_type=\"widget\" data-e-type=\"widget\" data-widget_type=\"text-editor.default\">\n\t\t\t\t\t\t\t\t\t<p>Festes d&#8217;Inter\u00e8s Tur\u00edstic Nacional i un intens calendari cultural<\/p>\t\t\t\t\t\t\t\t<\/div>\n\t\t\t\t<\/div>\n\t\t\t\t<div class=\"elementor-element elementor-element-dcf4a02 elementor-align-center elementor-widget elementor-widget-button\" data-id=\"dcf4a02\" data-element_type=\"widget\" data-e-type=\"widget\" data-widget_type=\"button.default\">\n\t\t\t\t\t\t\t\t\t\t<a class=\"elementor-button elementor-button-link elementor-size-sm\" href=\"https:\/\/ruta3reis.tortosaturisme.cat\/ca\/la-ruta-3-reis\/\">\n\t\t\t\t\t\t<span class=\"elementor-button-content-wrapper\">\n\t\t\t\t\t\t\t\t\t<span class=\"elementor-button-text\">Descobreix-la<\/span>\n\t\t\t\t\t<\/span>\n\t\t\t\t\t<\/a>\n\t\t\t\t\t\t\t\t<\/div>\n\t\t\t\t<\/div>\n\t\t\t\t<\/div>\n\t\t\t\t\t<\/div>\n\t\t\t\t<\/div>\n\t\t\t\t<\/div>\n\t\t","protected":false},"excerpt":{"rendered":"<p>La ciutat del Renaixement Ens encanten els misteris, i el del passat iber de Tortosa no \u00e9s menor. Si b\u00e9 sabem amb certesa que els ibers van decidir establir-se al punt on avui dia s&#8217;aixeca la ciutat, alguns historiadors s&#8217;atreveixen a plantejar que va ser aqu\u00ed on van construir la important i enigm\u00e0tica ciutat d&#8217;Hib\u00e8ria. [&hellip;]<\/p>\n","protected":false},"author":1,"featured_media":0,"parent":861,"menu_order":0,"comment_status":"closed","ping_status":"closed","template":"","meta":{"footnotes":""},"class_list":["post-709","page","type-page","status-publish","hentry"],"_links":{"self":[{"href":"https:\/\/ruta3reis.tortosaturisme.cat\/ca\/wp-json\/wp\/v2\/pages\/709","targetHints":{"allow":["GET"]}}],"collection":[{"href":"https:\/\/ruta3reis.tortosaturisme.cat\/ca\/wp-json\/wp\/v2\/pages"}],"about":[{"href":"https:\/\/ruta3reis.tortosaturisme.cat\/ca\/wp-json\/wp\/v2\/types\/page"}],"author":[{"embeddable":true,"href":"https:\/\/ruta3reis.tortosaturisme.cat\/ca\/wp-json\/wp\/v2\/users\/1"}],"replies":[{"embeddable":true,"href":"https:\/\/ruta3reis.tortosaturisme.cat\/ca\/wp-json\/wp\/v2\/comments?post=709"}],"version-history":[{"count":2,"href":"https:\/\/ruta3reis.tortosaturisme.cat\/ca\/wp-json\/wp\/v2\/pages\/709\/revisions"}],"predecessor-version":[{"id":989,"href":"https:\/\/ruta3reis.tortosaturisme.cat\/ca\/wp-json\/wp\/v2\/pages\/709\/revisions\/989"}],"up":[{"embeddable":true,"href":"https:\/\/ruta3reis.tortosaturisme.cat\/ca\/wp-json\/wp\/v2\/pages\/861"}],"wp:attachment":[{"href":"https:\/\/ruta3reis.tortosaturisme.cat\/ca\/wp-json\/wp\/v2\/media?parent=709"}],"curies":[{"name":"wp","href":"https:\/\/api.w.org\/{rel}","templated":true}]}}