{"id":726,"date":"2026-02-05T09:52:02","date_gmt":"2026-02-05T08:52:02","guid":{"rendered":"https:\/\/ruta3reis.tortosaturisme.cat\/morella\/"},"modified":"2026-02-06T21:07:19","modified_gmt":"2026-02-06T20:07:19","slug":"morella","status":"publish","type":"page","link":"https:\/\/ruta3reis.tortosaturisme.cat\/ca\/3-etapes-3-identitats\/morella\/","title":{"rendered":"Morella"},"content":{"rendered":"\t\t<div data-elementor-type=\"wp-page\" data-elementor-id=\"726\" class=\"elementor elementor-726 elementor-31\" data-elementor-post-type=\"page\">\n\t\t\t\t<div class=\"elementor-element elementor-element-5101ac3 e-flex e-con-boxed e-con e-parent\" data-id=\"5101ac3\" data-element_type=\"container\" data-e-type=\"container\" data-settings=\"{&quot;jet_parallax_layout_list&quot;:[]}\">\n\t\t\t\t\t<div class=\"e-con-inner\">\n\t\t<div class=\"elementor-element elementor-element-05db7f0 e-con-full e-flex e-con e-child\" data-id=\"05db7f0\" data-element_type=\"container\" data-e-type=\"container\" data-settings=\"{&quot;jet_parallax_layout_list&quot;:[]}\">\n\t\t\t\t<div class=\"elementor-element elementor-element-a86d441 elementor-widget elementor-widget-heading\" data-id=\"a86d441\" data-element_type=\"widget\" data-e-type=\"widget\" data-widget_type=\"heading.default\">\n\t\t\t\t\t<h1 class=\"elementor-heading-title elementor-size-default\">Morella<\/h1>\t\t\t\t<\/div>\n\t\t\t\t<\/div>\n\t\t<div class=\"elementor-element elementor-element-e5e4497 e-con-full e-flex e-con e-child\" data-id=\"e5e4497\" data-element_type=\"container\" data-e-type=\"container\" data-settings=\"{&quot;jet_parallax_layout_list&quot;:[]}\">\n\t\t\t\t<div class=\"elementor-element elementor-element-02a9b96 elementor-widget elementor-widget-heading\" data-id=\"02a9b96\" data-element_type=\"widget\" data-e-type=\"widget\" data-widget_type=\"heading.default\">\n\t\t\t\t\t<h2 class=\"elementor-heading-title elementor-size-default\">La ciutat que va cr\u00e9ixer als\npeus del castell<\/h2>\t\t\t\t<\/div>\n\t\t\t\t<\/div>\n\t\t<div class=\"elementor-element elementor-element-23e59a0 e-con-full e-flex e-con e-child\" data-id=\"23e59a0\" data-element_type=\"container\" data-e-type=\"container\" data-settings=\"{&quot;jet_parallax_layout_list&quot;:[]}\">\n\t\t\t\t<\/div>\n\t\t\t\t\t<\/div>\n\t\t\t\t<\/div>\n\t\t<div class=\"elementor-element elementor-element-0266ccd e-con-full e-flex e-con e-parent\" data-id=\"0266ccd\" data-element_type=\"container\" data-e-type=\"container\" data-settings=\"{&quot;jet_parallax_layout_list&quot;:[]}\">\n\t\t<div class=\"elementor-element elementor-element-c972d6e e-con-full e-flex e-con e-child\" data-id=\"c972d6e\" data-element_type=\"container\" data-e-type=\"container\" data-settings=\"{&quot;jet_parallax_layout_list&quot;:[]}\">\n\t\t\t\t<div class=\"elementor-element elementor-element-eff52b9 elementor-widget elementor-widget-text-editor\" data-id=\"eff52b9\" data-element_type=\"widget\" data-e-type=\"widget\" data-widget_type=\"text-editor.default\">\n\t\t\t\t\t\t\t\t\t<p>Morella impressiona ja des de lluny, quan el viatger que s&#8217;acosta a visitar-la albir\u00e0, encara en la dist\u00e0ncia, la monumentalitat del seu impressionant castell. Constru\u00eft sobre una mola de pedra a m\u00e9s de mil metres d&#8217;altura, el <strong>Castell de Morella<\/strong> \u00e9s una aut\u00e8ntica fortalesa natural, tan bella com impenetrable. De fet, es tracta d&#8217;una de les fortaleses m\u00e9s rellevants de tot el Mediterrani, amb un castell que sembla sortir de la imaginaci\u00f3 de l&#8217;escriptor m\u00e9s fantasi\u00f3s i on es pot passejar per la pla\u00e7a d&#8217;armes, la torre de l&#8217;homenatge, torres de vigil\u00e0ncia i el muse\u00eftzat <strong>Palau del Governador<\/strong>. Aixecat sobre un enclavament ja habitat en el neol\u00edtic, el castell es construeix seguint els preceptes de l&#8217;arquitectura isl\u00e0mica i es reforma durant l&#8217;\u00e8poca medieval. El seu aspecte no enganya: aqu\u00ed s&#8217;han lliurat multitud de batalles i altres episodis hist\u00f2rics de gran inter\u00e8s amb protagonistes tan rellevants com Abderraman III, el Cid, Jaume I, el rei Ferran d&#8217;Antequera, el Papa Lluna, Sant Vicent Ferrer, el Pr\u00edncep de Viana i el General Cabrera. I \u00e9s que, malgrat ser un nucli amb pocs habitants, el poble de Morella ha estat un enclavament de gran import\u00e0ncia geopol\u00edtica al llarg dels segles &#8211; especialment durant l&#8217;\u00e8poca de la Corona d&#8217;Arag\u00f3 -.     <\/p>\t\t\t\t\t\t\t\t<\/div>\n\t\t\t\t<\/div>\n\t\t<div class=\"elementor-element elementor-element-371e943 e-con-full e-flex e-con e-child\" data-id=\"371e943\" data-element_type=\"container\" data-e-type=\"container\" data-settings=\"{&quot;background_background&quot;:&quot;classic&quot;,&quot;jet_parallax_layout_list&quot;:[]}\">\n\t\t\t\t<\/div>\n\t\t\t\t<\/div>\n\t\t<div class=\"elementor-element elementor-element-226bb67 e-flex e-con-boxed e-con e-parent\" data-id=\"226bb67\" data-element_type=\"container\" data-e-type=\"container\" data-settings=\"{&quot;background_background&quot;:&quot;classic&quot;,&quot;jet_parallax_layout_list&quot;:[]}\">\n\t\t\t\t\t<div class=\"e-con-inner\">\n\t\t<div class=\"elementor-element elementor-element-36b5c23 e-con-full e-flex e-con e-child\" data-id=\"36b5c23\" data-element_type=\"container\" data-e-type=\"container\" data-settings=\"{&quot;jet_parallax_layout_list&quot;:[]}\">\n\t\t\t\t<div class=\"elementor-element elementor-element-b3fb04b elementor-widget elementor-widget-text-editor\" data-id=\"b3fb04b\" data-element_type=\"widget\" data-e-type=\"widget\" data-widget_type=\"text-editor.default\">\n\t\t\t\t\t\t\t\t\t<p>D&#8217;aquest esplendor\u00f3s passat medieval, Morella conserva encara joies com els seus <strong>2 quil\u00f2metres de muralla<\/strong> i el singular <strong>carrer Blasco de Alag\u00f3n<\/strong>, el m\u00e9s caracter\u00edstic de la localitat pels seus porxos medievals de pedra i fusta, i actualment, un dels carrers m\u00e9s animats. Tamb\u00e9 \u00e9s \u00fanica <strong>La Dansa de la Mort<\/strong>, una de les mostres m\u00e9s antigues de l&#8217;art macabre espanyol. Aquestes pintures del segle XV es poden visitar al <strong>Convent de Sant Francesc<\/strong>, un altre imprescindible del municipi juntament amb les dues portes esculpides de la <strong>Bas\u00edlica de Santa Maria la Major<\/strong>. Les <strong>Torres de Sant Miquel<\/strong>, la <strong>Pres\u00f3, <\/strong>l&#8217;<strong>Aq\u00fceducte<\/strong>, o l&#8217;<strong>Ajuntament i les seves sales g\u00f2tiques<\/strong> s\u00f3n altres dels innumerables atractius de Morella.   <\/p><p> <\/p><p>I \u00e9s que Morella \u00e9s bonica, molt bonica. Tant, que ha estat reconeguda com un dels Pobles m\u00e9s bonics d&#8217;Espanya i un dels 44 millors pobles tur\u00edstics del m\u00f3n (segons l&#8217;OMT). Per\u00f2 Morella tamb\u00e9 \u00e9s interessant, molt interessant. Un enclavament \u00fanic on deixar-se portar per un present ple d&#8217;encant i un passat que no solament ens aturar\u00e0 en l&#8217;\u00e8poca medieval, sin\u00f3 que ens proposa viatjar molt m\u00e9s enll\u00e0 en el temps, convidant-nos a descobrir restes dels primers pobladors a trav\u00e9s de les <strong>Pintures Rupestres de Morella la Vella<\/strong> i el museu <strong>Temps de Dinosaures<\/strong>, on con\u00e8ixer un dels ve\u00efns m\u00e9s singulars del municipi: l&#8217;Iguanodon, el dinosaure m\u00e9s prol\u00edfic a la zona.    <\/p>\t\t\t\t\t\t\t\t<\/div>\n\t\t\t\t<\/div>\n\t\t\t\t\t<\/div>\n\t\t\t\t<\/div>\n\t\t<div class=\"elementor-element elementor-element-d6de835 e-flex e-con-boxed e-con e-parent\" data-id=\"d6de835\" data-element_type=\"container\" data-e-type=\"container\" data-settings=\"{&quot;jet_parallax_layout_list&quot;:[]}\">\n\t\t\t\t\t<div class=\"e-con-inner\">\n\t\t<div class=\"elementor-element elementor-element-512db97 e-con-full e-flex e-con e-child\" data-id=\"512db97\" data-element_type=\"container\" data-e-type=\"container\" data-settings=\"{&quot;jet_parallax_layout_list&quot;:[]}\">\n\t\t\t\t<div class=\"elementor-element elementor-element-d7e850b elementor-widget elementor-widget-heading\" data-id=\"d7e850b\" data-element_type=\"widget\" data-e-type=\"widget\" data-widget_type=\"heading.default\">\n\t\t\t\t\t<h3 class=\"elementor-heading-title elementor-size-default\">El Sexenni, unes festes de bellesa singular<\/h3>\t\t\t\t<\/div>\n\t\t\t\t<div class=\"elementor-element elementor-element-caac9cd elementor-widget elementor-widget-text-editor\" data-id=\"caac9cd\" data-element_type=\"widget\" data-e-type=\"widget\" data-widget_type=\"text-editor.default\">\n\t\t\t\t\t\t\t\t\t<p>Per\u00f2 si parlem de Morella, \u00e9s imprescindible fer-ho tamb\u00e9 de les <strong>Festes del Sexenni<\/strong>, una singular celebraci\u00f3 que se celebra de 6 en 6 anys i durant la segona quinzena d&#8217;agost per agrair a la Verge de Vallivana que salv\u00e9s el poble d&#8217;una terrible plaga de pesta l&#8217;any 1672. De fet, \u00e9s l&#8217;arribada d&#8217;aquesta verge al poble, acompanyada per centenars de romers, l&#8217;eix central de la festa. A partir d&#8217;aqu\u00ed se succeeixen processons i balls de complicada execuci\u00f3 que omplen la ciutat de festa i emoci\u00f3 envoltats d&#8217;incre\u00efbles decorats de paper. L&#8217;any 2024 ser\u00e0 any de Sexenni (i el 2030, 2036, 2042\u2026), una celebraci\u00f3 catalogada com a <strong>B\u00e9 d&#8217;Inter\u00e8s Cultural i Festa d&#8217;Inter\u00e8s Tur\u00edstic Nacional<\/strong>. Un any abans del Sexenni i per recordar que aquest s&#8217;acosta, se celebra l&#8217;<strong>Anunci<\/strong>, una divertida batalla on es llancen unes 60 tones de confeti enmig d&#8217;una desfilada d&#8217;incre\u00efbles carrosses, en l&#8217;execuci\u00f3 de les quals s&#8217;ha treballat durant tot un any.    <\/p><p>La celebraci\u00f3 de Sant Antoni (her\u00e8ncia pagana de la festa del foc) \u00e9s una de les moltes propostes que recorden l&#8217;esplendor\u00f3s passat medieval del municipi, com tamb\u00e9 ho s\u00f3n les festes del <strong>Corpus<\/strong>; l&#8217;<strong>Early Music<\/strong>, un festival de m\u00fasica medieval i renaixentista que se celebra a finals de juliol i que ha assolit rellev\u00e0ncia internacional; i la <strong>Fira Agr\u00edcola i Ramadera<\/strong> (al setembre) que porta m\u00e9s de 750 anys organitzant-se.<\/p>\t\t\t\t\t\t\t\t<\/div>\n\t\t\t\t<\/div>\n\t\t<div class=\"elementor-element elementor-element-ed91b60 e-con-full e-flex e-con e-child\" data-id=\"ed91b60\" data-element_type=\"container\" data-e-type=\"container\" data-settings=\"{&quot;background_background&quot;:&quot;classic&quot;,&quot;jet_parallax_layout_list&quot;:[]}\">\n\t\t\t\t<\/div>\n\t\t\t\t\t<\/div>\n\t\t\t\t<\/div>\n\t\t<div class=\"elementor-element elementor-element-a353f7e e-con-full e-flex e-con e-parent\" data-id=\"a353f7e\" data-element_type=\"container\" data-e-type=\"container\" data-settings=\"{&quot;jet_parallax_layout_list&quot;:[]}\">\n\t\t<div class=\"elementor-element elementor-element-beaf70b e-con-full e-flex e-con e-child\" data-id=\"beaf70b\" data-element_type=\"container\" data-e-type=\"container\" data-settings=\"{&quot;background_background&quot;:&quot;classic&quot;,&quot;jet_parallax_layout_list&quot;:[]}\">\n\t\t\t\t<\/div>\n\t\t<div class=\"elementor-element elementor-element-c305f1c e-con-full e-flex e-con e-child\" data-id=\"c305f1c\" data-element_type=\"container\" data-e-type=\"container\" data-settings=\"{&quot;background_background&quot;:&quot;classic&quot;,&quot;jet_parallax_layout_list&quot;:[]}\">\n\t\t\t\t<div class=\"elementor-element elementor-element-25cff0c elementor-widget elementor-widget-heading\" data-id=\"25cff0c\" data-element_type=\"widget\" data-e-type=\"widget\" data-widget_type=\"heading.default\">\n\t\t\t\t\t<h3 class=\"elementor-heading-title elementor-size-default\">Passejos per a tranquils i valents<\/h3>\t\t\t\t<\/div>\n\t\t\t\t<div class=\"elementor-element elementor-element-3ea7edb elementor-widget elementor-widget-text-editor\" data-id=\"3ea7edb\" data-element_type=\"widget\" data-e-type=\"widget\" data-widget_type=\"text-editor.default\">\n\t\t\t\t\t\t\t\t\t<p>Despr\u00e9s de tant trasbals, pot ser que al visitant li vingui de gust escapar-se a gaudir de la natura. S\u00e0via decisi\u00f3. Els 413&#8217;5 Km2 de terme municipal ofereixen la possibilitat de perdre&#8217;s entre boscos de pins, carrascars i flora mediterr\u00e0nia, com els que es poden veure visitant la <strong>muntanya de Pereroles<\/strong>. Els m\u00e9s aventurers, podran pujar a les seves bicicletes i gaudir dels camins recuperats i adaptats per <strong>Morella Singletracks<\/strong>, mentre que aquells que no vulguin allunyar-se del nucli urb\u00e0 podran gaudir del <strong>Passeig de l&#8217;Alameda<\/strong>, una ruta urbana i accessible que enlla\u00e7a la Porta dels Estudis amb la Porta de la Nevera i que ofereix unes magn\u00edfiques vistes al castell i a les muntanyes del mass\u00eds d&#8217;Els Ports.   <\/p><p>Despr\u00e9s de tanta caminada, un \u00faltim imprescindible: assegueu-vos a taula i descobriu per qu\u00e8 Morella s&#8217;ha convertit en el lloc ideal per gaudir de la t\u00f2fona negra. I \u00e9s que no podem acabar aquesta presentaci\u00f3 sense donar-vos el millor dels consells\u2026 oblideu-vos del pl\u00e0nol i sortiu a carrejar sense rumb per un poble on la m\u00e0gia s&#8217;amaga darrere de cada cantonada! <\/p>\t\t\t\t\t\t\t\t<\/div>\n\t\t\t\t<\/div>\n\t\t\t\t<\/div>\n\t\t<div class=\"elementor-element elementor-element-c5cf243 e-flex e-con-boxed e-con e-parent\" data-id=\"c5cf243\" data-element_type=\"container\" data-e-type=\"container\" data-settings=\"{&quot;jet_parallax_layout_list&quot;:[]}\">\n\t\t\t\t\t<div class=\"e-con-inner\">\n\t\t<div class=\"elementor-element elementor-element-3979ad1 e-con-full e-flex e-con e-child\" data-id=\"3979ad1\" data-element_type=\"container\" data-e-type=\"container\" data-settings=\"{&quot;background_background&quot;:&quot;classic&quot;,&quot;jet_parallax_layout_list&quot;:[]}\">\n\t\t\t\t<div class=\"elementor-element elementor-element-5418854 elementor-widget elementor-widget-heading\" data-id=\"5418854\" data-element_type=\"widget\" data-e-type=\"widget\" data-widget_type=\"heading.default\">\n\t\t\t\t\t<h4 class=\"elementor-heading-title elementor-size-default\"><a href=\"https:\/\/ruta3reis.tortosaturisme.cat\/3-etapas-3-identidades\/alcaniz\/\">&lt; Alcany\u00eds<\/a><\/h4>\t\t\t\t<\/div>\n\t\t\t\t<\/div>\n\t\t<div class=\"elementor-element elementor-element-64416e6 e-con-full e-flex e-con e-child\" data-id=\"64416e6\" data-element_type=\"container\" data-e-type=\"container\" data-settings=\"{&quot;background_background&quot;:&quot;classic&quot;,&quot;jet_parallax_layout_list&quot;:[]}\">\n\t\t\t\t<div class=\"elementor-element elementor-element-48ddba9 elementor-widget elementor-widget-heading\" data-id=\"48ddba9\" data-element_type=\"widget\" data-e-type=\"widget\" data-widget_type=\"heading.default\">\n\t\t\t\t\t<h4 class=\"elementor-heading-title elementor-size-default\"><a href=\"https:\/\/ruta3reis.tortosaturisme.cat\/3-etapas-3-identidades\/tortosa\/\">Tortosa &gt;<\/a><\/h4>\t\t\t\t<\/div>\n\t\t\t\t<\/div>\n\t\t\t\t\t<\/div>\n\t\t\t\t<\/div>\n\t\t<div class=\"elementor-element elementor-element-988f01a e-flex e-con-boxed e-con e-parent\" data-id=\"988f01a\" data-element_type=\"container\" data-e-type=\"container\" data-settings=\"{&quot;jet_parallax_layout_list&quot;:[]}\">\n\t\t\t\t\t<div class=\"e-con-inner\">\n\t\t<div class=\"elementor-element elementor-element-2b0e110 e-con-full e-flex e-con e-child\" data-id=\"2b0e110\" data-element_type=\"container\" data-e-type=\"container\" data-settings=\"{&quot;jet_parallax_layout_list&quot;:[]}\">\n\t\t<div class=\"elementor-element elementor-element-3679974 e-con-full e-flex elementor-invisible e-con e-child\" data-id=\"3679974\" data-element_type=\"container\" data-e-type=\"container\" data-settings=\"{&quot;animation&quot;:&quot;fadeIn&quot;,&quot;animation_delay&quot;:200,&quot;jet_parallax_layout_list&quot;:[]}\">\n\t\t\t\t<div class=\"elementor-element elementor-element-7e17253 elementor-widget elementor-widget-image\" data-id=\"7e17253\" data-element_type=\"widget\" data-e-type=\"widget\" data-widget_type=\"image.default\">\n\t\t\t\t\t\t\t\t\t\t\t\t\t\t\t<img fetchpriority=\"high\" decoding=\"async\" width=\"346\" height=\"361\" src=\"https:\/\/ruta3reis.tortosaturisme.cat\/wp-content\/uploads\/2026\/02\/Recurso-2@3x2.png\" class=\"attachment-large size-large wp-image-714\" alt=\"Icona naturalesa\" srcset=\"https:\/\/ruta3reis.tortosaturisme.cat\/wp-content\/uploads\/2026\/02\/Recurso-2@3x2.png 346w, https:\/\/ruta3reis.tortosaturisme.cat\/wp-content\/uploads\/2026\/02\/Recurso-2@3x2-288x300.png 288w\" sizes=\"(max-width: 346px) 100vw, 346px\" \/>\t\t\t\t\t\t\t\t\t\t\t\t\t\t\t<\/div>\n\t\t<div class=\"elementor-element elementor-element-f6be849 e-con-full e-flex e-con e-child\" data-id=\"f6be849\" data-element_type=\"container\" data-e-type=\"container\" data-settings=\"{&quot;jet_parallax_layout_list&quot;:[]}\">\n\t\t\t\t<div class=\"elementor-element elementor-element-a345154 elementor-widget elementor-widget-heading\" data-id=\"a345154\" data-element_type=\"widget\" data-e-type=\"widget\" data-widget_type=\"heading.default\">\n\t\t\t\t\t<h3 class=\"elementor-heading-title elementor-size-default\">Natura<\/h3>\t\t\t\t<\/div>\n\t\t\t\t<div class=\"elementor-element elementor-element-d870341 elementor-widget elementor-widget-text-editor\" data-id=\"d870341\" data-element_type=\"widget\" data-e-type=\"widget\" data-widget_type=\"text-editor.default\">\n\t\t\t\t\t\t\t\t\t<p>Ruta 3 Reis al natural<\/p>\t\t\t\t\t\t\t\t<\/div>\n\t\t\t\t<\/div>\n\t\t\t\t<div class=\"elementor-element elementor-element-46ca2fd elementor-align-center elementor-widget elementor-widget-button\" data-id=\"46ca2fd\" data-element_type=\"widget\" data-e-type=\"widget\" data-widget_type=\"button.default\">\n\t\t\t\t\t\t\t\t\t\t<a class=\"elementor-button elementor-button-link elementor-size-sm\" href=\"https:\/\/ruta3reis.tortosaturisme.cat\/ca\/la-ruta-3-reis\/\">\n\t\t\t\t\t\t<span class=\"elementor-button-content-wrapper\">\n\t\t\t\t\t\t\t\t\t<span class=\"elementor-button-text\">Descobreix-la<\/span>\n\t\t\t\t\t<\/span>\n\t\t\t\t\t<\/a>\n\t\t\t\t\t\t\t\t<\/div>\n\t\t\t\t<\/div>\n\t\t<div class=\"elementor-element elementor-element-e7799ef e-con-full e-flex elementor-invisible e-con e-child\" data-id=\"e7799ef\" data-element_type=\"container\" data-e-type=\"container\" data-settings=\"{&quot;animation&quot;:&quot;fadeIn&quot;,&quot;animation_delay&quot;:400,&quot;jet_parallax_layout_list&quot;:[]}\">\n\t\t\t\t<div class=\"elementor-element elementor-element-60d9577 elementor-widget elementor-widget-image\" data-id=\"60d9577\" data-element_type=\"widget\" data-e-type=\"widget\" data-widget_type=\"image.default\">\n\t\t\t\t\t\t\t\t\t\t\t\t\t\t\t<img decoding=\"async\" width=\"351\" height=\"361\" src=\"https:\/\/ruta3reis.tortosaturisme.cat\/wp-content\/uploads\/2026\/02\/Recurso-1@3x2.png\" class=\"attachment-large size-large wp-image-715\" alt=\"Icona taula\" srcset=\"https:\/\/ruta3reis.tortosaturisme.cat\/wp-content\/uploads\/2026\/02\/Recurso-1@3x2.png 351w, https:\/\/ruta3reis.tortosaturisme.cat\/wp-content\/uploads\/2026\/02\/Recurso-1@3x2-292x300.png 292w\" sizes=\"(max-width: 351px) 100vw, 351px\" \/>\t\t\t\t\t\t\t\t\t\t\t\t\t\t\t<\/div>\n\t\t<div class=\"elementor-element elementor-element-930cec4 e-con-full e-flex e-con e-child\" data-id=\"930cec4\" data-element_type=\"container\" data-e-type=\"container\" data-settings=\"{&quot;jet_parallax_layout_list&quot;:[]}\">\n\t\t\t\t<div class=\"elementor-element elementor-element-3ead3c1 elementor-widget elementor-widget-heading\" data-id=\"3ead3c1\" data-element_type=\"widget\" data-e-type=\"widget\" data-widget_type=\"heading.default\">\n\t\t\t\t\t<h3 class=\"elementor-heading-title elementor-size-default\">Gastronomia<\/h3>\t\t\t\t<\/div>\n\t\t\t\t<div class=\"elementor-element elementor-element-4ff21eb elementor-widget elementor-widget-text-editor\" data-id=\"4ff21eb\" data-element_type=\"widget\" data-e-type=\"widget\" data-widget_type=\"text-editor.default\">\n\t\t\t\t\t\t\t\t\t<p>El sabor de la Ruta 3 Reis<\/p>\t\t\t\t\t\t\t\t<\/div>\n\t\t\t\t<\/div>\n\t\t\t\t<div class=\"elementor-element elementor-element-736d963 elementor-align-center elementor-widget elementor-widget-button\" data-id=\"736d963\" data-element_type=\"widget\" data-e-type=\"widget\" data-widget_type=\"button.default\">\n\t\t\t\t\t\t\t\t\t\t<a class=\"elementor-button elementor-button-link elementor-size-sm\" href=\"https:\/\/ruta3reis.tortosaturisme.cat\/ca\/la-ruta-3-reis\/el-sabor-de-la-ruta\/\">\n\t\t\t\t\t\t<span class=\"elementor-button-content-wrapper\">\n\t\t\t\t\t\t\t\t\t<span class=\"elementor-button-text\">Descobreix-la<\/span>\n\t\t\t\t\t<\/span>\n\t\t\t\t\t<\/a>\n\t\t\t\t\t\t\t\t<\/div>\n\t\t\t\t<\/div>\n\t\t<div class=\"elementor-element elementor-element-bc43551 e-con-full e-flex elementor-invisible e-con e-child\" data-id=\"bc43551\" data-element_type=\"container\" data-e-type=\"container\" data-settings=\"{&quot;animation&quot;:&quot;fadeIn&quot;,&quot;animation_delay&quot;:600,&quot;jet_parallax_layout_list&quot;:[]}\">\n\t\t\t\t<div class=\"elementor-element elementor-element-d989d51 elementor-widget elementor-widget-image\" data-id=\"d989d51\" data-element_type=\"widget\" data-e-type=\"widget\" data-widget_type=\"image.default\">\n\t\t\t\t\t\t\t\t\t\t\t\t\t\t\t<img decoding=\"async\" width=\"373\" height=\"361\" src=\"https:\/\/ruta3reis.tortosaturisme.cat\/wp-content\/uploads\/2026\/02\/Recurso-3@3x2.png\" class=\"attachment-large size-large wp-image-716\" alt=\"\" srcset=\"https:\/\/ruta3reis.tortosaturisme.cat\/wp-content\/uploads\/2026\/02\/Recurso-3@3x2.png 373w, https:\/\/ruta3reis.tortosaturisme.cat\/wp-content\/uploads\/2026\/02\/Recurso-3@3x2-300x290.png 300w\" sizes=\"(max-width: 373px) 100vw, 373px\" \/>\t\t\t\t\t\t\t\t\t\t\t\t\t\t\t<\/div>\n\t\t<div class=\"elementor-element elementor-element-39aadd8 e-con-full e-flex e-con e-child\" data-id=\"39aadd8\" data-element_type=\"container\" data-e-type=\"container\" data-settings=\"{&quot;jet_parallax_layout_list&quot;:[]}\">\n\t\t\t\t<div class=\"elementor-element elementor-element-ed141ba elementor-widget elementor-widget-heading\" data-id=\"ed141ba\" data-element_type=\"widget\" data-e-type=\"widget\" data-widget_type=\"heading.default\">\n\t\t\t\t\t<h3 class=\"elementor-heading-title elementor-size-default\">Festes i festivitats<\/h3>\t\t\t\t<\/div>\n\t\t\t\t<div class=\"elementor-element elementor-element-902ea1b elementor-widget elementor-widget-text-editor\" data-id=\"902ea1b\" data-element_type=\"widget\" data-e-type=\"widget\" data-widget_type=\"text-editor.default\">\n\t\t\t\t\t\t\t\t\t<p>Festes d&#8217;Inter\u00e8s Tur\u00edstic Nacional i un intens calendari cultural<\/p>\t\t\t\t\t\t\t\t<\/div>\n\t\t\t\t<\/div>\n\t\t\t\t<div class=\"elementor-element elementor-element-25e45cf elementor-align-center elementor-widget elementor-widget-button\" data-id=\"25e45cf\" data-element_type=\"widget\" data-e-type=\"widget\" data-widget_type=\"button.default\">\n\t\t\t\t\t\t\t\t\t\t<a class=\"elementor-button elementor-button-link elementor-size-sm\" href=\"https:\/\/ruta3reis.tortosaturisme.cat\/ca\/la-ruta-3-reis\/\">\n\t\t\t\t\t\t<span class=\"elementor-button-content-wrapper\">\n\t\t\t\t\t\t\t\t\t<span class=\"elementor-button-text\">Descobreix-la<\/span>\n\t\t\t\t\t<\/span>\n\t\t\t\t\t<\/a>\n\t\t\t\t\t\t\t\t<\/div>\n\t\t\t\t<\/div>\n\t\t\t\t<\/div>\n\t\t\t\t\t<\/div>\n\t\t\t\t<\/div>\n\t\t\t\t<\/div>\n\t\t","protected":false},"excerpt":{"rendered":"<p>La ciutat que va cr\u00e9ixer als peus del castell Morella impressiona ja des de lluny, quan el viatger que s&#8217;acosta a visitar-la albir\u00e0, encara en la dist\u00e0ncia, la monumentalitat del seu impressionant castell. Constru\u00eft sobre una mola de pedra a m\u00e9s de mil metres d&#8217;altura, el Castell de Morella \u00e9s una aut\u00e8ntica fortalesa natural, tan [&hellip;]<\/p>\n","protected":false},"author":1,"featured_media":0,"parent":861,"menu_order":0,"comment_status":"closed","ping_status":"closed","template":"","meta":{"footnotes":""},"class_list":["post-726","page","type-page","status-publish","hentry"],"_links":{"self":[{"href":"https:\/\/ruta3reis.tortosaturisme.cat\/ca\/wp-json\/wp\/v2\/pages\/726","targetHints":{"allow":["GET"]}}],"collection":[{"href":"https:\/\/ruta3reis.tortosaturisme.cat\/ca\/wp-json\/wp\/v2\/pages"}],"about":[{"href":"https:\/\/ruta3reis.tortosaturisme.cat\/ca\/wp-json\/wp\/v2\/types\/page"}],"author":[{"embeddable":true,"href":"https:\/\/ruta3reis.tortosaturisme.cat\/ca\/wp-json\/wp\/v2\/users\/1"}],"replies":[{"embeddable":true,"href":"https:\/\/ruta3reis.tortosaturisme.cat\/ca\/wp-json\/wp\/v2\/comments?post=726"}],"version-history":[{"count":3,"href":"https:\/\/ruta3reis.tortosaturisme.cat\/ca\/wp-json\/wp\/v2\/pages\/726\/revisions"}],"predecessor-version":[{"id":996,"href":"https:\/\/ruta3reis.tortosaturisme.cat\/ca\/wp-json\/wp\/v2\/pages\/726\/revisions\/996"}],"up":[{"embeddable":true,"href":"https:\/\/ruta3reis.tortosaturisme.cat\/ca\/wp-json\/wp\/v2\/pages\/861"}],"wp:attachment":[{"href":"https:\/\/ruta3reis.tortosaturisme.cat\/ca\/wp-json\/wp\/v2\/media?parent=726"}],"curies":[{"name":"wp","href":"https:\/\/api.w.org\/{rel}","templated":true}]}}