{"id":844,"date":"2026-02-05T09:51:39","date_gmt":"2026-02-05T08:51:39","guid":{"rendered":"https:\/\/ruta3reis.tortosaturisme.cat\/alcanyis\/"},"modified":"2026-02-06T21:07:23","modified_gmt":"2026-02-06T20:07:23","slug":"alcanyis","status":"publish","type":"page","link":"https:\/\/ruta3reis.tortosaturisme.cat\/ca\/3-etapes-3-identitats\/alcanyis\/","title":{"rendered":"Alcany\u00eds"},"content":{"rendered":"\t\t<div data-elementor-type=\"wp-page\" data-elementor-id=\"844\" class=\"elementor elementor-844 elementor-29\" data-elementor-post-type=\"page\">\n\t\t\t\t<div class=\"elementor-element elementor-element-6341fdd e-flex e-con-boxed e-con e-parent\" data-id=\"6341fdd\" data-element_type=\"container\" data-e-type=\"container\" data-settings=\"{&quot;jet_parallax_layout_list&quot;:[]}\">\n\t\t\t\t\t<div class=\"e-con-inner\">\n\t\t<div class=\"elementor-element elementor-element-e9cfdec e-con-full e-flex e-con e-child\" data-id=\"e9cfdec\" data-element_type=\"container\" data-e-type=\"container\" data-settings=\"{&quot;jet_parallax_layout_list&quot;:[]}\">\n\t\t\t\t<div class=\"elementor-element elementor-element-dbee56a elementor-widget elementor-widget-heading\" data-id=\"dbee56a\" data-element_type=\"widget\" data-e-type=\"widget\" data-widget_type=\"heading.default\">\n\t\t\t\t\t<h1 class=\"elementor-heading-title elementor-size-default\">Alcany\u00eds<\/h1>\t\t\t\t<\/div>\n\t\t\t\t<\/div>\n\t\t<div class=\"elementor-element elementor-element-9541fa0 e-con-full e-flex e-con e-child\" data-id=\"9541fa0\" data-element_type=\"container\" data-e-type=\"container\" data-settings=\"{&quot;jet_parallax_layout_list&quot;:[]}\">\n\t\t\t\t<div class=\"elementor-element elementor-element-477fd24 elementor-widget elementor-widget-heading\" data-id=\"477fd24\" data-element_type=\"widget\" data-e-type=\"widget\" data-widget_type=\"heading.default\">\n\t\t\t\t\t<h2 class=\"elementor-heading-title elementor-size-default\">Una ciutat que sorpr\u00e8n<\/h2>\t\t\t\t<\/div>\n\t\t\t\t<\/div>\n\t\t<div class=\"elementor-element elementor-element-536df84 e-con-full e-flex e-con e-child\" data-id=\"536df84\" data-element_type=\"container\" data-e-type=\"container\" data-settings=\"{&quot;jet_parallax_layout_list&quot;:[]}\">\n\t\t\t\t<\/div>\n\t\t\t\t\t<\/div>\n\t\t\t\t<\/div>\n\t\t<div class=\"elementor-element elementor-element-f2181cc e-con-full e-flex e-con e-parent\" data-id=\"f2181cc\" data-element_type=\"container\" data-e-type=\"container\" data-settings=\"{&quot;jet_parallax_layout_list&quot;:[]}\">\n\t\t<div class=\"elementor-element elementor-element-2453738 e-con-full e-flex e-con e-child\" data-id=\"2453738\" data-element_type=\"container\" data-e-type=\"container\" data-settings=\"{&quot;jet_parallax_layout_list&quot;:[]}\">\n\t\t\t\t<div class=\"elementor-element elementor-element-fccaf13 elementor-widget elementor-widget-text-editor\" data-id=\"fccaf13\" data-element_type=\"widget\" data-e-type=\"widget\" data-widget_type=\"text-editor.default\">\n\t\t\t\t\t\t\t\t\t<p class=\"p1\">Si els pobles tenen cor, sens dubte, el d&#8217;Alcany\u00eds es troba a la seva <strong>Pla\u00e7a d&#8217;Espanya<\/strong>. I si tenen \u00e0nima, la del municipi brilla amb for\u00e7a a la que \u00e9s la seva pla\u00e7a major. Aqu\u00ed es troben, riuen i brinden els alca\u00f1izans, i aquest \u00e9s el punt de partida per a qualsevol que vulgui con\u00e8ixer aquesta joia medieval de la comarca del Baix Arag\u00f3.  <\/p><p class=\"p1\">De planta irregular, respira hist\u00f2ria per tots els seus costats. Per exemple, s&#8217;hi ubica l&#8217;<strong>Ajuntament<\/strong> de la ciutat, un dels exemples m\u00e9s bells de l&#8217;arquitectura renaixentista aragonesa i que, juntament amb la <strong>Llotja<\/strong> (i els seus tres arcs caracter\u00edstics), van ser declarats Conjunt d&#8217;Inter\u00e8s Hist\u00f2ric-Art\u00edstic ja el 1931. A la mateixa pla\u00e7a hi trobem l&#8217;<strong>Esgl\u00e9sia de Santa Maria la Major<\/strong>, antiga col\u00b7legiata la planta actual de la qual segueix l&#8217;esquema b\u00e0sic del Pilar de Saragossa, cosa que durant l&#8217;\u00e8poca barroca es va popularitzar per tot el Baix Arag\u00f3. La seva <strong>torre de la Conc\u00f2rdia<\/strong> s&#8217;ha convertit en un s\u00edmbol de la ciutat, visitable i que ofereix unes magn\u00edfiques vistes sobre Alcany\u00eds i els seus entorns. Tot i que per molt que pugem, no arribarem a veure un dels elements m\u00e9s caracter\u00edstics de la localitat.    <\/p><p class=\"p1\">Per descobrir-lo cal baixar uns metres sota terra (des de l&#8217;Oficina de Turisme, tamb\u00e9 localitzada a la pla\u00e7a) i posar-se a caminar pels <strong>laberints subterranis de passat medieval<\/strong>, l&#8217;abast real dels quals encara no s&#8217;ha descobert i on es pot visitar una \u201cnevera\u201d que en el passat va servir per emmagatzemar neu i poder \u201cconsumir-la\u201d durant tot l&#8217;any.<\/p>\t\t\t\t\t\t\t\t<\/div>\n\t\t\t\t<\/div>\n\t\t<div class=\"elementor-element elementor-element-e10b896 e-con-full e-flex e-con e-child\" data-id=\"e10b896\" data-element_type=\"container\" data-e-type=\"container\" data-settings=\"{&quot;background_background&quot;:&quot;classic&quot;,&quot;jet_parallax_layout_list&quot;:[]}\">\n\t\t\t\t<\/div>\n\t\t\t\t<\/div>\n\t\t<div class=\"elementor-element elementor-element-3bb12b6 e-flex e-con-boxed e-con e-parent\" data-id=\"3bb12b6\" data-element_type=\"container\" data-e-type=\"container\" data-settings=\"{&quot;background_background&quot;:&quot;classic&quot;,&quot;jet_parallax_layout_list&quot;:[]}\">\n\t\t\t\t\t<div class=\"e-con-inner\">\n\t\t<div class=\"elementor-element elementor-element-77ba639 e-con-full e-flex e-con e-child\" data-id=\"77ba639\" data-element_type=\"container\" data-e-type=\"container\" data-settings=\"{&quot;jet_parallax_layout_list&quot;:[]}\">\n\t\t\t\t<div class=\"elementor-element elementor-element-68b3509 elementor-widget elementor-widget-text-editor\" data-id=\"68b3509\" data-element_type=\"widget\" data-e-type=\"widget\" data-widget_type=\"text-editor.default\">\n\t\t\t\t\t\t\t\t\t<p class=\"p1\">M\u00e9s enll\u00e0 de la pla\u00e7a, tot i que no gaire lluny, hi trobem el <strong>Castell dels Calatravos<\/strong>, una magn\u00edfica construcci\u00f3 que s&#8217;al\u00e7a sobre el tur\u00f3 de Pui Pinos i que ha vigilat la ciutat i el riu Guadalope que la travessa durant segles.<\/p><p class=\"p1\">Constru\u00eft entre els segles XII i XIII, va estar ocupat pels monjos-guerrers de l&#8217;Orde de Calatrava i destaca per la seva torre de l&#8217;homenatge i pels seus frescos g\u00f2tics del segle XIV, singulars per la seva tem\u00e0tica civil, cosa molt escassa en el panorama de la pintura mural g\u00f2tica a la pen\u00ednsula. Actualment, un Parador Nacional ocupa part del recinte. <\/p><p class=\"p1\">La <strong>font dels 72 dolls<\/strong>, l&#8217;Espai Atrium dedicat a la hist\u00f2ria d&#8217;Alcany\u00eds, el muse\u00eftzat <strong>Refugi antiaeri de la Guerra Civil Espanyola<\/strong> (que recorda un episodi sagnant viscut a Alcany\u00eds i amb nombroses v\u00edctimes civils) o el <strong>Centre dels Ibers del Baix Arag\u00f3<\/strong> complementen la intensa proposta cultural, hist\u00f2rica i art\u00edstica de la ciutat. Tot i que si per alguna cosa s&#8217;ha singularitzat Alcany\u00eds ja en temps actuals \u00e9s per la seva afici\u00f3 al motor i un magn\u00edfic empla\u00e7ament on gaudir-ne. Es tracta del gran complex <strong>Motorland<\/strong>, un equipament on gaudir de cites de motociclisme de primer nivell i de la seva excel\u00b7lent proposta arquitect\u00f2nica, signada per l&#8217;estudi del prestigi\u00f3s arquitecte Norman Foster.  <\/p>\t\t\t\t\t\t\t\t<\/div>\n\t\t\t\t<\/div>\n\t\t\t\t\t<\/div>\n\t\t\t\t<\/div>\n\t\t<div class=\"elementor-element elementor-element-86f4b43 e-flex e-con-boxed e-con e-parent\" data-id=\"86f4b43\" data-element_type=\"container\" data-e-type=\"container\" data-settings=\"{&quot;jet_parallax_layout_list&quot;:[]}\">\n\t\t\t\t\t<div class=\"e-con-inner\">\n\t\t<div class=\"elementor-element elementor-element-15416f9 e-con-full e-flex e-con e-child\" data-id=\"15416f9\" data-element_type=\"container\" data-e-type=\"container\" data-settings=\"{&quot;jet_parallax_layout_list&quot;:[]}\">\n\t\t\t\t<div class=\"elementor-element elementor-element-8036910 elementor-widget elementor-widget-heading\" data-id=\"8036910\" data-element_type=\"widget\" data-e-type=\"widget\" data-widget_type=\"heading.default\">\n\t\t\t\t\t<h3 class=\"elementor-heading-title elementor-size-default\">Alcany\u00eds, naturalment sorprenent<\/h3>\t\t\t\t<\/div>\n\t\t\t\t<div class=\"elementor-element elementor-element-4bb4634 elementor-widget elementor-widget-text-editor\" data-id=\"4bb4634\" data-element_type=\"widget\" data-e-type=\"widget\" data-widget_type=\"text-editor.default\">\n\t\t\t\t\t\t\t\t\t<p>A nivell natural, Alcany\u00eds tamb\u00e9 sorpr\u00e8n. Ho fa amb dos paratges diferents per\u00f2 propers. El primer, el de <strong>Les Salades<\/strong>, un conjunt de 30 cubetes d&#8217;aigua amb una alt\u00edssima concentraci\u00f3 de sal que constitueixen un magn\u00edfic exemple d&#8217;un fenomen repetit al Baix Arag\u00f3, per\u00f2 pr\u00e0cticament \u00fanic a Europa: el de les llacunes salades. Aquest fenomen s&#8217;explica en recordar que fa milions d&#8217;anys, la pen\u00ednsula ib\u00e8rica estava coberta per mar. Ara, aquestes cubetes s&#8217;omplen de manera estacional amb aigua provinent del subs\u00f2l, oferint refrescants llacunes quan estan plenes i un singular paisatge lunar quan es buiden. Actualment, el paisatge \u00e0rid propi d&#8217;aquest fenomen conviu amb noves zones d&#8217;hortes i regadiu, molt properes a l&#8217;<strong>embassament de l&#8217;Estanca<\/strong>, un dels paisatges m\u00e9s bonics d&#8217;Alcany\u00eds i un magn\u00edfic lloc on gaudir de la pesca, el cicloturisme, el senderisme, l&#8217;equitaci\u00f3 i els esports n\u00e0utics no contaminants.     <\/p><p>Tant l&#8217;Estanca com les Salades es converteixen tamb\u00e9 en un imprescindible per a aquells visitants amants de l&#8217;observaci\u00f3 d&#8217;aus i estan unides per una ruta per fer a peu o amb bici promoguda per l&#8217;Ajuntament d&#8217;Alcany\u00eds. Tamb\u00e9 el Consistori ha participat en la creaci\u00f3 d&#8217;<strong>Alcany\u00eds Rutea<\/strong>, una eina per con\u00e8ixer la localitat a trav\u00e9s de les seves sendes i camins, i amb 11 rutes inicials senyalitzades amb les quals descobrir la natura, per\u00f2 tamb\u00e9 la hist\u00f2ria del municipi. <\/p>\t\t\t\t\t\t\t\t<\/div>\n\t\t\t\t<\/div>\n\t\t<div class=\"elementor-element elementor-element-e168329 e-con-full e-flex e-con e-child\" data-id=\"e168329\" data-element_type=\"container\" data-e-type=\"container\" data-settings=\"{&quot;background_background&quot;:&quot;classic&quot;,&quot;jet_parallax_layout_list&quot;:[]}\">\n\t\t\t\t<\/div>\n\t\t\t\t\t<\/div>\n\t\t\t\t<\/div>\n\t\t<div class=\"elementor-element elementor-element-e96dbb6 e-con-full e-flex e-con e-parent\" data-id=\"e96dbb6\" data-element_type=\"container\" data-e-type=\"container\" data-settings=\"{&quot;jet_parallax_layout_list&quot;:[]}\">\n\t\t<div class=\"elementor-element elementor-element-9438d61 e-con-full e-flex e-con e-child\" data-id=\"9438d61\" data-element_type=\"container\" data-e-type=\"container\" data-settings=\"{&quot;background_background&quot;:&quot;classic&quot;,&quot;jet_parallax_layout_list&quot;:[]}\">\n\t\t\t\t<\/div>\n\t\t<div class=\"elementor-element elementor-element-8847b94 e-con-full e-flex e-con e-child\" data-id=\"8847b94\" data-element_type=\"container\" data-e-type=\"container\" data-settings=\"{&quot;background_background&quot;:&quot;classic&quot;,&quot;jet_parallax_layout_list&quot;:[]}\">\n\t\t\t\t<div class=\"elementor-element elementor-element-d18c4d9 elementor-widget elementor-widget-heading\" data-id=\"d18c4d9\" data-element_type=\"widget\" data-e-type=\"widget\" data-widget_type=\"heading.default\">\n\t\t\t\t\t<h3 class=\"elementor-heading-title elementor-size-default\">Una Setmana Santa declarada d'Inter\u00e8s Tur\u00edstic Nacional<\/h3>\t\t\t\t<\/div>\n\t\t\t\t<div class=\"elementor-element elementor-element-761c0e6 elementor-widget elementor-widget-text-editor\" data-id=\"761c0e6\" data-element_type=\"widget\" data-e-type=\"widget\" data-widget_type=\"text-editor.default\">\n\t\t\t\t\t\t\t\t\t<p>I si sempre \u00e9s una bona idea visitar Alcany\u00eds, encara \u00e9s m\u00e9s especial fer-ho durant la celebraci\u00f3 de la <strong>Setmana Santa<\/strong>. Una festivitat que a la localitat es caracteritza pel retumb de los <strong>tambors<\/strong> i el blau de la t\u00fanica dels confrares, per\u00f2 sobretot per ser uns dies en qu\u00e8 tots els habitants surten al carrer i col\u00b7laboren d&#8217;una manera o altra en una tradici\u00f3 que ha estat <strong>declarada Festa d&#8217;Inter\u00e8s Tur\u00edstic Nacional<\/strong>. La Setmana Santa d&#8217;Alcany\u00eds pertany a la Ruta del Tambor i del Bombo del Baix Arag\u00f3. Una altra data imprescindible al calendari de la ciutat \u00e9s el dia de Sant Jordi (23 d&#8217;abril), quan se celebra l&#8217;espectacle del <strong>Venciment del drac<\/strong> i quan els hortolans, seguint la tradici\u00f3, regalen a la seva estimada el ram del benvoler, un ram de flors silvestres. Durant el mes de febrer, Alcany\u00eds viatja al segle XV amb les recreacions hist\u00f2riques de les <strong>Festes de la Conc\u00f2rdia<\/strong>.      <\/p>\t\t\t\t\t\t\t\t<\/div>\n\t\t\t\t<\/div>\n\t\t\t\t<\/div>\n\t\t<div class=\"elementor-element elementor-element-d634baf e-flex e-con-boxed e-con e-parent\" data-id=\"d634baf\" data-element_type=\"container\" data-e-type=\"container\" data-settings=\"{&quot;jet_parallax_layout_list&quot;:[]}\">\n\t\t\t\t\t<div class=\"e-con-inner\">\n\t\t<div class=\"elementor-element elementor-element-618cf73 e-con-full e-flex e-con e-child\" data-id=\"618cf73\" data-element_type=\"container\" data-e-type=\"container\" data-settings=\"{&quot;background_background&quot;:&quot;classic&quot;,&quot;jet_parallax_layout_list&quot;:[]}\">\n\t\t\t\t<div class=\"elementor-element elementor-element-2d501f8 elementor-widget elementor-widget-heading\" data-id=\"2d501f8\" data-element_type=\"widget\" data-e-type=\"widget\" data-widget_type=\"heading.default\">\n\t\t\t\t\t<h4 class=\"elementor-heading-title elementor-size-default\"><a href=\"https:\/\/ruta3reis.tortosaturisme.cat\/3-etapas-3-identidades\/morella\/\">&lt; Morella<\/a><\/h4>\t\t\t\t<\/div>\n\t\t\t\t<\/div>\n\t\t<div class=\"elementor-element elementor-element-df3eb85 e-con-full e-flex e-con e-child\" data-id=\"df3eb85\" data-element_type=\"container\" data-e-type=\"container\" data-settings=\"{&quot;background_background&quot;:&quot;classic&quot;,&quot;jet_parallax_layout_list&quot;:[]}\">\n\t\t\t\t<div class=\"elementor-element elementor-element-9622e4f elementor-widget elementor-widget-heading\" data-id=\"9622e4f\" data-element_type=\"widget\" data-e-type=\"widget\" data-widget_type=\"heading.default\">\n\t\t\t\t\t<h4 class=\"elementor-heading-title elementor-size-default\"><a href=\"https:\/\/ruta3reis.tortosaturisme.cat\/3-etapas-3-identidades\/tortosa\/\">Tortosa &gt;<\/a><\/h4>\t\t\t\t<\/div>\n\t\t\t\t<\/div>\n\t\t\t\t\t<\/div>\n\t\t\t\t<\/div>\n\t\t<div class=\"elementor-element elementor-element-399f426 e-flex e-con-boxed e-con e-parent\" data-id=\"399f426\" data-element_type=\"container\" data-e-type=\"container\" data-settings=\"{&quot;jet_parallax_layout_list&quot;:[]}\">\n\t\t\t\t\t<div class=\"e-con-inner\">\n\t\t<div class=\"elementor-element elementor-element-de23137 e-con-full e-flex e-con e-child\" data-id=\"de23137\" data-element_type=\"container\" data-e-type=\"container\" data-settings=\"{&quot;jet_parallax_layout_list&quot;:[]}\">\n\t\t<div class=\"elementor-element elementor-element-f0fcdde e-con-full e-flex elementor-invisible e-con e-child\" data-id=\"f0fcdde\" data-element_type=\"container\" data-e-type=\"container\" data-settings=\"{&quot;animation&quot;:&quot;fadeIn&quot;,&quot;animation_delay&quot;:200,&quot;jet_parallax_layout_list&quot;:[]}\">\n\t\t\t\t<div class=\"elementor-element elementor-element-e668a05 elementor-widget elementor-widget-image\" data-id=\"e668a05\" data-element_type=\"widget\" data-e-type=\"widget\" data-widget_type=\"image.default\">\n\t\t\t\t\t\t\t\t\t\t\t\t\t\t\t<img fetchpriority=\"high\" decoding=\"async\" width=\"346\" height=\"361\" src=\"https:\/\/ruta3reis.tortosaturisme.cat\/wp-content\/uploads\/2026\/02\/Recurso-2@3x2.png\" class=\"attachment-large size-large wp-image-714\" alt=\"Icona naturalesa\" srcset=\"https:\/\/ruta3reis.tortosaturisme.cat\/wp-content\/uploads\/2026\/02\/Recurso-2@3x2.png 346w, https:\/\/ruta3reis.tortosaturisme.cat\/wp-content\/uploads\/2026\/02\/Recurso-2@3x2-288x300.png 288w\" sizes=\"(max-width: 346px) 100vw, 346px\" \/>\t\t\t\t\t\t\t\t\t\t\t\t\t\t\t<\/div>\n\t\t<div class=\"elementor-element elementor-element-8f0564b e-con-full e-flex e-con e-child\" data-id=\"8f0564b\" data-element_type=\"container\" data-e-type=\"container\" data-settings=\"{&quot;jet_parallax_layout_list&quot;:[]}\">\n\t\t\t\t<div class=\"elementor-element elementor-element-cc6d387 elementor-widget elementor-widget-heading\" data-id=\"cc6d387\" data-element_type=\"widget\" data-e-type=\"widget\" data-widget_type=\"heading.default\">\n\t\t\t\t\t<h3 class=\"elementor-heading-title elementor-size-default\">Naturalesa<\/h3>\t\t\t\t<\/div>\n\t\t\t\t<div class=\"elementor-element elementor-element-682f836 elementor-widget elementor-widget-text-editor\" data-id=\"682f836\" data-element_type=\"widget\" data-e-type=\"widget\" data-widget_type=\"text-editor.default\">\n\t\t\t\t\t\t\t\t\t<p>Ruta 3 Reis al natural<\/p>\t\t\t\t\t\t\t\t<\/div>\n\t\t\t\t<\/div>\n\t\t\t\t<div class=\"elementor-element elementor-element-e7017b7 elementor-align-center elementor-widget elementor-widget-button\" data-id=\"e7017b7\" data-element_type=\"widget\" data-e-type=\"widget\" data-widget_type=\"button.default\">\n\t\t\t\t\t\t\t\t\t\t<a class=\"elementor-button elementor-button-link elementor-size-sm\" href=\"https:\/\/ruta3reis.tortosaturisme.cat\/ca\/la-ruta-3-reis\/\">\n\t\t\t\t\t\t<span class=\"elementor-button-content-wrapper\">\n\t\t\t\t\t\t\t\t\t<span class=\"elementor-button-text\">Descobreix-la<\/span>\n\t\t\t\t\t<\/span>\n\t\t\t\t\t<\/a>\n\t\t\t\t\t\t\t\t<\/div>\n\t\t\t\t<\/div>\n\t\t<div class=\"elementor-element elementor-element-1e691f4 e-con-full e-flex elementor-invisible e-con e-child\" data-id=\"1e691f4\" data-element_type=\"container\" data-e-type=\"container\" data-settings=\"{&quot;animation&quot;:&quot;fadeIn&quot;,&quot;animation_delay&quot;:400,&quot;jet_parallax_layout_list&quot;:[]}\">\n\t\t\t\t<div class=\"elementor-element elementor-element-33ea3ff elementor-widget elementor-widget-image\" data-id=\"33ea3ff\" data-element_type=\"widget\" data-e-type=\"widget\" data-widget_type=\"image.default\">\n\t\t\t\t\t\t\t\t\t\t\t\t\t\t\t<img decoding=\"async\" width=\"351\" height=\"361\" src=\"https:\/\/ruta3reis.tortosaturisme.cat\/wp-content\/uploads\/2026\/02\/Recurso-1@3x2.png\" class=\"attachment-large size-large wp-image-715\" alt=\"Icona taula\" srcset=\"https:\/\/ruta3reis.tortosaturisme.cat\/wp-content\/uploads\/2026\/02\/Recurso-1@3x2.png 351w, https:\/\/ruta3reis.tortosaturisme.cat\/wp-content\/uploads\/2026\/02\/Recurso-1@3x2-292x300.png 292w\" sizes=\"(max-width: 351px) 100vw, 351px\" \/>\t\t\t\t\t\t\t\t\t\t\t\t\t\t\t<\/div>\n\t\t<div class=\"elementor-element elementor-element-1b2bfc0 e-con-full e-flex e-con e-child\" data-id=\"1b2bfc0\" data-element_type=\"container\" data-e-type=\"container\" data-settings=\"{&quot;jet_parallax_layout_list&quot;:[]}\">\n\t\t\t\t<div class=\"elementor-element elementor-element-826914e elementor-widget elementor-widget-heading\" data-id=\"826914e\" data-element_type=\"widget\" data-e-type=\"widget\" data-widget_type=\"heading.default\">\n\t\t\t\t\t<h3 class=\"elementor-heading-title elementor-size-default\">Gastronomia<\/h3>\t\t\t\t<\/div>\n\t\t\t\t<div class=\"elementor-element elementor-element-6af34bf elementor-widget elementor-widget-text-editor\" data-id=\"6af34bf\" data-element_type=\"widget\" data-e-type=\"widget\" data-widget_type=\"text-editor.default\">\n\t\t\t\t\t\t\t\t\t<p>El sabor de la Ruta 3 Reis<\/p>\t\t\t\t\t\t\t\t<\/div>\n\t\t\t\t<\/div>\n\t\t\t\t<div class=\"elementor-element elementor-element-b112afc elementor-align-center elementor-widget elementor-widget-button\" data-id=\"b112afc\" data-element_type=\"widget\" data-e-type=\"widget\" data-widget_type=\"button.default\">\n\t\t\t\t\t\t\t\t\t\t<a class=\"elementor-button elementor-button-link elementor-size-sm\" href=\"https:\/\/ruta3reis.tortosaturisme.cat\/ca\/la-ruta-3-reis\/el-sabor-de-la-ruta\/\">\n\t\t\t\t\t\t<span class=\"elementor-button-content-wrapper\">\n\t\t\t\t\t\t\t\t\t<span class=\"elementor-button-text\">Descobreix-la<\/span>\n\t\t\t\t\t<\/span>\n\t\t\t\t\t<\/a>\n\t\t\t\t\t\t\t\t<\/div>\n\t\t\t\t<\/div>\n\t\t<div class=\"elementor-element elementor-element-b616346 e-con-full e-flex elementor-invisible e-con e-child\" data-id=\"b616346\" data-element_type=\"container\" data-e-type=\"container\" data-settings=\"{&quot;animation&quot;:&quot;fadeIn&quot;,&quot;animation_delay&quot;:600,&quot;jet_parallax_layout_list&quot;:[]}\">\n\t\t\t\t<div class=\"elementor-element elementor-element-2f5f33d elementor-widget elementor-widget-image\" data-id=\"2f5f33d\" data-element_type=\"widget\" data-e-type=\"widget\" data-widget_type=\"image.default\">\n\t\t\t\t\t\t\t\t\t\t\t\t\t\t\t<img decoding=\"async\" width=\"373\" height=\"361\" src=\"https:\/\/ruta3reis.tortosaturisme.cat\/wp-content\/uploads\/2026\/02\/Recurso-3@3x2.png\" class=\"attachment-large size-large wp-image-716\" alt=\"\" srcset=\"https:\/\/ruta3reis.tortosaturisme.cat\/wp-content\/uploads\/2026\/02\/Recurso-3@3x2.png 373w, https:\/\/ruta3reis.tortosaturisme.cat\/wp-content\/uploads\/2026\/02\/Recurso-3@3x2-300x290.png 300w\" sizes=\"(max-width: 373px) 100vw, 373px\" \/>\t\t\t\t\t\t\t\t\t\t\t\t\t\t\t<\/div>\n\t\t<div class=\"elementor-element elementor-element-355d888 e-con-full e-flex e-con e-child\" data-id=\"355d888\" data-element_type=\"container\" data-e-type=\"container\" data-settings=\"{&quot;jet_parallax_layout_list&quot;:[]}\">\n\t\t\t\t<div class=\"elementor-element elementor-element-e46978c elementor-widget elementor-widget-heading\" data-id=\"e46978c\" data-element_type=\"widget\" data-e-type=\"widget\" data-widget_type=\"heading.default\">\n\t\t\t\t\t<h3 class=\"elementor-heading-title elementor-size-default\">Festes i festivitats<\/h3>\t\t\t\t<\/div>\n\t\t\t\t<div class=\"elementor-element elementor-element-949089c elementor-widget elementor-widget-text-editor\" data-id=\"949089c\" data-element_type=\"widget\" data-e-type=\"widget\" data-widget_type=\"text-editor.default\">\n\t\t\t\t\t\t\t\t\t<p>Festes d&#8217;Inter\u00e8s Tur\u00edstic Nacional i un intens calendari cultural<\/p>\t\t\t\t\t\t\t\t<\/div>\n\t\t\t\t<\/div>\n\t\t\t\t<div class=\"elementor-element elementor-element-8e56d0b elementor-align-center elementor-widget elementor-widget-button\" data-id=\"8e56d0b\" data-element_type=\"widget\" data-e-type=\"widget\" data-widget_type=\"button.default\">\n\t\t\t\t\t\t\t\t\t\t<a class=\"elementor-button elementor-button-link elementor-size-sm\" href=\"https:\/\/ruta3reis.tortosaturisme.cat\/ca\/la-ruta-3-reis\/\">\n\t\t\t\t\t\t<span class=\"elementor-button-content-wrapper\">\n\t\t\t\t\t\t\t\t\t<span class=\"elementor-button-text\">Descobreix-la<\/span>\n\t\t\t\t\t<\/span>\n\t\t\t\t\t<\/a>\n\t\t\t\t\t\t\t\t<\/div>\n\t\t\t\t<\/div>\n\t\t\t\t<\/div>\n\t\t\t\t\t<\/div>\n\t\t\t\t<\/div>\n\t\t\t\t<\/div>\n\t\t","protected":false},"excerpt":{"rendered":"<p>Una ciutat que sorpr\u00e8n Si els pobles tenen cor, sens dubte, el d&#8217;Alcany\u00eds es troba a la seva Pla\u00e7a d&#8217;Espanya. I si tenen \u00e0nima, la del municipi brilla amb for\u00e7a a la que \u00e9s la seva pla\u00e7a major. Aqu\u00ed es troben, riuen i brinden els alca\u00f1izans, i aquest \u00e9s el punt de partida per a [&hellip;]<\/p>\n","protected":false},"author":1,"featured_media":0,"parent":861,"menu_order":0,"comment_status":"closed","ping_status":"closed","template":"","meta":{"footnotes":""},"class_list":["post-844","page","type-page","status-publish","hentry"],"_links":{"self":[{"href":"https:\/\/ruta3reis.tortosaturisme.cat\/ca\/wp-json\/wp\/v2\/pages\/844","targetHints":{"allow":["GET"]}}],"collection":[{"href":"https:\/\/ruta3reis.tortosaturisme.cat\/ca\/wp-json\/wp\/v2\/pages"}],"about":[{"href":"https:\/\/ruta3reis.tortosaturisme.cat\/ca\/wp-json\/wp\/v2\/types\/page"}],"author":[{"embeddable":true,"href":"https:\/\/ruta3reis.tortosaturisme.cat\/ca\/wp-json\/wp\/v2\/users\/1"}],"replies":[{"embeddable":true,"href":"https:\/\/ruta3reis.tortosaturisme.cat\/ca\/wp-json\/wp\/v2\/comments?post=844"}],"version-history":[{"count":3,"href":"https:\/\/ruta3reis.tortosaturisme.cat\/ca\/wp-json\/wp\/v2\/pages\/844\/revisions"}],"predecessor-version":[{"id":1004,"href":"https:\/\/ruta3reis.tortosaturisme.cat\/ca\/wp-json\/wp\/v2\/pages\/844\/revisions\/1004"}],"up":[{"embeddable":true,"href":"https:\/\/ruta3reis.tortosaturisme.cat\/ca\/wp-json\/wp\/v2\/pages\/861"}],"wp:attachment":[{"href":"https:\/\/ruta3reis.tortosaturisme.cat\/ca\/wp-json\/wp\/v2\/media?parent=844"}],"curies":[{"name":"wp","href":"https:\/\/api.w.org\/{rel}","templated":true}]}}