{"id":871,"date":"2026-02-05T09:49:59","date_gmt":"2026-02-05T08:49:59","guid":{"rendered":"https:\/\/ruta3reis.tortosaturisme.cat\/el-sabor-de-la-ruta\/"},"modified":"2026-02-06T20:55:58","modified_gmt":"2026-02-06T19:55:58","slug":"el-sabor-de-la-ruta","status":"publish","type":"page","link":"https:\/\/ruta3reis.tortosaturisme.cat\/ca\/la-ruta-3-reis\/el-sabor-de-la-ruta\/","title":{"rendered":"El sabor de la Ruta"},"content":{"rendered":"\t\t<div data-elementor-type=\"wp-page\" data-elementor-id=\"871\" class=\"elementor elementor-871 elementor-23\" data-elementor-post-type=\"page\">\n\t\t\t\t<div class=\"elementor-element elementor-element-b498cf0 e-flex e-con-boxed e-con e-parent\" data-id=\"b498cf0\" data-element_type=\"container\" data-e-type=\"container\" data-settings=\"{&quot;jet_parallax_layout_list&quot;:[]}\">\n\t\t\t\t\t<div class=\"e-con-inner\">\n\t\t<div class=\"elementor-element elementor-element-44d7b7a e-con-full e-flex e-con e-child\" data-id=\"44d7b7a\" data-element_type=\"container\" data-e-type=\"container\" data-settings=\"{&quot;jet_parallax_layout_list&quot;:[]}\">\n\t\t\t\t<div class=\"elementor-element elementor-element-97f006c elementor-invisible elementor-widget elementor-widget-heading\" data-id=\"97f006c\" data-element_type=\"widget\" data-e-type=\"widget\" data-settings=\"{&quot;_animation&quot;:&quot;fadeInDown&quot;}\" data-widget_type=\"heading.default\">\n\t\t\t\t\t<h1 class=\"elementor-heading-title elementor-size-default\">El sabor de la Ruta 3 Reis<\/h1>\t\t\t\t<\/div>\n\t\t\t\t<\/div>\n\t\t\t\t\t<\/div>\n\t\t\t\t<\/div>\n\t\t<div class=\"elementor-element elementor-element-92a7875 e-con-full e-flex e-con e-parent\" data-id=\"92a7875\" data-element_type=\"container\" data-e-type=\"container\" data-settings=\"{&quot;background_background&quot;:&quot;classic&quot;,&quot;jet_parallax_layout_list&quot;:[]}\">\n\t\t<div class=\"elementor-element elementor-element-2f981d0 e-con-full e-flex e-con e-child\" data-id=\"2f981d0\" data-element_type=\"container\" data-e-type=\"container\" data-settings=\"{&quot;jet_parallax_layout_list&quot;:[]}\">\n\t\t\t\t<div class=\"elementor-element elementor-element-71bd38f elementor-widget__width-initial elementor-invisible elementor-widget elementor-widget-text-editor\" data-id=\"71bd38f\" data-element_type=\"widget\" data-e-type=\"widget\" data-settings=\"{&quot;_animation&quot;:&quot;fadeIn&quot;,&quot;_animation_delay&quot;:400}\" data-widget_type=\"text-editor.default\">\n\t\t\t\t\t\t\t\t\t<p class=\"p1\"><b>Aquesta \u00e9s una ruta amb molt\u00edssim sabor<\/b>, on cada parada ofereix una gran varietat d&#8217;opcions per menjar com reis. I tot i que cadascuna de les etapes t\u00e9 propostes d&#8217;all\u00f2 m\u00e9s diverses, la veritat \u00e9s que la cuina de la Ruta 3 Reis comparteix <b>tres elements b\u00e0sics<\/b>. El primer, una gran varietat de <b>productes gastron\u00f2mics de gran qualitat i tradici\u00f3<\/b>, que alhora s\u00f3n fruit i expliquen la manera de viure dels pobles que els treballen. El segon, un <b>receptari que amb freq\u00fc\u00e8ncia troba el seu origen en la cuina medieval<\/b> i en les influ\u00e8ncies \u00e0rabs i mediterr\u00e0nies. I el tercer, <b>una llarga tradici\u00f3 en l&#8217;elaboraci\u00f3 de dol\u00e7os<\/b> amb receptes pr\u00f2pies de cada localitat i associada al calendari de festivitats.    <\/p><p class=\"p1\">A continuaci\u00f3, trobareu els mossets m\u00e9s destacats si visiteu\u2026<\/p>\t\t\t\t\t\t\t\t<\/div>\n\t\t\t\t<\/div>\n\t\t<div class=\"elementor-element elementor-element-02ae6e2 e-con-full e-flex e-con e-child\" data-id=\"02ae6e2\" data-element_type=\"container\" data-e-type=\"container\" data-settings=\"{&quot;background_background&quot;:&quot;classic&quot;,&quot;jet_parallax_layout_list&quot;:[]}\">\n\t\t\t\t<\/div>\n\t\t\t\t<\/div>\n\t\t<div class=\"elementor-element elementor-element-d4c893c e-flex e-con-boxed e-con e-parent\" data-id=\"d4c893c\" data-element_type=\"container\" data-e-type=\"container\" data-settings=\"{&quot;background_background&quot;:&quot;classic&quot;,&quot;jet_parallax_layout_list&quot;:[]}\">\n\t\t\t\t\t<div class=\"e-con-inner\">\n\t\t<div class=\"elementor-element elementor-element-8ff2e14 e-con-full e-flex e-con e-child\" data-id=\"8ff2e14\" data-element_type=\"container\" data-e-type=\"container\" data-settings=\"{&quot;jet_parallax_layout_list&quot;:[]}\">\n\t\t<div class=\"elementor-element elementor-element-5cc3d00 e-con-full e-flex e-con e-child\" data-id=\"5cc3d00\" data-element_type=\"container\" data-e-type=\"container\" data-settings=\"{&quot;jet_parallax_layout_list&quot;:[]}\">\n\t\t\t\t<div class=\"elementor-element elementor-element-bb8269b elementor-invisible elementor-widget elementor-widget-heading\" data-id=\"bb8269b\" data-element_type=\"widget\" data-e-type=\"widget\" data-settings=\"{&quot;_animation&quot;:&quot;fadeIn&quot;}\" data-widget_type=\"heading.default\">\n\t\t\t\t\t<h2 class=\"elementor-heading-title elementor-size-default\">Alcany\u00eds<\/h2>\t\t\t\t<\/div>\n\t\t\t\t<\/div>\n\t\t\t\t<div class=\"elementor-element elementor-element-3f270d7 elementor-widget__width-initial elementor-invisible elementor-widget elementor-widget-text-editor\" data-id=\"3f270d7\" data-element_type=\"widget\" data-e-type=\"widget\" data-settings=\"{&quot;_animation&quot;:&quot;fadeIn&quot;,&quot;_animation_delay&quot;:400}\" data-widget_type=\"text-editor.default\">\n\t\t\t\t\t\t\t\t\t<p class=\"p1\">Qui visiti Alca\u00f1iz no pot deixar de tastar <b>els seus tres productes estrella amb Denominaci\u00f3 d&#8217;Origen: l&#8217;oli d&#8217;oliva del Baix Arag\u00f3, el pernil de Terol i el Pr\u00e9ssec de Calanda<\/b>. La personalitat d&#8217;aquesta localitat ve marcada, en part, per la seva horta, i aix\u00f2 tamb\u00e9 es tradueix en la seva gastronomia amb propostes com el <b>chirigol<\/b> o les <b>coques de pebrot<\/b> matisades amb tonyina o pernil. Entre les propostes m\u00e9s destacades del receptari alca\u00f1iz\u00e0 trobem <b>plats de cullera ideals per combatre les baixes temperatures<\/b> de l&#8217;\u00e8poca hivernal com el xai a la pastora, les mongetes amb perdiu, l&#8217;arr\u00f2s de bacall\u00e0 amb patates o l&#8217;olleta. I per finalitzar? Doncs un bon dol\u00e7, sovint, per festejar una data marcada al calendari. Les coques de l&#8217;\u00e0nima, els mantecados i tortells, les tortades, la coca de nous i les coques de Pasqua s\u00f3n alguns dels m\u00e9s coneguts, juntament amb les <b>tetas de Santa \u00c1gueda<\/b>.     <\/p>\t\t\t\t\t\t\t\t<\/div>\n\t\t\t\t<\/div>\n\t\t<div class=\"elementor-element elementor-element-36248f6 e-con-full e-flex elementor-invisible e-con e-child\" data-id=\"36248f6\" data-element_type=\"container\" data-e-type=\"container\" data-settings=\"{&quot;animation&quot;:&quot;fadeIn&quot;,&quot;animation_delay&quot;:200,&quot;jet_parallax_layout_list&quot;:[]}\">\n\t\t\t\t<div class=\"elementor-element elementor-element-37db8a7 elementor-widget elementor-widget-image\" data-id=\"37db8a7\" data-element_type=\"widget\" data-e-type=\"widget\" data-widget_type=\"image.default\">\n\t\t\t\t\t\t\t\t\t\t\t\t\t\t\t<img fetchpriority=\"high\" decoding=\"async\" width=\"640\" height=\"358\" src=\"https:\/\/ruta3reis.tortosaturisme.cat\/wp-content\/uploads\/2026\/02\/pernilSalat.png\" class=\"attachment-large size-large wp-image-873\" alt=\"Pernil\" srcset=\"https:\/\/ruta3reis.tortosaturisme.cat\/wp-content\/uploads\/2026\/02\/pernilSalat.png 640w, https:\/\/ruta3reis.tortosaturisme.cat\/wp-content\/uploads\/2026\/02\/pernilSalat-300x168.png 300w\" sizes=\"(max-width: 640px) 100vw, 640px\" \/>\t\t\t\t\t\t\t\t\t\t\t\t\t\t\t<\/div>\n\t\t\t\t<div class=\"elementor-element elementor-element-83c52b0 elementor-align-justify elementor-widget elementor-widget-button\" data-id=\"83c52b0\" data-element_type=\"widget\" data-e-type=\"widget\" data-widget_type=\"button.default\">\n\t\t\t\t\t\t\t\t\t\t<a class=\"elementor-button elementor-button-link elementor-size-sm\" href=\"https:\/\/www.alcaniz.es\/es\/turismo-info-para-el-visitante\/cultura-y-tradicion\/gastronomia\" target=\"_blank\">\n\t\t\t\t\t\t<span class=\"elementor-button-content-wrapper\">\n\t\t\t\t\t\t<span class=\"elementor-button-icon\">\n\t\t\t\t<svg aria-hidden=\"true\" class=\"e-font-icon-svg e-fas-utensils\" viewBox=\"0 0 416 512\" xmlns=\"http:\/\/www.w3.org\/2000\/svg\"><path d=\"M207.9 15.2c.8 4.7 16.1 94.5 16.1 128.8 0 52.3-27.8 89.6-68.9 104.6L168 486.7c.7 13.7-10.2 25.3-24 25.3H80c-13.7 0-24.7-11.5-24-25.3l12.9-238.1C27.7 233.6 0 196.2 0 144 0 109.6 15.3 19.9 16.1 15.2 19.3-5.1 61.4-5.4 64 16.3v141.2c1.3 3.4 15.1 3.2 16 0 1.4-25.3 7.9-139.2 8-141.8 3.3-20.8 44.7-20.8 47.9 0 .2 2.7 6.6 116.5 8 141.8.9 3.2 14.8 3.4 16 0V16.3c2.6-21.6 44.8-21.4 48-1.1zm119.2 285.7l-15 185.1c-1.2 14 9.9 26 23.9 26h56c13.3 0 24-10.7 24-24V24c0-13.2-10.7-24-24-24-82.5 0-221.4 178.5-64.9 300.9z\"><\/path><\/svg>\t\t\t<\/span>\n\t\t\t\t\t\t\t\t\t<span class=\"elementor-button-text\">Gastronomia d'Alca\u00f1iz<\/span>\n\t\t\t\t\t<\/span>\n\t\t\t\t\t<\/a>\n\t\t\t\t\t\t\t\t<\/div>\n\t\t\t\t<\/div>\n\t\t\t\t\t<\/div>\n\t\t\t\t<\/div>\n\t\t<div class=\"elementor-element elementor-element-a126cb3 e-flex e-con-boxed e-con e-parent\" data-id=\"a126cb3\" data-element_type=\"container\" data-e-type=\"container\" data-settings=\"{&quot;background_background&quot;:&quot;classic&quot;,&quot;jet_parallax_layout_list&quot;:[]}\">\n\t\t\t\t\t<div class=\"e-con-inner\">\n\t\t<div class=\"elementor-element elementor-element-d899a4c e-con-full e-flex e-con e-child\" data-id=\"d899a4c\" data-element_type=\"container\" data-e-type=\"container\" data-settings=\"{&quot;jet_parallax_layout_list&quot;:[]}\">\n\t\t<div class=\"elementor-element elementor-element-3a7fbe8 e-con-full e-flex e-con e-child\" data-id=\"3a7fbe8\" data-element_type=\"container\" data-e-type=\"container\" data-settings=\"{&quot;jet_parallax_layout_list&quot;:[]}\">\n\t\t\t\t<div class=\"elementor-element elementor-element-4f12075 elementor-invisible elementor-widget elementor-widget-heading\" data-id=\"4f12075\" data-element_type=\"widget\" data-e-type=\"widget\" data-settings=\"{&quot;_animation&quot;:&quot;fadeIn&quot;}\" data-widget_type=\"heading.default\">\n\t\t\t\t\t<h2 class=\"elementor-heading-title elementor-size-default\">Morella<\/h2>\t\t\t\t<\/div>\n\t\t\t\t<\/div>\n\t\t\t\t<div class=\"elementor-element elementor-element-6ec09c3 elementor-widget__width-initial elementor-invisible elementor-widget elementor-widget-text-editor\" data-id=\"6ec09c3\" data-element_type=\"widget\" data-e-type=\"widget\" data-settings=\"{&quot;_animation&quot;:&quot;fadeIn&quot;,&quot;_animation_delay&quot;:400}\" data-widget_type=\"text-editor.default\">\n\t\t\t\t\t\t\t\t\t<p class=\"p1\">La gastronomia de Morella es caracteritza per haver sabut preservar de generaci\u00f3 en generaci\u00f3 els secrets de la <b>bona cuina de muntanya<\/b>, aquella que sap aprofitar els productes que hi creixen i viuen. En aquest sentit, <b>troba en la carn el seu m\u00e0xim exponent, oferint una mat\u00e8ria primera de gran qualitat<\/b>. La vedella, el xai, el porc, el senglar, les guatlles o la perdiu s\u00f3n l&#8217;ingredient principal d&#8217;infinitat de receptes que proposen degustar-les a la brasa, fornades o guisades amb llegums, verdures, bolets i herbes arom\u00e0tiques. Tamb\u00e9 l&#8217;elaboraci\u00f3 d&#8217;embotits \u00e9s aqu\u00ed una antiga tradici\u00f3, amb la <b>cecina<\/b> com a principal exponent i amb el <b>Rotllo de Morella<\/b> com la proposta m\u00e9s singular. Altres receptes aut\u00f2ctones s\u00f3n la de les croquetes morellanes, la sopa morellana, les olles masoveres o el fregit. Tot i que, sens dubte, l&#8217;ingredient que defineix la proposta gastron\u00f2mica de la localitat \u00e9s la <b>t\u00f2fona negra<\/b>, protagonista de multitud de plats de la seva oferta de restauraci\u00f3 i d&#8217;unes jornades gastron\u00f2miques que se celebren anualment durant els mesos d&#8217;hivern. La <b>mel<\/b> i els <b>formatges<\/b> complementen una proposta que troba en <b>el fla\u00f3 la seva postre m\u00e9s tradicional<\/b>.      <\/p>\t\t\t\t\t\t\t\t<\/div>\n\t\t\t\t<\/div>\n\t\t<div class=\"elementor-element elementor-element-7490cca e-con-full e-flex elementor-invisible e-con e-child\" data-id=\"7490cca\" data-element_type=\"container\" data-e-type=\"container\" data-settings=\"{&quot;animation&quot;:&quot;fadeIn&quot;,&quot;animation_delay&quot;:200,&quot;jet_parallax_layout_list&quot;:[]}\">\n\t\t\t\t<div class=\"elementor-element elementor-element-2362367 elementor-widget elementor-widget-image\" data-id=\"2362367\" data-element_type=\"widget\" data-e-type=\"widget\" data-widget_type=\"image.default\">\n\t\t\t\t\t\t\t\t\t\t\t\t\t\t\t<img decoding=\"async\" width=\"800\" height=\"532\" src=\"https:\/\/ruta3reis.tortosaturisme.cat\/wp-content\/uploads\/2026\/02\/129.-\u00a9_Ruta-3-Reyes_David-Gil_Tortosa_Gastronomia-1024x681.webp\" class=\"attachment-large size-large wp-image-874\" alt=\"Flaons\" srcset=\"https:\/\/ruta3reis.tortosaturisme.cat\/wp-content\/uploads\/2026\/02\/129.-\u00a9_Ruta-3-Reyes_David-Gil_Tortosa_Gastronomia-1024x681.webp 1024w, https:\/\/ruta3reis.tortosaturisme.cat\/wp-content\/uploads\/2026\/02\/129.-\u00a9_Ruta-3-Reyes_David-Gil_Tortosa_Gastronomia-300x200.webp 300w, https:\/\/ruta3reis.tortosaturisme.cat\/wp-content\/uploads\/2026\/02\/129.-\u00a9_Ruta-3-Reyes_David-Gil_Tortosa_Gastronomia-768x511.webp 768w, https:\/\/ruta3reis.tortosaturisme.cat\/wp-content\/uploads\/2026\/02\/129.-\u00a9_Ruta-3-Reyes_David-Gil_Tortosa_Gastronomia-1536x1022.webp 1536w, https:\/\/ruta3reis.tortosaturisme.cat\/wp-content\/uploads\/2026\/02\/129.-\u00a9_Ruta-3-Reyes_David-Gil_Tortosa_Gastronomia.webp 1920w\" sizes=\"(max-width: 800px) 100vw, 800px\" \/>\t\t\t\t\t\t\t\t\t\t\t\t\t\t\t<\/div>\n\t\t\t\t<div class=\"elementor-element elementor-element-f94d315 elementor-align-justify elementor-widget elementor-widget-button\" data-id=\"f94d315\" data-element_type=\"widget\" data-e-type=\"widget\" data-widget_type=\"button.default\">\n\t\t\t\t\t\t\t\t\t\t<a class=\"elementor-button elementor-button-link elementor-size-sm\" href=\"https:\/\/www.morella.net\/morellaturistica\/gastronomia\/\" target=\"_blank\">\n\t\t\t\t\t\t<span class=\"elementor-button-content-wrapper\">\n\t\t\t\t\t\t<span class=\"elementor-button-icon\">\n\t\t\t\t<svg aria-hidden=\"true\" class=\"e-font-icon-svg e-fas-utensils\" viewBox=\"0 0 416 512\" xmlns=\"http:\/\/www.w3.org\/2000\/svg\"><path d=\"M207.9 15.2c.8 4.7 16.1 94.5 16.1 128.8 0 52.3-27.8 89.6-68.9 104.6L168 486.7c.7 13.7-10.2 25.3-24 25.3H80c-13.7 0-24.7-11.5-24-25.3l12.9-238.1C27.7 233.6 0 196.2 0 144 0 109.6 15.3 19.9 16.1 15.2 19.3-5.1 61.4-5.4 64 16.3v141.2c1.3 3.4 15.1 3.2 16 0 1.4-25.3 7.9-139.2 8-141.8 3.3-20.8 44.7-20.8 47.9 0 .2 2.7 6.6 116.5 8 141.8.9 3.2 14.8 3.4 16 0V16.3c2.6-21.6 44.8-21.4 48-1.1zm119.2 285.7l-15 185.1c-1.2 14 9.9 26 23.9 26h56c13.3 0 24-10.7 24-24V24c0-13.2-10.7-24-24-24-82.5 0-221.4 178.5-64.9 300.9z\"><\/path><\/svg>\t\t\t<\/span>\n\t\t\t\t\t\t\t\t\t<span class=\"elementor-button-text\">Gastronomia de Morella<\/span>\n\t\t\t\t\t<\/span>\n\t\t\t\t\t<\/a>\n\t\t\t\t\t\t\t\t<\/div>\n\t\t\t\t<\/div>\n\t\t\t\t\t<\/div>\n\t\t\t\t<\/div>\n\t\t<div class=\"elementor-element elementor-element-bf6da64 e-flex e-con-boxed e-con e-parent\" data-id=\"bf6da64\" data-element_type=\"container\" data-e-type=\"container\" data-settings=\"{&quot;background_background&quot;:&quot;classic&quot;,&quot;jet_parallax_layout_list&quot;:[]}\">\n\t\t\t\t\t<div class=\"e-con-inner\">\n\t\t<div class=\"elementor-element elementor-element-b2c9e95 e-con-full e-flex e-con e-child\" data-id=\"b2c9e95\" data-element_type=\"container\" data-e-type=\"container\" data-settings=\"{&quot;jet_parallax_layout_list&quot;:[]}\">\n\t\t<div class=\"elementor-element elementor-element-cfce498 e-con-full e-flex e-con e-child\" data-id=\"cfce498\" data-element_type=\"container\" data-e-type=\"container\" data-settings=\"{&quot;jet_parallax_layout_list&quot;:[]}\">\n\t\t\t\t<div class=\"elementor-element elementor-element-e90c212 elementor-invisible elementor-widget elementor-widget-heading\" data-id=\"e90c212\" data-element_type=\"widget\" data-e-type=\"widget\" data-settings=\"{&quot;_animation&quot;:&quot;fadeIn&quot;}\" data-widget_type=\"heading.default\">\n\t\t\t\t\t<h2 class=\"elementor-heading-title elementor-size-default\">Tortosa<\/h2>\t\t\t\t<\/div>\n\t\t\t\t<\/div>\n\t\t\t\t<div class=\"elementor-element elementor-element-a8a53d1 elementor-widget__width-initial elementor-invisible elementor-widget elementor-widget-text-editor\" data-id=\"a8a53d1\" data-element_type=\"widget\" data-e-type=\"widget\" data-settings=\"{&quot;_animation&quot;:&quot;fadeIn&quot;,&quot;_animation_delay&quot;:400}\" data-widget_type=\"text-editor.default\">\n\t\t\t\t\t\t\t\t\t<p class=\"p1\">Tortosa \u00e9s una ciutat que es troba en un punt estrat\u00e8gic entre el mar i la muntanya, i la seva gastronomia n&#8217;\u00e9s una bona mostra. <b>El seu car\u00e0cter mediterrani<\/b> i proper a la costa, a la qual es troba unida pel riu Ebre, <b>es reflecteix en un receptari marcat pels peixos i mariscos, destacant entre ells l&#8217;abadejo (com anomenen a Tortosa el bacall\u00e0)<\/b>, les ostres, els musclos, els llagostins i la tonyina vermella. En canvi, <b>el car\u00e0cter de muntanya es deixa veure amb altres propostes tan tradicionals com la de les baldanas<\/b>, unes botifarres elaborades amb arr\u00f2s, el gust per les carxofes i la import\u00e0ncia dels c\u00edtrics, clementines i pr\u00e9ssecs. I com no podria ser d&#8217;altra manera, <b>la seva proximitat al Delta de l&#8217;Ebre converteix els plats d&#8217;arr\u00f2s en un imprescindible<\/b>. D&#8217;altra banda, cal destacar que Tortosa forma part de dues denominacions d&#8217;origen: la <b>DOP d&#8217;oli Baix Ebre \u2013 Montsi\u00e0<\/b> i la <b>DO vin\u00edcola Terra Alta<\/b>. A m\u00e9s, els m\u00e9s llaminers gaudiran amb la seva \u00e0mplia varietat de dol\u00e7os locals, que inclouen els tradicionals <b>pastissets de cabell d&#8217;\u00e0ngel<\/b>, el <b>menjar blanc<\/b>, les garrofetes del papa, el c\u00f3c i el past\u00eds Sopa de la reina entre d&#8217;altres.    <\/p>\t\t\t\t\t\t\t\t<\/div>\n\t\t\t\t<\/div>\n\t\t<div class=\"elementor-element elementor-element-6bba505 e-con-full e-flex elementor-invisible e-con e-child\" data-id=\"6bba505\" data-element_type=\"container\" data-e-type=\"container\" data-settings=\"{&quot;animation&quot;:&quot;fadeIn&quot;,&quot;animation_delay&quot;:200,&quot;jet_parallax_layout_list&quot;:[]}\">\n\t\t\t\t<div class=\"elementor-element elementor-element-22155bc elementor-widget elementor-widget-image\" data-id=\"22155bc\" data-element_type=\"widget\" data-e-type=\"widget\" data-widget_type=\"image.default\">\n\t\t\t\t\t\t\t\t\t\t\t\t\t\t\t<img decoding=\"async\" width=\"800\" height=\"532\" src=\"https:\/\/ruta3reis.tortosaturisme.cat\/wp-content\/uploads\/2026\/02\/127.-\u00a9_Ruta-3-Reyes_David-Gil_Tortosa_Gastronomia-1024x681.webp\" class=\"attachment-large size-large wp-image-875\" alt=\"\" srcset=\"https:\/\/ruta3reis.tortosaturisme.cat\/wp-content\/uploads\/2026\/02\/127.-\u00a9_Ruta-3-Reyes_David-Gil_Tortosa_Gastronomia-1024x681.webp 1024w, https:\/\/ruta3reis.tortosaturisme.cat\/wp-content\/uploads\/2026\/02\/127.-\u00a9_Ruta-3-Reyes_David-Gil_Tortosa_Gastronomia-300x200.webp 300w, https:\/\/ruta3reis.tortosaturisme.cat\/wp-content\/uploads\/2026\/02\/127.-\u00a9_Ruta-3-Reyes_David-Gil_Tortosa_Gastronomia-768x511.webp 768w, https:\/\/ruta3reis.tortosaturisme.cat\/wp-content\/uploads\/2026\/02\/127.-\u00a9_Ruta-3-Reyes_David-Gil_Tortosa_Gastronomia-1536x1022.webp 1536w, https:\/\/ruta3reis.tortosaturisme.cat\/wp-content\/uploads\/2026\/02\/127.-\u00a9_Ruta-3-Reyes_David-Gil_Tortosa_Gastronomia.webp 1920w\" sizes=\"(max-width: 800px) 100vw, 800px\" \/>\t\t\t\t\t\t\t\t\t\t\t\t\t\t\t<\/div>\n\t\t\t\t<div class=\"elementor-element elementor-element-b5e0adf elementor-align-justify elementor-widget elementor-widget-button\" data-id=\"b5e0adf\" data-element_type=\"widget\" data-e-type=\"widget\" data-widget_type=\"button.default\">\n\t\t\t\t\t\t\t\t\t\t<a class=\"elementor-button elementor-button-link elementor-size-sm\" href=\"https:\/\/www.tortosaturisme.cat\/es\/la-cocina-de-las-tierras-del-ebro\/\" target=\"_blank\">\n\t\t\t\t\t\t<span class=\"elementor-button-content-wrapper\">\n\t\t\t\t\t\t<span class=\"elementor-button-icon\">\n\t\t\t\t<svg aria-hidden=\"true\" class=\"e-font-icon-svg e-fas-utensils\" viewBox=\"0 0 416 512\" xmlns=\"http:\/\/www.w3.org\/2000\/svg\"><path d=\"M207.9 15.2c.8 4.7 16.1 94.5 16.1 128.8 0 52.3-27.8 89.6-68.9 104.6L168 486.7c.7 13.7-10.2 25.3-24 25.3H80c-13.7 0-24.7-11.5-24-25.3l12.9-238.1C27.7 233.6 0 196.2 0 144 0 109.6 15.3 19.9 16.1 15.2 19.3-5.1 61.4-5.4 64 16.3v141.2c1.3 3.4 15.1 3.2 16 0 1.4-25.3 7.9-139.2 8-141.8 3.3-20.8 44.7-20.8 47.9 0 .2 2.7 6.6 116.5 8 141.8.9 3.2 14.8 3.4 16 0V16.3c2.6-21.6 44.8-21.4 48-1.1zm119.2 285.7l-15 185.1c-1.2 14 9.9 26 23.9 26h56c13.3 0 24-10.7 24-24V24c0-13.2-10.7-24-24-24-82.5 0-221.4 178.5-64.9 300.9z\"><\/path><\/svg>\t\t\t<\/span>\n\t\t\t\t\t\t\t\t\t<span class=\"elementor-button-text\">Cuina del Delta de l'Ebre<\/span>\n\t\t\t\t\t<\/span>\n\t\t\t\t\t<\/a>\n\t\t\t\t\t\t\t\t<\/div>\n\t\t\t\t<\/div>\n\t\t\t\t\t<\/div>\n\t\t\t\t<\/div>\n\t\t\t\t<\/div>\n\t\t","protected":false},"excerpt":{"rendered":"<p>El sabor de la Ruta 3 Reis Aquesta \u00e9s una ruta amb molt\u00edssim sabor, on cada parada ofereix una gran varietat d&#8217;opcions per menjar com reis. I tot i que cadascuna de les etapes t\u00e9 propostes d&#8217;all\u00f2 m\u00e9s diverses, la veritat \u00e9s que la cuina de la Ruta 3 Reis comparteix tres elements b\u00e0sics. El [&hellip;]<\/p>\n","protected":false},"author":1,"featured_media":0,"parent":886,"menu_order":0,"comment_status":"closed","ping_status":"closed","template":"","meta":{"footnotes":""},"class_list":["post-871","page","type-page","status-publish","hentry"],"_links":{"self":[{"href":"https:\/\/ruta3reis.tortosaturisme.cat\/ca\/wp-json\/wp\/v2\/pages\/871","targetHints":{"allow":["GET"]}}],"collection":[{"href":"https:\/\/ruta3reis.tortosaturisme.cat\/ca\/wp-json\/wp\/v2\/pages"}],"about":[{"href":"https:\/\/ruta3reis.tortosaturisme.cat\/ca\/wp-json\/wp\/v2\/types\/page"}],"author":[{"embeddable":true,"href":"https:\/\/ruta3reis.tortosaturisme.cat\/ca\/wp-json\/wp\/v2\/users\/1"}],"replies":[{"embeddable":true,"href":"https:\/\/ruta3reis.tortosaturisme.cat\/ca\/wp-json\/wp\/v2\/comments?post=871"}],"version-history":[{"count":1,"href":"https:\/\/ruta3reis.tortosaturisme.cat\/ca\/wp-json\/wp\/v2\/pages\/871\/revisions"}],"predecessor-version":[{"id":876,"href":"https:\/\/ruta3reis.tortosaturisme.cat\/ca\/wp-json\/wp\/v2\/pages\/871\/revisions\/876"}],"up":[{"embeddable":true,"href":"https:\/\/ruta3reis.tortosaturisme.cat\/ca\/wp-json\/wp\/v2\/pages\/886"}],"wp:attachment":[{"href":"https:\/\/ruta3reis.tortosaturisme.cat\/ca\/wp-json\/wp\/v2\/media?parent=871"}],"curies":[{"name":"wp","href":"https:\/\/api.w.org\/{rel}","templated":true}]}}