{"id":883,"date":"2026-02-05T09:51:05","date_gmt":"2026-02-05T08:51:05","guid":{"rendered":"https:\/\/ruta3reis.tortosaturisme.cat\/experiencies\/"},"modified":"2026-02-06T20:55:48","modified_gmt":"2026-02-06T19:55:48","slug":"experiencies","status":"publish","type":"page","link":"https:\/\/ruta3reis.tortosaturisme.cat\/ca\/experiencies\/","title":{"rendered":"Experi\u00e8ncies"},"content":{"rendered":"\t\t<div data-elementor-type=\"wp-page\" data-elementor-id=\"883\" class=\"elementor elementor-883 elementor-25\" data-elementor-post-type=\"page\">\n\t\t\t\t<div class=\"elementor-element elementor-element-78b2b84 e-flex e-con-boxed e-con e-parent\" data-id=\"78b2b84\" data-element_type=\"container\" data-e-type=\"container\" data-settings=\"{&quot;jet_parallax_layout_list&quot;:[]}\">\n\t\t\t\t\t<div class=\"e-con-inner\">\n\t\t<div class=\"elementor-element elementor-element-031e557 e-con-full e-flex e-con e-child\" data-id=\"031e557\" data-element_type=\"container\" data-e-type=\"container\" data-settings=\"{&quot;jet_parallax_layout_list&quot;:[]}\">\n\t\t\t\t<div class=\"elementor-element elementor-element-a0dcfbb elementor-invisible elementor-widget elementor-widget-heading\" data-id=\"a0dcfbb\" data-element_type=\"widget\" data-e-type=\"widget\" data-settings=\"{&quot;_animation&quot;:&quot;fadeInDown&quot;}\" data-widget_type=\"heading.default\">\n\t\t\t\t\t<h1 class=\"elementor-heading-title elementor-size-default\">Experi\u00e8ncies<\/h1>\t\t\t\t<\/div>\n\t\t\t\t<\/div>\n\t\t\t\t\t<\/div>\n\t\t\t\t<\/div>\n\t\t<div class=\"elementor-element elementor-element-78540b7 e-con-full e-flex e-con e-parent\" data-id=\"78540b7\" data-element_type=\"container\" data-e-type=\"container\" data-settings=\"{&quot;background_background&quot;:&quot;classic&quot;,&quot;jet_parallax_layout_list&quot;:[]}\">\n\t\t<div class=\"elementor-element elementor-element-c87947a e-con-full e-flex e-con e-child\" data-id=\"c87947a\" data-element_type=\"container\" data-e-type=\"container\" data-settings=\"{&quot;jet_parallax_layout_list&quot;:[]}\">\n\t\t<div class=\"elementor-element elementor-element-7b53510 e-con-full e-flex e-con e-child\" data-id=\"7b53510\" data-element_type=\"container\" data-e-type=\"container\" data-settings=\"{&quot;jet_parallax_layout_list&quot;:[]}\">\n\t\t\t\t<div class=\"elementor-element elementor-element-d96c31f elementor-invisible elementor-widget elementor-widget-heading\" data-id=\"d96c31f\" data-element_type=\"widget\" data-e-type=\"widget\" data-settings=\"{&quot;_animation&quot;:&quot;fadeIn&quot;}\" data-widget_type=\"heading.default\">\n\t\t\t\t\t<h2 class=\"elementor-heading-title elementor-size-default\">Ruta 3 Reis en bicicleta<\/h2>\t\t\t\t<\/div>\n\t\t\t\t<div class=\"elementor-element elementor-element-f496efd elementor-invisible elementor-widget elementor-widget-heading\" data-id=\"f496efd\" data-element_type=\"widget\" data-e-type=\"widget\" data-settings=\"{&quot;_animation&quot;:&quot;fadeIn&quot;}\" data-widget_type=\"heading.default\">\n\t\t\t\t\t<p class=\"elementor-heading-title elementor-size-default\">Cicloturisme<\/p>\t\t\t\t<\/div>\n\t\t\t\t<\/div>\n\t\t\t\t<div class=\"elementor-element elementor-element-e35a528 elementor-widget__width-initial elementor-invisible elementor-widget elementor-widget-text-editor\" data-id=\"e35a528\" data-element_type=\"widget\" data-e-type=\"widget\" data-settings=\"{&quot;_animation&quot;:&quot;fadeIn&quot;,&quot;_animation_delay&quot;:400}\" data-widget_type=\"text-editor.default\">\n\t\t\t\t\t\t\t\t\t<p class=\"p1\">La Ruta dels 3 Reis ofereix als amants de la bicicleta m\u00e9s de 300 quil\u00f2metres de recorregut per descobrir les ciutats d&#8217;Alcany\u00eds, Morella i Tortosa i els camins que les uneixen. Per aconseguir-ho han creat diferents itineraris que s&#8217;adapten als diferents nivells dels usuaris i a la durada del viatge, i que ofereixen rutes alternatives per a bicicletes de muntanya i bicicletes de carretera. Tot aix\u00f2, sota un enfocament marcat per la cultura slow i la responsabilitat social, i amb la voluntat d&#8217;apropar el territori, els seus pobles i els seus habitants a qui es decideixi a pedalar-la.  <\/p><p class=\"p1\">Perqu\u00e8 a la Ruta 3 Reis no tot \u00e9s ciclisme, sin\u00f3 que la proposta es complementa amb una encertada selecci\u00f3 d&#8217;allotjaments i diverses sugger\u00e8ncies d&#8217;activitats i punts d&#8217;inter\u00e8s amb les quals descobrir l&#8217;autenticitat d&#8217;aquesta terra. <\/p>\t\t\t\t\t\t\t\t<\/div>\n\t\t\t\t<\/div>\n\t\t<div class=\"elementor-element elementor-element-244ce57 e-con-full e-flex e-con e-child\" data-id=\"244ce57\" data-element_type=\"container\" data-e-type=\"container\" data-settings=\"{&quot;background_background&quot;:&quot;classic&quot;,&quot;jet_parallax_layout_list&quot;:[]}\">\n\t\t\t\t<\/div>\n\t\t\t\t<\/div>\n\t\t\t\t<\/div>\n\t\t","protected":false},"excerpt":{"rendered":"<p>Experi\u00e8ncies Ruta 3 Reis en bicicleta Cicloturisme La Ruta dels 3 Reis ofereix als amants de la bicicleta m\u00e9s de 300 quil\u00f2metres de recorregut per descobrir les ciutats d&#8217;Alcany\u00eds, Morella i Tortosa i els camins que les uneixen. Per aconseguir-ho han creat diferents itineraris que s&#8217;adapten als diferents nivells dels usuaris i a la durada [&hellip;]<\/p>\n","protected":false},"author":1,"featured_media":0,"parent":0,"menu_order":0,"comment_status":"closed","ping_status":"closed","template":"","meta":{"footnotes":""},"class_list":["post-883","page","type-page","status-publish","hentry"],"_links":{"self":[{"href":"https:\/\/ruta3reis.tortosaturisme.cat\/ca\/wp-json\/wp\/v2\/pages\/883","targetHints":{"allow":["GET"]}}],"collection":[{"href":"https:\/\/ruta3reis.tortosaturisme.cat\/ca\/wp-json\/wp\/v2\/pages"}],"about":[{"href":"https:\/\/ruta3reis.tortosaturisme.cat\/ca\/wp-json\/wp\/v2\/types\/page"}],"author":[{"embeddable":true,"href":"https:\/\/ruta3reis.tortosaturisme.cat\/ca\/wp-json\/wp\/v2\/users\/1"}],"replies":[{"embeddable":true,"href":"https:\/\/ruta3reis.tortosaturisme.cat\/ca\/wp-json\/wp\/v2\/comments?post=883"}],"version-history":[{"count":1,"href":"https:\/\/ruta3reis.tortosaturisme.cat\/ca\/wp-json\/wp\/v2\/pages\/883\/revisions"}],"predecessor-version":[{"id":885,"href":"https:\/\/ruta3reis.tortosaturisme.cat\/ca\/wp-json\/wp\/v2\/pages\/883\/revisions\/885"}],"wp:attachment":[{"href":"https:\/\/ruta3reis.tortosaturisme.cat\/ca\/wp-json\/wp\/v2\/media?parent=883"}],"curies":[{"name":"wp","href":"https:\/\/api.w.org\/{rel}","templated":true}]}}