{"id":886,"date":"2026-02-05T09:48:28","date_gmt":"2026-02-05T08:48:28","guid":{"rendered":"https:\/\/ruta3reis.tortosaturisme.cat\/la-ruta-3-reis\/"},"modified":"2026-02-06T21:07:39","modified_gmt":"2026-02-06T20:07:39","slug":"la-ruta-3-reis","status":"publish","type":"page","link":"https:\/\/ruta3reis.tortosaturisme.cat\/ca\/la-ruta-3-reis\/","title":{"rendered":"La Ruta 3 Reis"},"content":{"rendered":"\t\t<div data-elementor-type=\"wp-page\" data-elementor-id=\"886\" class=\"elementor elementor-886 elementor-17\" data-elementor-post-type=\"page\">\n\t\t\t\t<div class=\"elementor-element elementor-element-d4b81a6 e-flex e-con-boxed e-con e-parent\" data-id=\"d4b81a6\" data-element_type=\"container\" data-e-type=\"container\" data-settings=\"{&quot;jet_parallax_layout_list&quot;:[]}\">\n\t\t\t\t\t<div class=\"e-con-inner\">\n\t\t<div class=\"elementor-element elementor-element-8acd568 e-con-full e-flex e-con e-child\" data-id=\"8acd568\" data-element_type=\"container\" data-e-type=\"container\" data-settings=\"{&quot;jet_parallax_layout_list&quot;:[]}\">\n\t\t\t\t<div class=\"elementor-element elementor-element-d05f708 elementor-invisible elementor-widget elementor-widget-heading\" data-id=\"d05f708\" data-element_type=\"widget\" data-e-type=\"widget\" data-settings=\"{&quot;_animation&quot;:&quot;fadeInDown&quot;}\" data-widget_type=\"heading.default\">\n\t\t\t\t\t<h1 class=\"elementor-heading-title elementor-size-default\">La Ruta 3 Reis<\/h1>\t\t\t\t<\/div>\n\t\t\t\t<\/div>\n\t\t<div class=\"elementor-element elementor-element-4760238 e-con-full e-flex e-con e-child\" data-id=\"4760238\" data-element_type=\"container\" data-e-type=\"container\" data-settings=\"{&quot;jet_parallax_layout_list&quot;:[]}\">\n\t\t\t\t<div class=\"elementor-element elementor-element-fcb42bc elementor-widget__width-initial elementor-invisible elementor-widget elementor-widget-text-editor\" data-id=\"fcb42bc\" data-element_type=\"widget\" data-e-type=\"widget\" data-settings=\"{&quot;_animation&quot;:&quot;fadeIn&quot;,&quot;_animation_delay&quot;:200}\" data-widget_type=\"text-editor.default\">\n\t\t\t\t\t\t\t\t\t<p class=\"p1\">La Ruta 3 Reis \u00e9s una ruta tur\u00edstica que proposa al viatger <b>descobrir de manera conjunta els atractius de tres localitats unides per la hist\u00f2ria<\/b>. Es tracta d&#8217;<b>una ruta circular<\/b> que es dibuixa <b>al voltant de l&#8217;espai natural del Mass\u00eds dels Ports<\/b> i que uneix els municipis d&#8217;Alcany\u00eds (a l&#8217;Arag\u00f3), <b>Morella<\/b> (a la Comunitat Valenciana) i <b>Tortosa<\/b> (a Catalunya), que esdevenen les tres etapes d&#8217;aquesta proposta. <\/p>\t\t\t\t\t\t\t\t<\/div>\n\t\t\t\t<div class=\"elementor-element elementor-element-0573fae elementor-widget__width-initial elementor-invisible elementor-widget elementor-widget-text-editor\" data-id=\"0573fae\" data-element_type=\"widget\" data-e-type=\"widget\" data-settings=\"{&quot;_animation&quot;:&quot;fadeIn&quot;,&quot;_animation_delay&quot;:400}\" data-widget_type=\"text-editor.default\">\n\t\t\t\t\t\t\t\t\t<p class=\"p1\">La Ruta 3 Reis transcorre per un territori on conflueixen tres comunitats aut\u00f2nomes diferents, <b>un rac\u00f3 del mapa que durant segles ha actuat com a punt de trobada de tres realitats<\/b> l&#8217;intercanvi econ\u00f2mic, social i cultural de les quals ha estat una constant al llarg dels anys.<\/p>\t\t\t\t\t\t\t\t<\/div>\n\t\t\t\t<\/div>\n\t\t\t\t\t<\/div>\n\t\t\t\t<\/div>\n\t\t<div class=\"elementor-element elementor-element-cdf8a98 e-flex e-con-boxed e-con e-parent\" data-id=\"cdf8a98\" data-element_type=\"container\" data-e-type=\"container\" data-settings=\"{&quot;background_background&quot;:&quot;classic&quot;,&quot;jet_parallax_layout_list&quot;:[]}\">\n\t\t\t\t\t<div class=\"e-con-inner\">\n\t\t<div class=\"elementor-element elementor-element-9cc8c19 e-con-full e-flex e-con e-child\" data-id=\"9cc8c19\" data-element_type=\"container\" data-e-type=\"container\" data-settings=\"{&quot;jet_parallax_layout_list&quot;:[]}\">\n\t\t\t\t<div class=\"elementor-element elementor-element-3752281 elementor-invisible elementor-widget elementor-widget-text-editor\" data-id=\"3752281\" data-element_type=\"widget\" data-e-type=\"widget\" data-settings=\"{&quot;_animation&quot;:&quot;fadeIn&quot;,&quot;_animation_delay&quot;:200}\" data-widget_type=\"text-editor.default\">\n\t\t\t\t\t\t\t\t\t<p class=\"p1\">Aquesta hist\u00f2ria comuna es reflecteix, entre altres episodis, en un <b>esplendor\u00f3s passat medieval<\/b>, quan els tres territoris es van unir <b>sota el regnat de la Corona d&#8217;Arag\u00f3<\/b>. D&#8217;aquella \u00e8poca es conserven <b>monumentals petjades en forma de castells, muralles, esgl\u00e9sies i altres edificacions<\/b> i mostres art\u00edstiques la import\u00e0ncia i singularitat de les quals prometen sorprendre els seus visitants. Per\u00f2 aix\u00f2 no \u00e9s tot, avui dia Alcany\u00eds, Morella i Tortosa s&#8217;han convertit en <b>localitats amb car\u00e0cter propi<\/b>, una intensa activitat cultural, una rica proposta gastron\u00f2mica i un meravell\u00f3s entorn natural que les situa com a destinacions ideals per gaudir sense pressa i disposats a deixar-se conquerir.  <\/p>\t\t\t\t\t\t\t\t<\/div>\n\t\t\t\t<\/div>\n\t\t\t\t\t<\/div>\n\t\t\t\t<\/div>\n\t\t<div class=\"elementor-element elementor-element-b8c53f7 e-flex e-con-boxed e-con e-parent\" data-id=\"b8c53f7\" data-element_type=\"container\" data-e-type=\"container\" data-settings=\"{&quot;jet_parallax_layout_list&quot;:[]}\">\n\t\t\t\t\t<div class=\"e-con-inner\">\n\t\t<div class=\"elementor-element elementor-element-214ee61 e-con-full e-flex e-con e-child\" data-id=\"214ee61\" data-element_type=\"container\" data-e-type=\"container\" data-settings=\"{&quot;jet_parallax_layout_list&quot;:[]}\">\n\t\t<div class=\"elementor-element elementor-element-371dea5 e-con-full e-flex e-con e-child\" data-id=\"371dea5\" data-element_type=\"container\" data-e-type=\"container\" data-settings=\"{&quot;jet_parallax_layout_list&quot;:[]}\">\n\t\t\t\t<div class=\"elementor-element elementor-element-8a55850 elementor-invisible elementor-widget elementor-widget-heading\" data-id=\"8a55850\" data-element_type=\"widget\" data-e-type=\"widget\" data-settings=\"{&quot;_animation&quot;:&quot;fadeIn&quot;}\" data-widget_type=\"heading.default\">\n\t\t\t\t\t<h2 class=\"elementor-heading-title elementor-size-default\">Una ruta de llegenda<\/h2>\t\t\t\t<\/div>\n\t\t\t\t<div class=\"elementor-element elementor-element-5c6c45e elementor-invisible elementor-widget elementor-widget-text-editor\" data-id=\"5c6c45e\" data-element_type=\"widget\" data-e-type=\"widget\" data-settings=\"{&quot;_animation&quot;:&quot;fadeIn&quot;,&quot;_animation_delay&quot;:200}\" data-widget_type=\"text-editor.default\">\n\t\t\t\t\t\t\t\t\t<p class=\"p1\">Aquesta ruta pren prestat el nom de 3 Reis del cim d&#8217;una de les muntanyes del mass\u00eds dels Ports, un espai natural on conflueixen els territoris de les Comunitats Aut\u00f2nomes d&#8217;Arag\u00f3, Comunitat Valenciana i Catalunya. Es tracta de <b>la cima del Tozal del Rey, que en catal\u00e0 es denomina el Tossal dels 3 Reis (el tossal dels 3 Reis) en refer\u00e8ncia a una antiga llegenda<\/b>. Explica la hist\u00f2ria que era justament aqu\u00ed on, durant anys, els m\u00e0xims representants dels tres territoris celebraven les seves reunions, de manera que per trobar-se els tres no era necessari que cap abandon\u00e9s els seus dominis. Si aquests personatges eren reis o no, no se sap amb certesa. Si no ho eren, es creu que aix\u00f2 hauria succe\u00eft sota el regnat de la Corona d&#8217;Arag\u00f3 (amb un \u00fanic rei com\u00fa per\u00f2 m\u00e0ximes autoritats independents per a cada territori). Encara que si per contra la llegenda es refereix efectivament a reis, aquesta es remuntaria a una \u00e8poca encara anterior en la qual eren el rei cristi\u00e0 d&#8217;Arag\u00f3, l&#8217;emir de Tortosa i el de la taifa de Val\u00e8ncia els qui all\u00ed tenien el seu punt de trobada.     <\/p><p class=\"p1\">Encara que probablement aix\u00f2 mai succe\u00eds i tingui m\u00e9s de mite que de realitat, es tracta d&#8217;una bonica llegenda que il\u00b7lustra una estreta relaci\u00f3 de conviv\u00e8ncia que roman viva malgrat els anys.<\/p>\t\t\t\t\t\t\t\t<\/div>\n\t\t\t\t<\/div>\n\t\t<div class=\"elementor-element elementor-element-5edec21 e-con-full e-flex e-con e-child\" data-id=\"5edec21\" data-element_type=\"container\" data-e-type=\"container\" data-settings=\"{&quot;background_background&quot;:&quot;classic&quot;,&quot;jet_parallax_layout_list&quot;:[]}\">\n\t\t\t\t<div class=\"elementor-element elementor-element-d8d7606 elementor-invisible elementor-widget elementor-widget-image\" data-id=\"d8d7606\" data-element_type=\"widget\" data-e-type=\"widget\" data-settings=\"{&quot;_animation&quot;:&quot;fadeIn&quot;,&quot;_animation_delay&quot;:400}\" data-widget_type=\"image.default\">\n\t\t\t\t\t\t\t\t\t\t\t\t\t\t\t<img fetchpriority=\"high\" decoding=\"async\" width=\"800\" height=\"532\" src=\"https:\/\/ruta3reis.tortosaturisme.cat\/wp-content\/uploads\/2026\/02\/3-Reyes-104-1024x681.webp\" class=\"attachment-large size-large wp-image-889\" alt=\"Parella passejant\" srcset=\"https:\/\/ruta3reis.tortosaturisme.cat\/wp-content\/uploads\/2026\/02\/3-Reyes-104-1024x681.webp 1024w, https:\/\/ruta3reis.tortosaturisme.cat\/wp-content\/uploads\/2026\/02\/3-Reyes-104-300x200.webp 300w, https:\/\/ruta3reis.tortosaturisme.cat\/wp-content\/uploads\/2026\/02\/3-Reyes-104-768x511.webp 768w, https:\/\/ruta3reis.tortosaturisme.cat\/wp-content\/uploads\/2026\/02\/3-Reyes-104.webp 1087w\" sizes=\"(max-width: 800px) 100vw, 800px\" \/>\t\t\t\t\t\t\t\t\t\t\t\t\t\t\t<\/div>\n\t\t\t\t<\/div>\n\t\t\t\t<\/div>\n\t\t\t\t\t<\/div>\n\t\t\t\t<\/div>\n\t\t<div class=\"elementor-element elementor-element-00cffc5 e-flex e-con-boxed e-con e-parent\" data-id=\"00cffc5\" data-element_type=\"container\" data-e-type=\"container\" data-settings=\"{&quot;background_background&quot;:&quot;classic&quot;,&quot;jet_parallax_layout_list&quot;:[]}\">\n\t\t\t\t\t<div class=\"e-con-inner\">\n\t\t<div class=\"elementor-element elementor-element-c15ff53 e-con-full e-flex e-con e-child\" data-id=\"c15ff53\" data-element_type=\"container\" data-e-type=\"container\" data-settings=\"{&quot;jet_parallax_layout_list&quot;:[]}\">\n\t\t\t\t<div class=\"elementor-element elementor-element-d486642 elementor-invisible elementor-widget elementor-widget-heading\" data-id=\"d486642\" data-element_type=\"widget\" data-e-type=\"widget\" data-settings=\"{&quot;_animation&quot;:&quot;fadeIn&quot;}\" data-widget_type=\"heading.default\">\n\t\t\t\t\t<h2 class=\"elementor-heading-title elementor-size-default\">Descobreix la personalitat de cadascun!<\/h2>\t\t\t\t<\/div>\n\t\t\t\t<\/div>\n\t\t<div class=\"elementor-element elementor-element-5cd6a93 e-con-full e-flex e-con e-child\" data-id=\"5cd6a93\" data-element_type=\"container\" data-e-type=\"container\" data-settings=\"{&quot;animation&quot;:&quot;none&quot;,&quot;jet_parallax_layout_list&quot;:[]}\">\n\t\t<div class=\"elementor-element elementor-element-75a65a7 e-con-full e-flex elementor-invisible e-con e-child\" data-id=\"75a65a7\" data-element_type=\"container\" data-e-type=\"container\" data-settings=\"{&quot;animation&quot;:&quot;fadeIn&quot;,&quot;animation_delay&quot;:200,&quot;jet_parallax_layout_list&quot;:[]}\">\n\t\t<a class=\"elementor-element elementor-element-0b550bb e-con-full e-flex elementor-invisible e-con e-child\" data-id=\"0b550bb\" data-element_type=\"container\" data-e-type=\"container\" data-settings=\"{&quot;background_background&quot;:&quot;classic&quot;,&quot;animation&quot;:&quot;fadeIn&quot;,&quot;animation_delay&quot;:200,&quot;jet_parallax_layout_list&quot;:[]}\" href=\"https:\/\/ruta3reis.tortosaturisme.cat\/ca\/la-ruta-3-reis\/12-imprescindibles\/\">\n\t\t\t\t<div class=\"elementor-element elementor-element-463759d elementor-widget elementor-widget-image\" data-id=\"463759d\" data-element_type=\"widget\" data-e-type=\"widget\" data-widget_type=\"image.default\">\n\t\t\t\t\t\t\t\t\t\t\t\t\t\t\t<img decoding=\"async\" width=\"800\" height=\"532\" src=\"https:\/\/ruta3reis.tortosaturisme.cat\/wp-content\/uploads\/2026\/02\/3-Reyes-86-1024x681.webp\" class=\"attachment-large size-large wp-image-890\" alt=\"Parella en un mirador\" srcset=\"https:\/\/ruta3reis.tortosaturisme.cat\/wp-content\/uploads\/2026\/02\/3-Reyes-86-1024x681.webp 1024w, https:\/\/ruta3reis.tortosaturisme.cat\/wp-content\/uploads\/2026\/02\/3-Reyes-86-300x200.webp 300w, https:\/\/ruta3reis.tortosaturisme.cat\/wp-content\/uploads\/2026\/02\/3-Reyes-86-768x511.webp 768w, https:\/\/ruta3reis.tortosaturisme.cat\/wp-content\/uploads\/2026\/02\/3-Reyes-86-1536x1022.webp 1536w, https:\/\/ruta3reis.tortosaturisme.cat\/wp-content\/uploads\/2026\/02\/3-Reyes-86.webp 2000w\" sizes=\"(max-width: 800px) 100vw, 800px\" \/>\t\t\t\t\t\t\t\t\t\t\t\t\t\t\t<\/div>\n\t\t\t\t<\/a>\n\t\t\t\t<div class=\"elementor-element elementor-element-ba33400 elementor-widget elementor-widget-heading\" data-id=\"ba33400\" data-element_type=\"widget\" data-e-type=\"widget\" data-widget_type=\"heading.default\">\n\t\t\t\t\t<h3 class=\"elementor-heading-title elementor-size-default\">Els 12 imprescindibles<\/h3>\t\t\t\t<\/div>\n\t\t\t\t<\/div>\n\t\t<div class=\"elementor-element elementor-element-811835f e-con-full e-flex elementor-invisible e-con e-child\" data-id=\"811835f\" data-element_type=\"container\" data-e-type=\"container\" data-settings=\"{&quot;animation&quot;:&quot;fadeIn&quot;,&quot;animation_delay&quot;:400,&quot;jet_parallax_layout_list&quot;:[]}\">\n\t\t<a class=\"elementor-element elementor-element-87b0639 e-con-full e-flex e-con e-child\" data-id=\"87b0639\" data-element_type=\"container\" data-e-type=\"container\" data-settings=\"{&quot;background_background&quot;:&quot;classic&quot;,&quot;jet_parallax_layout_list&quot;:[]}\" href=\"https:\/\/ruta3reis.tortosaturisme.cat\/ca\/la-ruta-3-reis\/la-ruta-en-3-dies\/\">\n\t\t\t\t<div class=\"elementor-element elementor-element-f7b2937 elementor-widget elementor-widget-image\" data-id=\"f7b2937\" data-element_type=\"widget\" data-e-type=\"widget\" data-widget_type=\"image.default\">\n\t\t\t\t\t\t\t\t\t\t\t\t\t\t\t<img decoding=\"async\" width=\"800\" height=\"532\" src=\"https:\/\/ruta3reis.tortosaturisme.cat\/wp-content\/uploads\/2026\/02\/65.-\u00a9_Ruta-3-Reyes_David-Gil_Tortosa_Reales-Colegios-1024x681.webp\" class=\"attachment-large size-large wp-image-887\" alt=\"Reials Col\u00b7legis Tortosa\" srcset=\"https:\/\/ruta3reis.tortosaturisme.cat\/wp-content\/uploads\/2026\/02\/65.-\u00a9_Ruta-3-Reyes_David-Gil_Tortosa_Reales-Colegios-1024x681.webp 1024w, https:\/\/ruta3reis.tortosaturisme.cat\/wp-content\/uploads\/2026\/02\/65.-\u00a9_Ruta-3-Reyes_David-Gil_Tortosa_Reales-Colegios-300x200.webp 300w, https:\/\/ruta3reis.tortosaturisme.cat\/wp-content\/uploads\/2026\/02\/65.-\u00a9_Ruta-3-Reyes_David-Gil_Tortosa_Reales-Colegios-768x511.webp 768w, https:\/\/ruta3reis.tortosaturisme.cat\/wp-content\/uploads\/2026\/02\/65.-\u00a9_Ruta-3-Reyes_David-Gil_Tortosa_Reales-Colegios-1536x1022.webp 1536w, https:\/\/ruta3reis.tortosaturisme.cat\/wp-content\/uploads\/2026\/02\/65.-\u00a9_Ruta-3-Reyes_David-Gil_Tortosa_Reales-Colegios.webp 1920w\" sizes=\"(max-width: 800px) 100vw, 800px\" \/>\t\t\t\t\t\t\t\t\t\t\t\t\t\t\t<\/div>\n\t\t\t\t<\/a>\n\t\t\t\t<div class=\"elementor-element elementor-element-6f3f236 elementor-widget elementor-widget-heading\" data-id=\"6f3f236\" data-element_type=\"widget\" data-e-type=\"widget\" data-widget_type=\"heading.default\">\n\t\t\t\t\t<h3 class=\"elementor-heading-title elementor-size-default\">La Ruta en 3 dies<\/h3>\t\t\t\t<\/div>\n\t\t\t\t<\/div>\n\t\t\t\t<\/div>\n\t\t\t\t\t<\/div>\n\t\t\t\t<\/div>\n\t\t<div class=\"elementor-element elementor-element-77313a1 e-flex e-con-boxed e-con e-parent\" data-id=\"77313a1\" data-element_type=\"container\" data-e-type=\"container\" data-settings=\"{&quot;jet_parallax_layout_list&quot;:[]}\">\n\t\t\t\t\t<div class=\"e-con-inner\">\n\t\t<div class=\"elementor-element elementor-element-e02b2d3 e-con-full e-flex e-con e-child\" data-id=\"e02b2d3\" data-element_type=\"container\" data-e-type=\"container\" data-settings=\"{&quot;jet_parallax_layout_list&quot;:[]}\">\n\t\t<div class=\"elementor-element elementor-element-a786fa6 e-con-full e-flex elementor-invisible e-con e-child\" data-id=\"a786fa6\" data-element_type=\"container\" data-e-type=\"container\" data-settings=\"{&quot;animation&quot;:&quot;fadeIn&quot;,&quot;animation_delay&quot;:200,&quot;jet_parallax_layout_list&quot;:[]}\">\n\t\t\t\t<div class=\"elementor-element elementor-element-6dcab85 elementor-widget elementor-widget-image\" data-id=\"6dcab85\" data-element_type=\"widget\" data-e-type=\"widget\" data-widget_type=\"image.default\">\n\t\t\t\t\t\t\t\t\t\t\t\t\t\t\t<img loading=\"lazy\" decoding=\"async\" width=\"346\" height=\"361\" src=\"https:\/\/ruta3reis.tortosaturisme.cat\/wp-content\/uploads\/2026\/02\/Recurso-2@3x2.png\" class=\"attachment-large size-large wp-image-714\" alt=\"Icona naturalesa\" srcset=\"https:\/\/ruta3reis.tortosaturisme.cat\/wp-content\/uploads\/2026\/02\/Recurso-2@3x2.png 346w, https:\/\/ruta3reis.tortosaturisme.cat\/wp-content\/uploads\/2026\/02\/Recurso-2@3x2-288x300.png 288w\" sizes=\"(max-width: 346px) 100vw, 346px\" \/>\t\t\t\t\t\t\t\t\t\t\t\t\t\t\t<\/div>\n\t\t<div class=\"elementor-element elementor-element-dcd2582 e-con-full e-flex e-con e-child\" data-id=\"dcd2582\" data-element_type=\"container\" data-e-type=\"container\" data-settings=\"{&quot;jet_parallax_layout_list&quot;:[]}\">\n\t\t\t\t<div class=\"elementor-element elementor-element-eca230b elementor-widget elementor-widget-heading\" data-id=\"eca230b\" data-element_type=\"widget\" data-e-type=\"widget\" data-widget_type=\"heading.default\">\n\t\t\t\t\t<h3 class=\"elementor-heading-title elementor-size-default\">Naturalesa<\/h3>\t\t\t\t<\/div>\n\t\t\t\t<div class=\"elementor-element elementor-element-746c648 elementor-widget elementor-widget-text-editor\" data-id=\"746c648\" data-element_type=\"widget\" data-e-type=\"widget\" data-widget_type=\"text-editor.default\">\n\t\t\t\t\t\t\t\t\t<p>Ruta 3 Reis al natural<\/p>\t\t\t\t\t\t\t\t<\/div>\n\t\t\t\t<\/div>\n\t\t\t\t<div class=\"elementor-element elementor-element-ede75ae elementor-align-center elementor-widget elementor-widget-button\" data-id=\"ede75ae\" data-element_type=\"widget\" data-e-type=\"widget\" data-widget_type=\"button.default\">\n\t\t\t\t\t\t\t\t\t\t<a class=\"elementor-button elementor-button-link elementor-size-sm\" href=\"https:\/\/ruta3reis.tortosaturisme.cat\/ca\/la-ruta-3-reis\/\">\n\t\t\t\t\t\t<span class=\"elementor-button-content-wrapper\">\n\t\t\t\t\t\t\t\t\t<span class=\"elementor-button-text\">Descobreix-la<\/span>\n\t\t\t\t\t<\/span>\n\t\t\t\t\t<\/a>\n\t\t\t\t\t\t\t\t<\/div>\n\t\t\t\t<\/div>\n\t\t<div class=\"elementor-element elementor-element-b309285 e-con-full e-flex elementor-invisible e-con e-child\" data-id=\"b309285\" data-element_type=\"container\" data-e-type=\"container\" data-settings=\"{&quot;animation&quot;:&quot;fadeIn&quot;,&quot;animation_delay&quot;:400,&quot;jet_parallax_layout_list&quot;:[]}\">\n\t\t\t\t<div class=\"elementor-element elementor-element-8be159a elementor-widget elementor-widget-image\" data-id=\"8be159a\" data-element_type=\"widget\" data-e-type=\"widget\" data-widget_type=\"image.default\">\n\t\t\t\t\t\t\t\t\t\t\t\t\t\t\t<img loading=\"lazy\" decoding=\"async\" width=\"351\" height=\"361\" src=\"https:\/\/ruta3reis.tortosaturisme.cat\/wp-content\/uploads\/2026\/02\/Recurso-1@3x2.png\" class=\"attachment-large size-large wp-image-715\" alt=\"Icona taula\" srcset=\"https:\/\/ruta3reis.tortosaturisme.cat\/wp-content\/uploads\/2026\/02\/Recurso-1@3x2.png 351w, https:\/\/ruta3reis.tortosaturisme.cat\/wp-content\/uploads\/2026\/02\/Recurso-1@3x2-292x300.png 292w\" sizes=\"(max-width: 351px) 100vw, 351px\" \/>\t\t\t\t\t\t\t\t\t\t\t\t\t\t\t<\/div>\n\t\t<div class=\"elementor-element elementor-element-0fa1726 e-con-full e-flex e-con e-child\" data-id=\"0fa1726\" data-element_type=\"container\" data-e-type=\"container\" data-settings=\"{&quot;jet_parallax_layout_list&quot;:[]}\">\n\t\t\t\t<div class=\"elementor-element elementor-element-7fe365f elementor-widget elementor-widget-heading\" data-id=\"7fe365f\" data-element_type=\"widget\" data-e-type=\"widget\" data-widget_type=\"heading.default\">\n\t\t\t\t\t<h3 class=\"elementor-heading-title elementor-size-default\">Gastronomia<\/h3>\t\t\t\t<\/div>\n\t\t\t\t<div class=\"elementor-element elementor-element-f066390 elementor-widget elementor-widget-text-editor\" data-id=\"f066390\" data-element_type=\"widget\" data-e-type=\"widget\" data-widget_type=\"text-editor.default\">\n\t\t\t\t\t\t\t\t\t<p>El sabor de la Ruta 3 Reis<\/p>\t\t\t\t\t\t\t\t<\/div>\n\t\t\t\t<\/div>\n\t\t\t\t<div class=\"elementor-element elementor-element-f3b984f elementor-align-center elementor-widget elementor-widget-button\" data-id=\"f3b984f\" data-element_type=\"widget\" data-e-type=\"widget\" data-widget_type=\"button.default\">\n\t\t\t\t\t\t\t\t\t\t<a class=\"elementor-button elementor-button-link elementor-size-sm\" href=\"https:\/\/ruta3reis.tortosaturisme.cat\/ca\/la-ruta-3-reis\/el-sabor-de-la-ruta\/\">\n\t\t\t\t\t\t<span class=\"elementor-button-content-wrapper\">\n\t\t\t\t\t\t\t\t\t<span class=\"elementor-button-text\">Descobreix-la<\/span>\n\t\t\t\t\t<\/span>\n\t\t\t\t\t<\/a>\n\t\t\t\t\t\t\t\t<\/div>\n\t\t\t\t<\/div>\n\t\t<div class=\"elementor-element elementor-element-92bc4f2 e-con-full e-flex elementor-invisible e-con e-child\" data-id=\"92bc4f2\" data-element_type=\"container\" data-e-type=\"container\" data-settings=\"{&quot;animation&quot;:&quot;fadeIn&quot;,&quot;animation_delay&quot;:400,&quot;jet_parallax_layout_list&quot;:[]}\">\n\t\t\t\t<div class=\"elementor-element elementor-element-ccc3c15 elementor-widget elementor-widget-image\" data-id=\"ccc3c15\" data-element_type=\"widget\" data-e-type=\"widget\" data-widget_type=\"image.default\">\n\t\t\t\t\t\t\t\t\t\t\t\t\t\t\t<img loading=\"lazy\" decoding=\"async\" width=\"373\" height=\"361\" src=\"https:\/\/ruta3reis.tortosaturisme.cat\/wp-content\/uploads\/2026\/02\/Recurso-3@3x2.png\" class=\"attachment-large size-large wp-image-716\" alt=\"\" srcset=\"https:\/\/ruta3reis.tortosaturisme.cat\/wp-content\/uploads\/2026\/02\/Recurso-3@3x2.png 373w, https:\/\/ruta3reis.tortosaturisme.cat\/wp-content\/uploads\/2026\/02\/Recurso-3@3x2-300x290.png 300w\" sizes=\"(max-width: 373px) 100vw, 373px\" \/>\t\t\t\t\t\t\t\t\t\t\t\t\t\t\t<\/div>\n\t\t<div class=\"elementor-element elementor-element-d33acd1 e-con-full e-flex e-con e-child\" data-id=\"d33acd1\" data-element_type=\"container\" data-e-type=\"container\" data-settings=\"{&quot;jet_parallax_layout_list&quot;:[]}\">\n\t\t\t\t<div class=\"elementor-element elementor-element-cb5b22e elementor-widget elementor-widget-heading\" data-id=\"cb5b22e\" data-element_type=\"widget\" data-e-type=\"widget\" data-widget_type=\"heading.default\">\n\t\t\t\t\t<h3 class=\"elementor-heading-title elementor-size-default\">Festes i festivitats<\/h3>\t\t\t\t<\/div>\n\t\t\t\t<div class=\"elementor-element elementor-element-cdd2310 elementor-widget elementor-widget-text-editor\" data-id=\"cdd2310\" data-element_type=\"widget\" data-e-type=\"widget\" data-widget_type=\"text-editor.default\">\n\t\t\t\t\t\t\t\t\t<p>Festes d&#8217;Inter\u00e8s Tur\u00edstic Nacional i un intens calendari cultural<\/p>\t\t\t\t\t\t\t\t<\/div>\n\t\t\t\t<\/div>\n\t\t\t\t<div class=\"elementor-element elementor-element-da0e4db elementor-align-center elementor-widget elementor-widget-button\" data-id=\"da0e4db\" data-element_type=\"widget\" data-e-type=\"widget\" data-widget_type=\"button.default\">\n\t\t\t\t\t\t\t\t\t\t<a class=\"elementor-button elementor-button-link elementor-size-sm\" href=\"https:\/\/ruta3reis.tortosaturisme.cat\/ca\/la-ruta-3-reis\/\">\n\t\t\t\t\t\t<span class=\"elementor-button-content-wrapper\">\n\t\t\t\t\t\t\t\t\t<span class=\"elementor-button-text\">Descobreix-la<\/span>\n\t\t\t\t\t<\/span>\n\t\t\t\t\t<\/a>\n\t\t\t\t\t\t\t\t<\/div>\n\t\t\t\t<\/div>\n\t\t\t\t<\/div>\n\t\t\t\t\t<\/div>\n\t\t\t\t<\/div>\n\t\t\t\t<\/div>\n\t\t","protected":false},"excerpt":{"rendered":"<p>La Ruta 3 Reis La Ruta 3 Reis \u00e9s una ruta tur\u00edstica que proposa al viatger descobrir de manera conjunta els atractius de tres localitats unides per la hist\u00f2ria. Es tracta d&#8217;una ruta circular que es dibuixa al voltant de l&#8217;espai natural del Mass\u00eds dels Ports i que uneix els municipis d&#8217;Alcany\u00eds (a l&#8217;Arag\u00f3), Morella [&hellip;]<\/p>\n","protected":false},"author":1,"featured_media":0,"parent":0,"menu_order":0,"comment_status":"closed","ping_status":"closed","template":"elementor_header_footer","meta":{"footnotes":""},"class_list":["post-886","page","type-page","status-publish","hentry"],"_links":{"self":[{"href":"https:\/\/ruta3reis.tortosaturisme.cat\/ca\/wp-json\/wp\/v2\/pages\/886","targetHints":{"allow":["GET"]}}],"collection":[{"href":"https:\/\/ruta3reis.tortosaturisme.cat\/ca\/wp-json\/wp\/v2\/pages"}],"about":[{"href":"https:\/\/ruta3reis.tortosaturisme.cat\/ca\/wp-json\/wp\/v2\/types\/page"}],"author":[{"embeddable":true,"href":"https:\/\/ruta3reis.tortosaturisme.cat\/ca\/wp-json\/wp\/v2\/users\/1"}],"replies":[{"embeddable":true,"href":"https:\/\/ruta3reis.tortosaturisme.cat\/ca\/wp-json\/wp\/v2\/comments?post=886"}],"version-history":[{"count":1,"href":"https:\/\/ruta3reis.tortosaturisme.cat\/ca\/wp-json\/wp\/v2\/pages\/886\/revisions"}],"predecessor-version":[{"id":891,"href":"https:\/\/ruta3reis.tortosaturisme.cat\/ca\/wp-json\/wp\/v2\/pages\/886\/revisions\/891"}],"wp:attachment":[{"href":"https:\/\/ruta3reis.tortosaturisme.cat\/ca\/wp-json\/wp\/v2\/media?parent=886"}],"curies":[{"name":"wp","href":"https:\/\/api.w.org\/{rel}","templated":true}]}}