{"id":732,"date":"2026-02-05T09:52:24","date_gmt":"2026-02-05T08:52:24","guid":{"rendered":"https:\/\/ruta3reis.tortosaturisme.cat\/tortosa\/"},"modified":"2026-02-06T21:07:16","modified_gmt":"2026-02-06T20:07:16","slug":"tortosa","status":"publish","type":"page","link":"https:\/\/ruta3reis.tortosaturisme.cat\/fr\/3-etapes-3-identites\/tortosa\/","title":{"rendered":"Tortosa"},"content":{"rendered":"\t\t<div data-elementor-type=\"wp-page\" data-elementor-id=\"732\" class=\"elementor elementor-732 elementor-33\" data-elementor-post-type=\"page\">\n\t\t\t\t<div class=\"elementor-element elementor-element-8e6fda5 e-flex e-con-boxed e-con e-parent\" data-id=\"8e6fda5\" data-element_type=\"container\" data-e-type=\"container\" data-settings=\"{&quot;jet_parallax_layout_list&quot;:[]}\">\n\t\t\t\t\t<div class=\"e-con-inner\">\n\t\t<div class=\"elementor-element elementor-element-85ef81d e-con-full e-flex e-con e-child\" data-id=\"85ef81d\" data-element_type=\"container\" data-e-type=\"container\" data-settings=\"{&quot;jet_parallax_layout_list&quot;:[]}\">\n\t\t\t\t<div class=\"elementor-element elementor-element-5bc150b elementor-widget elementor-widget-heading\" data-id=\"5bc150b\" data-element_type=\"widget\" data-e-type=\"widget\" data-widget_type=\"heading.default\">\n\t\t\t\t\t<h1 class=\"elementor-heading-title elementor-size-default\">Tortosa<\/h1>\t\t\t\t<\/div>\n\t\t\t\t<\/div>\n\t\t<div class=\"elementor-element elementor-element-41b3031 e-con-full e-flex e-con e-child\" data-id=\"41b3031\" data-element_type=\"container\" data-e-type=\"container\" data-settings=\"{&quot;jet_parallax_layout_list&quot;:[]}\">\n\t\t\t\t<div class=\"elementor-element elementor-element-3d49fb5 elementor-widget elementor-widget-heading\" data-id=\"3d49fb5\" data-element_type=\"widget\" data-e-type=\"widget\" data-widget_type=\"heading.default\">\n\t\t\t\t\t<h2 class=\"elementor-heading-title elementor-size-default\">La ville de la Renaissance<\/h2>\t\t\t\t<\/div>\n\t\t\t\t<\/div>\n\t\t<div class=\"elementor-element elementor-element-f53d301 e-con-full e-flex e-con e-child\" data-id=\"f53d301\" data-element_type=\"container\" data-e-type=\"container\" data-settings=\"{&quot;jet_parallax_layout_list&quot;:[]}\">\n\t\t\t\t<\/div>\n\t\t\t\t\t<\/div>\n\t\t\t\t<\/div>\n\t\t<div class=\"elementor-element elementor-element-3674bdb e-con-full e-flex e-con e-parent\" data-id=\"3674bdb\" data-element_type=\"container\" data-e-type=\"container\" data-settings=\"{&quot;jet_parallax_layout_list&quot;:[]}\">\n\t\t<div class=\"elementor-element elementor-element-d020cbf e-con-full e-flex e-con e-child\" data-id=\"d020cbf\" data-element_type=\"container\" data-e-type=\"container\" data-settings=\"{&quot;jet_parallax_layout_list&quot;:[]}\">\n\t\t\t\t<div class=\"elementor-element elementor-element-7b4584b elementor-widget elementor-widget-text-editor\" data-id=\"7b4584b\" data-element_type=\"widget\" data-e-type=\"widget\" data-widget_type=\"text-editor.default\">\n\t\t\t\t\t\t\t\t\t<p>Nous aimons les myst\u00e8res, et celui du pass\u00e9 ib\u00e8re de Tortosa n&rsquo;est pas des moindres. Bien que nous sachions avec certitude que les Ib\u00e8res ont d\u00e9cid\u00e9 de s&rsquo;installer \u00e0 l&rsquo;endroit o\u00f9 se dresse aujourd&rsquo;hui la ville, certains historiens osent affirmer que c&rsquo;est ici qu&rsquo;ils ont construit l&rsquo;importante et <strong>\u00e9nigmatique ville d&rsquo;Hib\u00e9rie<\/strong>. Cette ville aurait \u00e9t\u00e9 si importante pour la p\u00e9ninsule qu&rsquo;elle en aurait tir\u00e9 son nom, tout comme le fleuve \u00c8bre, qui \u00e0 l&rsquo;\u00e9poque s&rsquo;appelait Iber. Mais la civilisation ib\u00e9rique n&rsquo;est pas la seule \u00e0 avoir marqu\u00e9 l&rsquo;histoire de Tortosa et \u00e0 l&rsquo;avoir transform\u00e9e en la ville surprenante qu&rsquo;elle est aujourd&rsquo;hui. Au cours du bas Moyen \u00c2ge, chr\u00e9tiens, musulmans et juifs y ont coexist\u00e9 dans une relative harmonie, lui valant le surnom de <strong>Ville des trois cultures<\/strong>. C&rsquo;est toutefois au XVIe si\u00e8cle, avec la <strong>Renaissance<\/strong>, que la ville a connu son apog\u00e9e et est devenue le centre artistique et culturel le plus important de la Catalogne de l&rsquo;\u00e9poque.     <\/p><p>C&rsquo;est alors que l&rsquo;un des ensembles monumentaux les plus sp\u00e9ciaux de la ville a \u00e9t\u00e9 construit&nbsp;: <strong>Les Coll\u00e8ges Royaux<\/strong>, qui ont \u00e9t\u00e9 cr\u00e9\u00e9s dans le but d&rsquo;\u00e9duquer les morisques dans la chr\u00e9tient\u00e9. L&rsquo;ensemble est compos\u00e9 de trois b\u00e2timents qui conservent leurs beaux portails&nbsp;: le <strong>Coll\u00e8ge de San Jaime et San Mat\u00edas<\/strong>, avec sa cour carr\u00e9e d&rsquo;influence italienne unique en Catalogne et orn\u00e9e d&rsquo;une frise sculpt\u00e9e avec les visages et les blasons des rois et reines de la Couronne d&rsquo;Aragon&nbsp;; le <strong>Coll\u00e8ge de San Jorge et San Domingo<\/strong>, ancienne universit\u00e9 de la ville&nbsp;; et l&rsquo;<strong>\u00e9glise de San Domingo<\/strong>, o\u00f9 l&rsquo;on peut actuellement visiter l&rsquo;exposition permanente sur l&rsquo;histoire de la ville et la <strong>F\u00eate de la Renaissance<\/strong>. <\/p>\t\t\t\t\t\t\t\t<\/div>\n\t\t\t\t<\/div>\n\t\t<div class=\"elementor-element elementor-element-d639f9b e-con-full e-flex e-con e-child\" data-id=\"d639f9b\" data-element_type=\"container\" data-e-type=\"container\" data-settings=\"{&quot;background_background&quot;:&quot;classic&quot;,&quot;jet_parallax_layout_list&quot;:[]}\">\n\t\t\t\t<\/div>\n\t\t\t\t<\/div>\n\t\t<div class=\"elementor-element elementor-element-fd0baf8 e-flex e-con-boxed e-con e-parent\" data-id=\"fd0baf8\" data-element_type=\"container\" data-e-type=\"container\" data-settings=\"{&quot;background_background&quot;:&quot;classic&quot;,&quot;jet_parallax_layout_list&quot;:[]}\">\n\t\t\t\t\t<div class=\"e-con-inner\">\n\t\t<div class=\"elementor-element elementor-element-99974ec e-con-full e-flex e-con e-child\" data-id=\"99974ec\" data-element_type=\"container\" data-e-type=\"container\" data-settings=\"{&quot;jet_parallax_layout_list&quot;:[]}\">\n\t\t\t\t<div class=\"elementor-element elementor-element-31c1b52 elementor-widget elementor-widget-text-editor\" data-id=\"31c1b52\" data-element_type=\"widget\" data-e-type=\"widget\" data-widget_type=\"text-editor.default\">\n\t\t\t\t\t\t\t\t\t<p>Mais revenons en arri\u00e8re pour rappeler que ce sont les Arabes qui ont construit un autre des symboles de Tortosa&nbsp;: le <strong>Ch\u00e2teau de la Zuda<\/strong>, \u00e9rig\u00e9 au Xe si\u00e8cle. Cette construction monumentale qui veille, imposante, depuis la colline centrale de la vieille ville, offre des vues spectaculaires, un paysage qui a beaucoup chang\u00e9 depuis que Jaume&nbsp;Ier y a v\u00e9cu et dont peuvent profiter ceux qui s\u00e9journent au Parador Nacional int\u00e9gr\u00e9 au ch\u00e2teau. Non loin de l\u00e0, nous trouverons la <strong>Cath\u00e9drale de Santa Mar\u00eda<\/strong>, l&rsquo;un des exemples les plus remarquables du gothique catalan et le troisi\u00e8me joyau de la couronne de la localit\u00e9. Mais Tortosa r\u00e9serve bien d&rsquo;autres propositions des plus attrayantes, comme l&rsquo;<strong>Espace Cota&nbsp;0<\/strong>, des gisements arch\u00e9ologiques mus\u00e9ifi\u00e9s o\u00f9 l&rsquo;on peut parcourir 1&nbsp;500&nbsp;ans d&rsquo;histoire&nbsp;; le <strong>Palais \u00c9piscopal<\/strong>, un v\u00e9ritable joyau du gothique civil&nbsp;; ou l&rsquo;<strong>ancien abattoir municipal<\/strong>, un magnifique b\u00e2timent moderniste transform\u00e9 en mus\u00e9e et o\u00f9 se trouve aujourd&rsquo;hui \u00e9galement l&rsquo;office de tourisme. Mais ce n&rsquo;est pas tout, \u00e0 Tortosa, nous trouvons d&rsquo;authentiques tr\u00e9sors en plein air, comme <strong>le quartier juif<\/strong>, le mus\u00e9e de sculptures que sont <strong>les Jardins du Prince<\/strong>, ou la <strong>Promenade des cultures<\/strong>, une installation artistique qui retrace la vie et l&rsquo;\u0153uvre de 15 de ses citoyens les plus illustres.   <\/p>\t\t\t\t\t\t\t\t<\/div>\n\t\t\t\t<\/div>\n\t\t\t\t\t<\/div>\n\t\t\t\t<\/div>\n\t\t<div class=\"elementor-element elementor-element-56b5357 e-flex e-con-boxed e-con e-parent\" data-id=\"56b5357\" data-element_type=\"container\" data-e-type=\"container\" data-settings=\"{&quot;jet_parallax_layout_list&quot;:[]}\">\n\t\t\t\t\t<div class=\"e-con-inner\">\n\t\t<div class=\"elementor-element elementor-element-6cd433e e-con-full e-flex e-con e-child\" data-id=\"6cd433e\" data-element_type=\"container\" data-e-type=\"container\" data-settings=\"{&quot;jet_parallax_layout_list&quot;:[]}\">\n\t\t\t\t<div class=\"elementor-element elementor-element-5d134da elementor-widget elementor-widget-heading\" data-id=\"5d134da\" data-element_type=\"widget\" data-e-type=\"widget\" data-widget_type=\"heading.default\">\n\t\t\t\t\t<h3 class=\"elementor-heading-title elementor-size-default\">Une ville \u00e0 cheval entre deux parcs naturels<\/h3>\t\t\t\t<\/div>\n\t\t\t\t<div class=\"elementor-element elementor-element-e456fc0 elementor-widget elementor-widget-text-editor\" data-id=\"e456fc0\" data-element_type=\"widget\" data-e-type=\"widget\" data-widget_type=\"text-editor.default\">\n\t\t\t\t\t\t\t\t\t<p>Mais si nous parlons de voisins illustres, nous ne pouvons pas oublier de mentionner celui dont le r\u00f4le a \u00e9t\u00e9 essentiel dans le d\u00e9veloppement de la ville et dans son lien avec la mer. Il s&rsquo;agit du <strong>fleuve \u00c8bre<\/strong>, le v\u00e9ritable responsable du caract\u00e8re ouvert, commer\u00e7ant et int\u00e9grateur de Tortosa, un \u00e9l\u00e9ment indissociable de la personnalit\u00e9 de la commune et l&rsquo;espace parfait pour profiter d&rsquo;un magnifique coucher de soleil avec une promenade en bateau \u00e0 la d\u00e9couverte de la ville depuis l&rsquo;eau. Et c&rsquo;est que, sans aucun doute, le fleuve et son environnement sont le principal espace naturel de la ville, situ\u00e9e strat\u00e9giquement entre deux parcs naturels d&rsquo;une grande singularit\u00e9 et beaut\u00e9. Il s&rsquo;agit du parc naturel du delta de l&rsquo;\u00c8bre, avec ses immenses rizi\u00e8res et d\u00e9clar\u00e9 r\u00e9serve de biosph\u00e8re par l&rsquo;UNESCO&nbsp;; et du parc naturel d&rsquo;Els Ports. Les deux sont reli\u00e9s \u00e0 Tortosa par le trac\u00e9 de la V\u00eda Verde, id\u00e9ale pour profiter \u00e0 pied, \u00e0 cheval ou \u00e0 v\u00e9lo. De plus, les amateurs de cyclotourisme trouveront ici la destination parfaite pour profiter de leur passion, gr\u00e2ce aux 56&nbsp;itin\u00e9raires qui ont leur point de d\u00e9part dans la localit\u00e9 et qui offrent des options pour les cyclistes de tous les niveaux.      <\/p>\t\t\t\t\t\t\t\t<\/div>\n\t\t\t\t<\/div>\n\t\t<div class=\"elementor-element elementor-element-f55432e e-con-full e-flex e-con e-child\" data-id=\"f55432e\" data-element_type=\"container\" data-e-type=\"container\" data-settings=\"{&quot;background_background&quot;:&quot;classic&quot;,&quot;jet_parallax_layout_list&quot;:[]}\">\n\t\t\t\t<\/div>\n\t\t\t\t\t<\/div>\n\t\t\t\t<\/div>\n\t\t<div class=\"elementor-element elementor-element-3e52faf e-con-full e-flex e-con e-parent\" data-id=\"3e52faf\" data-element_type=\"container\" data-e-type=\"container\" data-settings=\"{&quot;jet_parallax_layout_list&quot;:[]}\">\n\t\t<div class=\"elementor-element elementor-element-9decfe4 e-con-full e-flex e-con e-child\" data-id=\"9decfe4\" data-element_type=\"container\" data-e-type=\"container\" data-settings=\"{&quot;background_background&quot;:&quot;classic&quot;,&quot;jet_parallax_layout_list&quot;:[]}\">\n\t\t\t\t<\/div>\n\t\t<div class=\"elementor-element elementor-element-33a6f9e e-con-full e-flex e-con e-child\" data-id=\"33a6f9e\" data-element_type=\"container\" data-e-type=\"container\" data-settings=\"{&quot;background_background&quot;:&quot;classic&quot;,&quot;jet_parallax_layout_list&quot;:[]}\">\n\t\t\t\t<div class=\"elementor-element elementor-element-88cc601 elementor-widget elementor-widget-heading\" data-id=\"88cc601\" data-element_type=\"widget\" data-e-type=\"widget\" data-widget_type=\"heading.default\">\n\t\t\t\t\t<h3 class=\"elementor-heading-title elementor-size-default\">Probablement, la meilleure reconstitution historique du sud de l'Europe<\/h3>\t\t\t\t<\/div>\n\t\t\t\t<div class=\"elementor-element elementor-element-260df39 elementor-widget elementor-widget-text-editor\" data-id=\"260df39\" data-element_type=\"widget\" data-e-type=\"widget\" data-widget_type=\"text-editor.default\">\n\t\t\t\t\t\t\t\t\t<p>Mais Tortosa offre en plus quelque chose de pratiquement impossible&nbsp;: la possibilit\u00e9 de faire un voyage dans le pass\u00e9, cela dit, sans machine \u00e0 remonter le temps. Comment y parvient-elle&nbsp;? Eh bien, gr\u00e2ce \u00e0 ses <strong>F\u00eates du Renaixement<\/strong>, un \u00e9v\u00e9nement d\u00e9clar\u00e9 <strong>F\u00eate d&rsquo;int\u00e9r\u00eat touristique national<\/strong>, et qui chaque mois de juillet replonge la population dans son pass\u00e9 m\u00e9di\u00e9val. Pour ce faire, plus de 3&nbsp;000&nbsp;habitants de Tortosa se lancent dans les rues v\u00eatus d&rsquo;\u00e9poque, des musiciens et des artistes venus des quatre coins du monde occupent les places et autres recoins avec leurs spectacles, des stands d&rsquo;artisans et des tavernes surgissent, et des recettes centenaires sont r\u00e9cup\u00e9r\u00e9es et inondent les recoins de la commune de leur odeur exquise. En d\u00e9finitive, une explosion de couleurs, musicale et gastronomique qui ravira ceux qui la visitent.    <\/p><p>Bien s\u00fbr, le calendrier festif de la ville marque d&rsquo;autres rendez-vous importants. Nous en soulignerons deux. La premi\u00e8re, <strong>El Setge de Tortosa<\/strong>, une reconstitution historique mise en sc\u00e8ne dans le patrimoine de la ville qui, entre d\u00e9fil\u00e9s, chevaux, batailles, poudre \u00e0 canon et la reconstitution de la vie civile et militaire de l&rsquo;\u00e9poque, rappelle l&rsquo;un des \u00e9pisodes guerriers les plus importants qu&rsquo;elle ait v\u00e9cus&nbsp;: celui du 8&nbsp;juillet&nbsp;1708 en plein conflit de la guerre de Succession. La seconde, les <strong>F\u00eates de la Cinta<\/strong>, la f\u00eate patronale de la ville d\u00e9di\u00e9e \u00e0 la Vierge de la Cinta et qui remplit la ville de cinq jours d&rsquo;activit\u00e9 autour du premier dimanche de septembre.   <\/p>\t\t\t\t\t\t\t\t<\/div>\n\t\t\t\t<\/div>\n\t\t\t\t<\/div>\n\t\t<div class=\"elementor-element elementor-element-b6a0988 e-flex e-con-boxed e-con e-parent\" data-id=\"b6a0988\" data-element_type=\"container\" data-e-type=\"container\" data-settings=\"{&quot;jet_parallax_layout_list&quot;:[]}\">\n\t\t\t\t\t<div class=\"e-con-inner\">\n\t\t<div class=\"elementor-element elementor-element-ac1983b e-con-full e-flex e-con e-child\" data-id=\"ac1983b\" data-element_type=\"container\" data-e-type=\"container\" data-settings=\"{&quot;background_background&quot;:&quot;classic&quot;,&quot;jet_parallax_layout_list&quot;:[]}\">\n\t\t\t\t<div class=\"elementor-element elementor-element-06e76a1 elementor-widget elementor-widget-heading\" data-id=\"06e76a1\" data-element_type=\"widget\" data-e-type=\"widget\" data-widget_type=\"heading.default\">\n\t\t\t\t\t<h4 class=\"elementor-heading-title elementor-size-default\"><a href=\"https:\/\/ruta3reis.tortosaturisme.cat\/3-etapas-3-identidades\/alcaniz\/\">&lt; Alca\u00f1iz<\/a><\/h4>\t\t\t\t<\/div>\n\t\t\t\t<\/div>\n\t\t<div class=\"elementor-element elementor-element-129cf2f e-con-full e-flex e-con e-child\" data-id=\"129cf2f\" data-element_type=\"container\" data-e-type=\"container\" data-settings=\"{&quot;background_background&quot;:&quot;classic&quot;,&quot;jet_parallax_layout_list&quot;:[]}\">\n\t\t\t\t<div class=\"elementor-element elementor-element-432dc39 elementor-widget elementor-widget-heading\" data-id=\"432dc39\" data-element_type=\"widget\" data-e-type=\"widget\" data-widget_type=\"heading.default\">\n\t\t\t\t\t<h4 class=\"elementor-heading-title elementor-size-default\"><a href=\"https:\/\/ruta3reis.tortosaturisme.cat\/3-etapas-3-identidades\/morella\/\">Morella &gt;<\/a><\/h4>\t\t\t\t<\/div>\n\t\t\t\t<\/div>\n\t\t\t\t\t<\/div>\n\t\t\t\t<\/div>\n\t\t<div class=\"elementor-element elementor-element-a3c4364 e-flex e-con-boxed e-con e-parent\" data-id=\"a3c4364\" data-element_type=\"container\" data-e-type=\"container\" data-settings=\"{&quot;jet_parallax_layout_list&quot;:[]}\">\n\t\t\t\t\t<div class=\"e-con-inner\">\n\t\t<div class=\"elementor-element elementor-element-5be9f97 e-con-full e-flex e-con e-child\" data-id=\"5be9f97\" data-element_type=\"container\" data-e-type=\"container\" data-settings=\"{&quot;jet_parallax_layout_list&quot;:[]}\">\n\t\t<div class=\"elementor-element elementor-element-e605945 e-con-full e-flex elementor-invisible e-con e-child\" data-id=\"e605945\" data-element_type=\"container\" data-e-type=\"container\" data-settings=\"{&quot;animation&quot;:&quot;fadeIn&quot;,&quot;animation_delay&quot;:200,&quot;jet_parallax_layout_list&quot;:[]}\">\n\t\t\t\t<div class=\"elementor-element elementor-element-4d5f1f8 elementor-widget elementor-widget-image\" data-id=\"4d5f1f8\" data-element_type=\"widget\" data-e-type=\"widget\" data-widget_type=\"image.default\">\n\t\t\t\t\t\t\t\t\t\t\t\t\t\t\t<img fetchpriority=\"high\" decoding=\"async\" width=\"346\" height=\"361\" src=\"https:\/\/ruta3reis.tortosaturisme.cat\/wp-content\/uploads\/2026\/02\/Recurso-2@3x2.png\" class=\"attachment-large size-large wp-image-737\" alt=\"Ic\u00f4ne nature\" srcset=\"https:\/\/ruta3reis.tortosaturisme.cat\/wp-content\/uploads\/2026\/02\/Recurso-2@3x2.png 346w, https:\/\/ruta3reis.tortosaturisme.cat\/wp-content\/uploads\/2026\/02\/Recurso-2@3x2-288x300.png 288w\" sizes=\"(max-width: 346px) 100vw, 346px\" \/>\t\t\t\t\t\t\t\t\t\t\t\t\t\t\t<\/div>\n\t\t<div class=\"elementor-element elementor-element-35e2bf9 e-con-full e-flex e-con e-child\" data-id=\"35e2bf9\" data-element_type=\"container\" data-e-type=\"container\" data-settings=\"{&quot;jet_parallax_layout_list&quot;:[]}\">\n\t\t\t\t<div class=\"elementor-element elementor-element-0b01e9c elementor-widget elementor-widget-heading\" data-id=\"0b01e9c\" data-element_type=\"widget\" data-e-type=\"widget\" data-widget_type=\"heading.default\">\n\t\t\t\t\t<h3 class=\"elementor-heading-title elementor-size-default\">Nature<\/h3>\t\t\t\t<\/div>\n\t\t\t\t<div class=\"elementor-element elementor-element-5853daf elementor-widget elementor-widget-text-editor\" data-id=\"5853daf\" data-element_type=\"widget\" data-e-type=\"widget\" data-widget_type=\"text-editor.default\">\n\t\t\t\t\t\t\t\t\t<p>Route 3&nbsp;Rois au naturel<\/p>\t\t\t\t\t\t\t\t<\/div>\n\t\t\t\t<\/div>\n\t\t\t\t<div class=\"elementor-element elementor-element-967cdc9 elementor-align-center elementor-widget elementor-widget-button\" data-id=\"967cdc9\" data-element_type=\"widget\" data-e-type=\"widget\" data-widget_type=\"button.default\">\n\t\t\t\t\t\t\t\t\t\t<a class=\"elementor-button elementor-button-link elementor-size-sm\" href=\"https:\/\/ruta3reis.tortosaturisme.cat\/fr\/la-route-des-3-rois\/\">\n\t\t\t\t\t\t<span class=\"elementor-button-content-wrapper\">\n\t\t\t\t\t\t\t\t\t<span class=\"elementor-button-text\">D\u00e9couvrez-la<\/span>\n\t\t\t\t\t<\/span>\n\t\t\t\t\t<\/a>\n\t\t\t\t\t\t\t\t<\/div>\n\t\t\t\t<\/div>\n\t\t<div class=\"elementor-element elementor-element-59ec37c e-con-full e-flex elementor-invisible e-con e-child\" data-id=\"59ec37c\" data-element_type=\"container\" data-e-type=\"container\" data-settings=\"{&quot;animation&quot;:&quot;fadeIn&quot;,&quot;animation_delay&quot;:400,&quot;jet_parallax_layout_list&quot;:[]}\">\n\t\t\t\t<div class=\"elementor-element elementor-element-e40f72a elementor-widget elementor-widget-image\" data-id=\"e40f72a\" data-element_type=\"widget\" data-e-type=\"widget\" data-widget_type=\"image.default\">\n\t\t\t\t\t\t\t\t\t\t\t\t\t\t\t<img decoding=\"async\" width=\"351\" height=\"361\" src=\"https:\/\/ruta3reis.tortosaturisme.cat\/wp-content\/uploads\/2026\/02\/Recurso-1@3x2.png\" class=\"attachment-large size-large wp-image-738\" alt=\"Ic\u00f4ne table\" srcset=\"https:\/\/ruta3reis.tortosaturisme.cat\/wp-content\/uploads\/2026\/02\/Recurso-1@3x2.png 351w, https:\/\/ruta3reis.tortosaturisme.cat\/wp-content\/uploads\/2026\/02\/Recurso-1@3x2-292x300.png 292w\" sizes=\"(max-width: 351px) 100vw, 351px\" \/>\t\t\t\t\t\t\t\t\t\t\t\t\t\t\t<\/div>\n\t\t<div class=\"elementor-element elementor-element-796c991 e-con-full e-flex e-con e-child\" data-id=\"796c991\" data-element_type=\"container\" data-e-type=\"container\" data-settings=\"{&quot;jet_parallax_layout_list&quot;:[]}\">\n\t\t\t\t<div class=\"elementor-element elementor-element-d8cc976 elementor-widget elementor-widget-heading\" data-id=\"d8cc976\" data-element_type=\"widget\" data-e-type=\"widget\" data-widget_type=\"heading.default\">\n\t\t\t\t\t<h3 class=\"elementor-heading-title elementor-size-default\">Gastronomie<\/h3>\t\t\t\t<\/div>\n\t\t\t\t<div class=\"elementor-element elementor-element-4d2fe79 elementor-widget elementor-widget-text-editor\" data-id=\"4d2fe79\" data-element_type=\"widget\" data-e-type=\"widget\" data-widget_type=\"text-editor.default\">\n\t\t\t\t\t\t\t\t\t<p>La saveur de la Route 3&nbsp;Rois<\/p>\t\t\t\t\t\t\t\t<\/div>\n\t\t\t\t<\/div>\n\t\t\t\t<div class=\"elementor-element elementor-element-7049ca0 elementor-align-center elementor-widget elementor-widget-button\" data-id=\"7049ca0\" data-element_type=\"widget\" data-e-type=\"widget\" data-widget_type=\"button.default\">\n\t\t\t\t\t\t\t\t\t\t<a class=\"elementor-button elementor-button-link elementor-size-sm\" href=\"https:\/\/ruta3reis.tortosaturisme.cat\/fr\/la-route-des-3-rois\/la-saveur-de-la-route\/\">\n\t\t\t\t\t\t<span class=\"elementor-button-content-wrapper\">\n\t\t\t\t\t\t\t\t\t<span class=\"elementor-button-text\">D\u00e9couvrez-la<\/span>\n\t\t\t\t\t<\/span>\n\t\t\t\t\t<\/a>\n\t\t\t\t\t\t\t\t<\/div>\n\t\t\t\t<\/div>\n\t\t<div class=\"elementor-element elementor-element-7fcc33c e-con-full e-flex elementor-invisible e-con e-child\" data-id=\"7fcc33c\" data-element_type=\"container\" data-e-type=\"container\" data-settings=\"{&quot;animation&quot;:&quot;fadeIn&quot;,&quot;animation_delay&quot;:600,&quot;jet_parallax_layout_list&quot;:[]}\">\n\t\t\t\t<div class=\"elementor-element elementor-element-5fca5d5 elementor-widget elementor-widget-image\" data-id=\"5fca5d5\" data-element_type=\"widget\" data-e-type=\"widget\" data-widget_type=\"image.default\">\n\t\t\t\t\t\t\t\t\t\t\t\t\t\t\t<img decoding=\"async\" width=\"373\" height=\"361\" src=\"https:\/\/ruta3reis.tortosaturisme.cat\/wp-content\/uploads\/2026\/02\/Recurso-3@3x2.png\" class=\"attachment-large size-large wp-image-739\" alt=\"\" srcset=\"https:\/\/ruta3reis.tortosaturisme.cat\/wp-content\/uploads\/2026\/02\/Recurso-3@3x2.png 373w, https:\/\/ruta3reis.tortosaturisme.cat\/wp-content\/uploads\/2026\/02\/Recurso-3@3x2-300x290.png 300w\" sizes=\"(max-width: 373px) 100vw, 373px\" \/>\t\t\t\t\t\t\t\t\t\t\t\t\t\t\t<\/div>\n\t\t<div class=\"elementor-element elementor-element-4592aeb e-con-full e-flex e-con e-child\" data-id=\"4592aeb\" data-element_type=\"container\" data-e-type=\"container\" data-settings=\"{&quot;jet_parallax_layout_list&quot;:[]}\">\n\t\t\t\t<div class=\"elementor-element elementor-element-a71bdf8 elementor-widget elementor-widget-heading\" data-id=\"a71bdf8\" data-element_type=\"widget\" data-e-type=\"widget\" data-widget_type=\"heading.default\">\n\t\t\t\t\t<h3 class=\"elementor-heading-title elementor-size-default\">F\u00eates et festivit\u00e9s<\/h3>\t\t\t\t<\/div>\n\t\t\t\t<div class=\"elementor-element elementor-element-7279a62 elementor-widget elementor-widget-text-editor\" data-id=\"7279a62\" data-element_type=\"widget\" data-e-type=\"widget\" data-widget_type=\"text-editor.default\">\n\t\t\t\t\t\t\t\t\t<p>F\u00eates d&rsquo;int\u00e9r\u00eat touristique national et un calendrier culturel intense<\/p>\t\t\t\t\t\t\t\t<\/div>\n\t\t\t\t<\/div>\n\t\t\t\t<div class=\"elementor-element elementor-element-dcf4a02 elementor-align-center elementor-widget elementor-widget-button\" data-id=\"dcf4a02\" data-element_type=\"widget\" data-e-type=\"widget\" data-widget_type=\"button.default\">\n\t\t\t\t\t\t\t\t\t\t<a class=\"elementor-button elementor-button-link elementor-size-sm\" href=\"https:\/\/ruta3reis.tortosaturisme.cat\/fr\/la-route-des-3-rois\/\">\n\t\t\t\t\t\t<span class=\"elementor-button-content-wrapper\">\n\t\t\t\t\t\t\t\t\t<span class=\"elementor-button-text\">D\u00e9couvrez-la<\/span>\n\t\t\t\t\t<\/span>\n\t\t\t\t\t<\/a>\n\t\t\t\t\t\t\t\t<\/div>\n\t\t\t\t<\/div>\n\t\t\t\t<\/div>\n\t\t\t\t\t<\/div>\n\t\t\t\t<\/div>\n\t\t\t\t<\/div>\n\t\t","protected":false},"excerpt":{"rendered":"<p>La ville de la Renaissance Nous aimons les myst\u00e8res, et celui du pass\u00e9 ib\u00e8re de Tortosa n&rsquo;est pas des moindres. Bien que nous sachions avec certitude que les Ib\u00e8res ont d\u00e9cid\u00e9 de s&rsquo;installer \u00e0 l&rsquo;endroit o\u00f9 se dresse aujourd&rsquo;hui la ville, certains historiens osent affirmer que c&rsquo;est ici qu&rsquo;ils ont construit l&rsquo;importante et \u00e9nigmatique ville [&hellip;]<\/p>\n","protected":false},"author":1,"featured_media":0,"parent":853,"menu_order":0,"comment_status":"closed","ping_status":"closed","template":"","meta":{"footnotes":""},"class_list":["post-732","page","type-page","status-publish","hentry"],"_links":{"self":[{"href":"https:\/\/ruta3reis.tortosaturisme.cat\/fr\/wp-json\/wp\/v2\/pages\/732","targetHints":{"allow":["GET"]}}],"collection":[{"href":"https:\/\/ruta3reis.tortosaturisme.cat\/fr\/wp-json\/wp\/v2\/pages"}],"about":[{"href":"https:\/\/ruta3reis.tortosaturisme.cat\/fr\/wp-json\/wp\/v2\/types\/page"}],"author":[{"embeddable":true,"href":"https:\/\/ruta3reis.tortosaturisme.cat\/fr\/wp-json\/wp\/v2\/users\/1"}],"replies":[{"embeddable":true,"href":"https:\/\/ruta3reis.tortosaturisme.cat\/fr\/wp-json\/wp\/v2\/comments?post=732"}],"version-history":[{"count":3,"href":"https:\/\/ruta3reis.tortosaturisme.cat\/fr\/wp-json\/wp\/v2\/pages\/732\/revisions"}],"predecessor-version":[{"id":992,"href":"https:\/\/ruta3reis.tortosaturisme.cat\/fr\/wp-json\/wp\/v2\/pages\/732\/revisions\/992"}],"up":[{"embeddable":true,"href":"https:\/\/ruta3reis.tortosaturisme.cat\/fr\/wp-json\/wp\/v2\/pages\/853"}],"wp:attachment":[{"href":"https:\/\/ruta3reis.tortosaturisme.cat\/fr\/wp-json\/wp\/v2\/media?parent=732"}],"curies":[{"name":"wp","href":"https:\/\/api.w.org\/{rel}","templated":true}]}}