{"id":808,"date":"2026-02-05T09:52:02","date_gmt":"2026-02-05T08:52:02","guid":{"rendered":"https:\/\/ruta3reis.tortosaturisme.cat\/morella\/"},"modified":"2026-02-06T21:07:19","modified_gmt":"2026-02-06T20:07:19","slug":"morella","status":"publish","type":"page","link":"https:\/\/ruta3reis.tortosaturisme.cat\/fr\/3-etapes-3-identites\/morella\/","title":{"rendered":"Morella"},"content":{"rendered":"\t\t<div data-elementor-type=\"wp-page\" data-elementor-id=\"808\" class=\"elementor elementor-808 elementor-31\" data-elementor-post-type=\"page\">\n\t\t\t\t<div class=\"elementor-element elementor-element-5101ac3 e-flex e-con-boxed e-con e-parent\" data-id=\"5101ac3\" data-element_type=\"container\" data-e-type=\"container\" data-settings=\"{&quot;jet_parallax_layout_list&quot;:[]}\">\n\t\t\t\t\t<div class=\"e-con-inner\">\n\t\t<div class=\"elementor-element elementor-element-05db7f0 e-con-full e-flex e-con e-child\" data-id=\"05db7f0\" data-element_type=\"container\" data-e-type=\"container\" data-settings=\"{&quot;jet_parallax_layout_list&quot;:[]}\">\n\t\t\t\t<div class=\"elementor-element elementor-element-a86d441 elementor-widget elementor-widget-heading\" data-id=\"a86d441\" data-element_type=\"widget\" data-e-type=\"widget\" data-widget_type=\"heading.default\">\n\t\t\t\t\t<h1 class=\"elementor-heading-title elementor-size-default\">Morella<\/h1>\t\t\t\t<\/div>\n\t\t\t\t<\/div>\n\t\t<div class=\"elementor-element elementor-element-e5e4497 e-con-full e-flex e-con e-child\" data-id=\"e5e4497\" data-element_type=\"container\" data-e-type=\"container\" data-settings=\"{&quot;jet_parallax_layout_list&quot;:[]}\">\n\t\t\t\t<div class=\"elementor-element elementor-element-02a9b96 elementor-widget elementor-widget-heading\" data-id=\"02a9b96\" data-element_type=\"widget\" data-e-type=\"widget\" data-widget_type=\"heading.default\">\n\t\t\t\t\t<h2 class=\"elementor-heading-title elementor-size-default\">La ville qui a grandi au\npied du ch\u00e2teau<\/h2>\t\t\t\t<\/div>\n\t\t\t\t<\/div>\n\t\t<div class=\"elementor-element elementor-element-23e59a0 e-con-full e-flex e-con e-child\" data-id=\"23e59a0\" data-element_type=\"container\" data-e-type=\"container\" data-settings=\"{&quot;jet_parallax_layout_list&quot;:[]}\">\n\t\t\t\t<\/div>\n\t\t\t\t\t<\/div>\n\t\t\t\t<\/div>\n\t\t<div class=\"elementor-element elementor-element-0266ccd e-con-full e-flex e-con e-parent\" data-id=\"0266ccd\" data-element_type=\"container\" data-e-type=\"container\" data-settings=\"{&quot;jet_parallax_layout_list&quot;:[]}\">\n\t\t<div class=\"elementor-element elementor-element-c972d6e e-con-full e-flex e-con e-child\" data-id=\"c972d6e\" data-element_type=\"container\" data-e-type=\"container\" data-settings=\"{&quot;jet_parallax_layout_list&quot;:[]}\">\n\t\t\t\t<div class=\"elementor-element elementor-element-eff52b9 elementor-widget elementor-widget-text-editor\" data-id=\"eff52b9\" data-element_type=\"widget\" data-e-type=\"widget\" data-widget_type=\"text-editor.default\">\n\t\t\t\t\t\t\t\t\t<p>Morella impressionne d\u00e9j\u00e0 de loin, lorsque le voyageur qui s&rsquo;approche pour la visiter aper\u00e7oit, encore au loin, la monumentalit\u00e9 de son impressionnant ch\u00e2teau. Construit sur une butte de pierre \u00e0 plus de mille m\u00e8tres d&rsquo;altitude, le <strong>ch\u00e2teau de Morella<\/strong> est une authentique forteresse naturelle, aussi belle qu&rsquo;imp\u00e9n\u00e9trable. De fait, il s&rsquo;agit de l&rsquo;une des forteresses les plus importantes de toute la M\u00e9diterran\u00e9e, avec un ch\u00e2teau qui semble sortir de l&rsquo;imagination de l&rsquo;\u00e9crivain le plus fantaisiste et o\u00f9 l&rsquo;on peut se promener sur la place d&rsquo;armes, la tour de l&rsquo;hommage, les tours de guet et le <strong>Palais du Gouverneur<\/strong>, transform\u00e9 en mus\u00e9e. \u00c9rig\u00e9 sur un site d\u00e9j\u00e0 habit\u00e9 au n\u00e9olithique, le ch\u00e2teau est construit selon les pr\u00e9ceptes de l&rsquo;architecture islamique et est r\u00e9form\u00e9 \u00e0 l&rsquo;\u00e9poque m\u00e9di\u00e9vale. Son aspect ne trompe pas&nbsp;: de nombreuses batailles et autres \u00e9pisodes historiques d&rsquo;un grand int\u00e9r\u00eat s&rsquo;y sont d\u00e9roul\u00e9s, avec des protagonistes aussi importants qu&rsquo;Abderraman&nbsp;III, le Cid, Jaume&nbsp;I, le roi Ferdinand d&rsquo;Antequera, le Pape Luna, Saint Vincent Ferrier, le Prince de Viana et le G\u00e9n\u00e9ral Cabrera. Et c&rsquo;est que, bien qu&rsquo;\u00e9tant un noyau avec peu d&rsquo;habitants, le village de Morella a \u00e9t\u00e9 un site d&rsquo;une grande importance g\u00e9opolitique au fil des si\u00e8cles, en particulier \u00e0 l&rsquo;\u00e9poque de la Couronne d&rsquo;Aragon.     <\/p>\t\t\t\t\t\t\t\t<\/div>\n\t\t\t\t<\/div>\n\t\t<div class=\"elementor-element elementor-element-371e943 e-con-full e-flex e-con e-child\" data-id=\"371e943\" data-element_type=\"container\" data-e-type=\"container\" data-settings=\"{&quot;background_background&quot;:&quot;classic&quot;,&quot;jet_parallax_layout_list&quot;:[]}\">\n\t\t\t\t<\/div>\n\t\t\t\t<\/div>\n\t\t<div class=\"elementor-element elementor-element-226bb67 e-flex e-con-boxed e-con e-parent\" data-id=\"226bb67\" data-element_type=\"container\" data-e-type=\"container\" data-settings=\"{&quot;background_background&quot;:&quot;classic&quot;,&quot;jet_parallax_layout_list&quot;:[]}\">\n\t\t\t\t\t<div class=\"e-con-inner\">\n\t\t<div class=\"elementor-element elementor-element-36b5c23 e-con-full e-flex e-con e-child\" data-id=\"36b5c23\" data-element_type=\"container\" data-e-type=\"container\" data-settings=\"{&quot;jet_parallax_layout_list&quot;:[]}\">\n\t\t\t\t<div class=\"elementor-element elementor-element-b3fb04b elementor-widget elementor-widget-text-editor\" data-id=\"b3fb04b\" data-element_type=\"widget\" data-e-type=\"widget\" data-widget_type=\"text-editor.default\">\n\t\t\t\t\t\t\t\t\t<p>De ce pass\u00e9 m\u00e9di\u00e9val splendide, Morella conserve encore des joyaux tels que ses <strong>2&nbsp;kilom\u00e8tres de murailles<\/strong> et la singuli\u00e8re <strong>rue Blasco de Alag\u00f3n<\/strong>, la plus caract\u00e9ristique de la localit\u00e9 pour ses arcades m\u00e9di\u00e9vales de pierre et de bois, et actuellement, l&rsquo;une des voies les plus anim\u00e9es. <strong>La Danse de la Mort<\/strong> est \u00e9galement unique, l&rsquo;une des plus anciennes manifestations de l&rsquo;art macabre espagnol. Ces peintures du XVe&nbsp;si\u00e8cle peuvent \u00eatre visit\u00e9es dans le <strong>Couvent de Sant Francesc<\/strong>, un autre incontournable de la commune, ainsi que les deux portes sculpt\u00e9es de la <strong>Basilique de Santa Mar\u00eda la Mayor<\/strong>. Les <strong>Tours de San Miquel<\/strong>, la <strong>Prison<\/strong>, l&rsquo;<strong>Aqueduc<\/strong>, ou l&rsquo;<strong>H\u00f4tel de Ville et ses salles gothiques<\/strong> sont d&rsquo;autres des innombrables attraits de Morella.   <\/p><p> <\/p><p>Et c&rsquo;est que Morella est belle, tr\u00e8s belle. \u00c0 tel point qu&rsquo;elle a \u00e9t\u00e9 reconnue comme l&rsquo;un des plus beaux villages d&rsquo;Espagne et l&rsquo;un des 44&nbsp;meilleurs villages touristiques du monde (selon l&rsquo;OMT). Mais Morella est aussi int\u00e9ressante, tr\u00e8s int\u00e9ressante. Un site unique o\u00f9 se laisser emporter par un pr\u00e9sent plein de charme et un pass\u00e9 qui ne nous arr\u00eatera pas seulement \u00e0 l&rsquo;\u00e9poque m\u00e9di\u00e9vale, mais qui nous propose de voyager bien au-del\u00e0 dans le temps, en nous invitant \u00e0 d\u00e9couvrir des vestiges des premiers habitants \u00e0 travers les <strong>Peintures Rupestres de Morella La Vella<\/strong> et le mus\u00e9e <strong>Temps des Dinosaures<\/strong>, o\u00f9 l&rsquo;on peut faire la connaissance de l&rsquo;un des voisins les plus singuliers de la commune&nbsp;: l&rsquo;Iguanodon, le dinosaure le plus prolifique de la zone.    <\/p>\t\t\t\t\t\t\t\t<\/div>\n\t\t\t\t<\/div>\n\t\t\t\t\t<\/div>\n\t\t\t\t<\/div>\n\t\t<div class=\"elementor-element elementor-element-d6de835 e-flex e-con-boxed e-con e-parent\" data-id=\"d6de835\" data-element_type=\"container\" data-e-type=\"container\" data-settings=\"{&quot;jet_parallax_layout_list&quot;:[]}\">\n\t\t\t\t\t<div class=\"e-con-inner\">\n\t\t<div class=\"elementor-element elementor-element-512db97 e-con-full e-flex e-con e-child\" data-id=\"512db97\" data-element_type=\"container\" data-e-type=\"container\" data-settings=\"{&quot;jet_parallax_layout_list&quot;:[]}\">\n\t\t\t\t<div class=\"elementor-element elementor-element-d7e850b elementor-widget elementor-widget-heading\" data-id=\"d7e850b\" data-element_type=\"widget\" data-e-type=\"widget\" data-widget_type=\"heading.default\">\n\t\t\t\t\t<h3 class=\"elementor-heading-title elementor-size-default\">Le Sexenni, des f\u00eates d'une beaut\u00e9 singuli\u00e8re<\/h3>\t\t\t\t<\/div>\n\t\t\t\t<div class=\"elementor-element elementor-element-caac9cd elementor-widget elementor-widget-text-editor\" data-id=\"caac9cd\" data-element_type=\"widget\" data-e-type=\"widget\" data-widget_type=\"text-editor.default\">\n\t\t\t\t\t\t\t\t\t<p>Mais si l&rsquo;on parle de Morella, il est indispensable de parler aussi des <strong>F\u00eates du Sexenni<\/strong>, une c\u00e9l\u00e9bration singuli\u00e8re qui a lieu tous les 6&nbsp;ans et pendant la deuxi\u00e8me quinzaine d&rsquo;ao\u00fbt pour remercier la Vierge de Vallivana d&rsquo;avoir sauv\u00e9 le village d&rsquo;une terrible \u00e9pid\u00e9mie de peste en 1672. De fait, c&rsquo;est l&rsquo;arriv\u00e9e de cette vierge au village, accompagn\u00e9e par des centaines de p\u00e8lerins, qui est l&rsquo;axe central de la f\u00eate. \u00c0 partir de l\u00e0, se succ\u00e8dent des processions et des danses d&rsquo;ex\u00e9cution compliqu\u00e9e qui remplissent la ville de f\u00eate et d&rsquo;\u00e9motion, envelopp\u00e9es dans d&rsquo;incroyables d\u00e9cors de papier. L&rsquo;ann\u00e9e&nbsp;2024 sera l&rsquo;ann\u00e9e du Sexenni (et 2030, 2036, 2042\u2026), une c\u00e9l\u00e9bration class\u00e9e comme <strong>Bien d&rsquo;Int\u00e9r\u00eat Culturel et F\u00eate d&rsquo;Int\u00e9r\u00eat Touristique National<\/strong>. Un an avant le Sexenni et pour rappeler que celui-ci approche, on c\u00e9l\u00e8bre l&rsquo;<strong>Annonce<\/strong>, une bataille amusante o\u00f9 l&rsquo;on lance quelque 60&nbsp;tonnes de confettis au milieu d&rsquo;un d\u00e9fil\u00e9 d&rsquo;incroyables chars, \u00e0 l&rsquo;ex\u00e9cution desquels on a travaill\u00e9 pendant toute une ann\u00e9e.    <\/p><p>La c\u00e9l\u00e9bration de Sant Antoni (h\u00e9ritage pa\u00efen de la f\u00eate du feu) est l&rsquo;une des nombreuses propositions qui rappellent le pass\u00e9 m\u00e9di\u00e9val splendide de la commune, comme le sont aussi les f\u00eates du <strong>Corpus<\/strong>&nbsp;; l&rsquo;<strong>Early Music<\/strong>, un festival de musique m\u00e9di\u00e9vale et Renaissance qui se c\u00e9l\u00e8bre \u00e0 la fin du mois de juillet et qui a atteint une renomm\u00e9e internationale&nbsp;; et la <strong>Foire Agricole et d&rsquo;\u00c9levage<\/strong> (en septembre) qui est organis\u00e9e depuis plus de 750&nbsp;ans.<\/p>\t\t\t\t\t\t\t\t<\/div>\n\t\t\t\t<\/div>\n\t\t<div class=\"elementor-element elementor-element-ed91b60 e-con-full e-flex e-con e-child\" data-id=\"ed91b60\" data-element_type=\"container\" data-e-type=\"container\" data-settings=\"{&quot;background_background&quot;:&quot;classic&quot;,&quot;jet_parallax_layout_list&quot;:[]}\">\n\t\t\t\t<\/div>\n\t\t\t\t\t<\/div>\n\t\t\t\t<\/div>\n\t\t<div class=\"elementor-element elementor-element-a353f7e e-con-full e-flex e-con e-parent\" data-id=\"a353f7e\" data-element_type=\"container\" data-e-type=\"container\" data-settings=\"{&quot;jet_parallax_layout_list&quot;:[]}\">\n\t\t<div class=\"elementor-element elementor-element-beaf70b e-con-full e-flex e-con e-child\" data-id=\"beaf70b\" data-element_type=\"container\" data-e-type=\"container\" data-settings=\"{&quot;background_background&quot;:&quot;classic&quot;,&quot;jet_parallax_layout_list&quot;:[]}\">\n\t\t\t\t<\/div>\n\t\t<div class=\"elementor-element elementor-element-c305f1c e-con-full e-flex e-con e-child\" data-id=\"c305f1c\" data-element_type=\"container\" data-e-type=\"container\" data-settings=\"{&quot;background_background&quot;:&quot;classic&quot;,&quot;jet_parallax_layout_list&quot;:[]}\">\n\t\t\t\t<div class=\"elementor-element elementor-element-25cff0c elementor-widget elementor-widget-heading\" data-id=\"25cff0c\" data-element_type=\"widget\" data-e-type=\"widget\" data-widget_type=\"heading.default\">\n\t\t\t\t\t<h3 class=\"elementor-heading-title elementor-size-default\">Des promenades pour les tranquilles et les courageux<\/h3>\t\t\t\t<\/div>\n\t\t\t\t<div class=\"elementor-element elementor-element-3ea7edb elementor-widget elementor-widget-text-editor\" data-id=\"3ea7edb\" data-element_type=\"widget\" data-e-type=\"widget\" data-widget_type=\"text-editor.default\">\n\t\t\t\t\t\t\t\t\t<p>Apr\u00e8s tant d&rsquo;agitation, il se peut que le visiteur ait envie de s&rsquo;\u00e9chapper pour profiter de la nature. Sage d\u00e9cision. Les 413,5&nbsp;km2 de territoire municipal offrent la possibilit\u00e9 de se perdre entre des for\u00eats de pins, de ch\u00eanes verts et de flore m\u00e9diterran\u00e9enne, comme celles que l&rsquo;on peut voir en visitant la <strong>montagne de Pereroles<\/strong>. Les plus aventureux pourront monter sur leurs v\u00e9los et profiter des chemins r\u00e9cup\u00e9r\u00e9s et adapt\u00e9s par <strong>Morella Singletracks<\/strong>, tandis que ceux qui ne veulent pas s&rsquo;\u00e9loigner du centre urbain pourront profiter de la <strong>Promenade de l&rsquo;Alameda<\/strong>, un itin\u00e9raire urbain et accessible qui relie la Porte des \u00c9tudes \u00e0 la Porte de la Glaci\u00e8re et qui offre une vue magnifique sur le ch\u00e2teau et les montagnes du massif d&rsquo;Els Ports.   <\/p><p>Apr\u00e8s tant de marche, un dernier incontournable&nbsp;: asseyez-vous \u00e0 table et d\u00e9couvrez pourquoi Morella est devenue l&rsquo;endroit id\u00e9al pour profiter de la truffe noire. Et c&rsquo;est que nous ne pouvons pas terminer cette pr\u00e9sentation sans vous donner le meilleur des conseils\u2026 oubliez le plan et sortez fl\u00e2ner sans but dans un village o\u00f9 la magie se cache derri\u00e8re chaque coin&nbsp;! <\/p>\t\t\t\t\t\t\t\t<\/div>\n\t\t\t\t<\/div>\n\t\t\t\t<\/div>\n\t\t<div class=\"elementor-element elementor-element-c5cf243 e-flex e-con-boxed e-con e-parent\" data-id=\"c5cf243\" data-element_type=\"container\" data-e-type=\"container\" data-settings=\"{&quot;jet_parallax_layout_list&quot;:[]}\">\n\t\t\t\t\t<div class=\"e-con-inner\">\n\t\t<div class=\"elementor-element elementor-element-3979ad1 e-con-full e-flex e-con e-child\" data-id=\"3979ad1\" data-element_type=\"container\" data-e-type=\"container\" data-settings=\"{&quot;background_background&quot;:&quot;classic&quot;,&quot;jet_parallax_layout_list&quot;:[]}\">\n\t\t\t\t<div class=\"elementor-element elementor-element-5418854 elementor-widget elementor-widget-heading\" data-id=\"5418854\" data-element_type=\"widget\" data-e-type=\"widget\" data-widget_type=\"heading.default\">\n\t\t\t\t\t<h4 class=\"elementor-heading-title elementor-size-default\"><a href=\"https:\/\/ruta3reis.tortosaturisme.cat\/3-etapas-3-identidades\/alcaniz\/\">&lt; Alca\u00f1iz<\/a><\/h4>\t\t\t\t<\/div>\n\t\t\t\t<\/div>\n\t\t<div class=\"elementor-element elementor-element-64416e6 e-con-full e-flex e-con e-child\" data-id=\"64416e6\" data-element_type=\"container\" data-e-type=\"container\" data-settings=\"{&quot;background_background&quot;:&quot;classic&quot;,&quot;jet_parallax_layout_list&quot;:[]}\">\n\t\t\t\t<div class=\"elementor-element elementor-element-48ddba9 elementor-widget elementor-widget-heading\" data-id=\"48ddba9\" data-element_type=\"widget\" data-e-type=\"widget\" data-widget_type=\"heading.default\">\n\t\t\t\t\t<h4 class=\"elementor-heading-title elementor-size-default\"><a href=\"https:\/\/ruta3reis.tortosaturisme.cat\/3-etapas-3-identidades\/tortosa\/\">Tortosa &gt;<\/a><\/h4>\t\t\t\t<\/div>\n\t\t\t\t<\/div>\n\t\t\t\t\t<\/div>\n\t\t\t\t<\/div>\n\t\t<div class=\"elementor-element elementor-element-988f01a e-flex e-con-boxed e-con e-parent\" data-id=\"988f01a\" data-element_type=\"container\" data-e-type=\"container\" data-settings=\"{&quot;jet_parallax_layout_list&quot;:[]}\">\n\t\t\t\t\t<div class=\"e-con-inner\">\n\t\t<div class=\"elementor-element elementor-element-2b0e110 e-con-full e-flex e-con e-child\" data-id=\"2b0e110\" data-element_type=\"container\" data-e-type=\"container\" data-settings=\"{&quot;jet_parallax_layout_list&quot;:[]}\">\n\t\t<div class=\"elementor-element elementor-element-3679974 e-con-full e-flex elementor-invisible e-con e-child\" data-id=\"3679974\" data-element_type=\"container\" data-e-type=\"container\" data-settings=\"{&quot;animation&quot;:&quot;fadeIn&quot;,&quot;animation_delay&quot;:200,&quot;jet_parallax_layout_list&quot;:[]}\">\n\t\t\t\t<div class=\"elementor-element elementor-element-7e17253 elementor-widget elementor-widget-image\" data-id=\"7e17253\" data-element_type=\"widget\" data-e-type=\"widget\" data-widget_type=\"image.default\">\n\t\t\t\t\t\t\t\t\t\t\t\t\t\t\t<img fetchpriority=\"high\" decoding=\"async\" width=\"346\" height=\"361\" src=\"https:\/\/ruta3reis.tortosaturisme.cat\/wp-content\/uploads\/2026\/02\/Recurso-2@3x2.png\" class=\"attachment-large size-large wp-image-737\" alt=\"Ic\u00f4ne nature\" srcset=\"https:\/\/ruta3reis.tortosaturisme.cat\/wp-content\/uploads\/2026\/02\/Recurso-2@3x2.png 346w, https:\/\/ruta3reis.tortosaturisme.cat\/wp-content\/uploads\/2026\/02\/Recurso-2@3x2-288x300.png 288w\" sizes=\"(max-width: 346px) 100vw, 346px\" \/>\t\t\t\t\t\t\t\t\t\t\t\t\t\t\t<\/div>\n\t\t<div class=\"elementor-element elementor-element-f6be849 e-con-full e-flex e-con e-child\" data-id=\"f6be849\" data-element_type=\"container\" data-e-type=\"container\" data-settings=\"{&quot;jet_parallax_layout_list&quot;:[]}\">\n\t\t\t\t<div class=\"elementor-element elementor-element-a345154 elementor-widget elementor-widget-heading\" data-id=\"a345154\" data-element_type=\"widget\" data-e-type=\"widget\" data-widget_type=\"heading.default\">\n\t\t\t\t\t<h3 class=\"elementor-heading-title elementor-size-default\">Nature<\/h3>\t\t\t\t<\/div>\n\t\t\t\t<div class=\"elementor-element elementor-element-d870341 elementor-widget elementor-widget-text-editor\" data-id=\"d870341\" data-element_type=\"widget\" data-e-type=\"widget\" data-widget_type=\"text-editor.default\">\n\t\t\t\t\t\t\t\t\t<p>Route 3&nbsp;Rois au naturel<\/p>\t\t\t\t\t\t\t\t<\/div>\n\t\t\t\t<\/div>\n\t\t\t\t<div class=\"elementor-element elementor-element-46ca2fd elementor-align-center elementor-widget elementor-widget-button\" data-id=\"46ca2fd\" data-element_type=\"widget\" data-e-type=\"widget\" data-widget_type=\"button.default\">\n\t\t\t\t\t\t\t\t\t\t<a class=\"elementor-button elementor-button-link elementor-size-sm\" href=\"https:\/\/ruta3reis.tortosaturisme.cat\/fr\/la-route-des-3-rois\/\">\n\t\t\t\t\t\t<span class=\"elementor-button-content-wrapper\">\n\t\t\t\t\t\t\t\t\t<span class=\"elementor-button-text\">D\u00e9couvrez-la<\/span>\n\t\t\t\t\t<\/span>\n\t\t\t\t\t<\/a>\n\t\t\t\t\t\t\t\t<\/div>\n\t\t\t\t<\/div>\n\t\t<div class=\"elementor-element elementor-element-e7799ef e-con-full e-flex elementor-invisible e-con e-child\" data-id=\"e7799ef\" data-element_type=\"container\" data-e-type=\"container\" data-settings=\"{&quot;animation&quot;:&quot;fadeIn&quot;,&quot;animation_delay&quot;:400,&quot;jet_parallax_layout_list&quot;:[]}\">\n\t\t\t\t<div class=\"elementor-element elementor-element-60d9577 elementor-widget elementor-widget-image\" data-id=\"60d9577\" data-element_type=\"widget\" data-e-type=\"widget\" data-widget_type=\"image.default\">\n\t\t\t\t\t\t\t\t\t\t\t\t\t\t\t<img decoding=\"async\" width=\"351\" height=\"361\" src=\"https:\/\/ruta3reis.tortosaturisme.cat\/wp-content\/uploads\/2026\/02\/Recurso-1@3x2.png\" class=\"attachment-large size-large wp-image-738\" alt=\"Ic\u00f4ne table\" srcset=\"https:\/\/ruta3reis.tortosaturisme.cat\/wp-content\/uploads\/2026\/02\/Recurso-1@3x2.png 351w, https:\/\/ruta3reis.tortosaturisme.cat\/wp-content\/uploads\/2026\/02\/Recurso-1@3x2-292x300.png 292w\" sizes=\"(max-width: 351px) 100vw, 351px\" \/>\t\t\t\t\t\t\t\t\t\t\t\t\t\t\t<\/div>\n\t\t<div class=\"elementor-element elementor-element-930cec4 e-con-full e-flex e-con e-child\" data-id=\"930cec4\" data-element_type=\"container\" data-e-type=\"container\" data-settings=\"{&quot;jet_parallax_layout_list&quot;:[]}\">\n\t\t\t\t<div class=\"elementor-element elementor-element-3ead3c1 elementor-widget elementor-widget-heading\" data-id=\"3ead3c1\" data-element_type=\"widget\" data-e-type=\"widget\" data-widget_type=\"heading.default\">\n\t\t\t\t\t<h3 class=\"elementor-heading-title elementor-size-default\">Gastronomie<\/h3>\t\t\t\t<\/div>\n\t\t\t\t<div class=\"elementor-element elementor-element-4ff21eb elementor-widget elementor-widget-text-editor\" data-id=\"4ff21eb\" data-element_type=\"widget\" data-e-type=\"widget\" data-widget_type=\"text-editor.default\">\n\t\t\t\t\t\t\t\t\t<p>La saveur de la Route 3&nbsp;Rois<\/p>\t\t\t\t\t\t\t\t<\/div>\n\t\t\t\t<\/div>\n\t\t\t\t<div class=\"elementor-element elementor-element-736d963 elementor-align-center elementor-widget elementor-widget-button\" data-id=\"736d963\" data-element_type=\"widget\" data-e-type=\"widget\" data-widget_type=\"button.default\">\n\t\t\t\t\t\t\t\t\t\t<a class=\"elementor-button elementor-button-link elementor-size-sm\" href=\"https:\/\/ruta3reis.tortosaturisme.cat\/fr\/la-route-des-3-rois\/la-saveur-de-la-route\/\">\n\t\t\t\t\t\t<span class=\"elementor-button-content-wrapper\">\n\t\t\t\t\t\t\t\t\t<span class=\"elementor-button-text\">D\u00e9couvrez-la<\/span>\n\t\t\t\t\t<\/span>\n\t\t\t\t\t<\/a>\n\t\t\t\t\t\t\t\t<\/div>\n\t\t\t\t<\/div>\n\t\t<div class=\"elementor-element elementor-element-bc43551 e-con-full e-flex elementor-invisible e-con e-child\" data-id=\"bc43551\" data-element_type=\"container\" data-e-type=\"container\" data-settings=\"{&quot;animation&quot;:&quot;fadeIn&quot;,&quot;animation_delay&quot;:600,&quot;jet_parallax_layout_list&quot;:[]}\">\n\t\t\t\t<div class=\"elementor-element elementor-element-d989d51 elementor-widget elementor-widget-image\" data-id=\"d989d51\" data-element_type=\"widget\" data-e-type=\"widget\" data-widget_type=\"image.default\">\n\t\t\t\t\t\t\t\t\t\t\t\t\t\t\t<img decoding=\"async\" width=\"373\" height=\"361\" src=\"https:\/\/ruta3reis.tortosaturisme.cat\/wp-content\/uploads\/2026\/02\/Recurso-3@3x2.png\" class=\"attachment-large size-large wp-image-739\" alt=\"\" srcset=\"https:\/\/ruta3reis.tortosaturisme.cat\/wp-content\/uploads\/2026\/02\/Recurso-3@3x2.png 373w, https:\/\/ruta3reis.tortosaturisme.cat\/wp-content\/uploads\/2026\/02\/Recurso-3@3x2-300x290.png 300w\" sizes=\"(max-width: 373px) 100vw, 373px\" \/>\t\t\t\t\t\t\t\t\t\t\t\t\t\t\t<\/div>\n\t\t<div class=\"elementor-element elementor-element-39aadd8 e-con-full e-flex e-con e-child\" data-id=\"39aadd8\" data-element_type=\"container\" data-e-type=\"container\" data-settings=\"{&quot;jet_parallax_layout_list&quot;:[]}\">\n\t\t\t\t<div class=\"elementor-element elementor-element-ed141ba elementor-widget elementor-widget-heading\" data-id=\"ed141ba\" data-element_type=\"widget\" data-e-type=\"widget\" data-widget_type=\"heading.default\">\n\t\t\t\t\t<h3 class=\"elementor-heading-title elementor-size-default\">F\u00eates et festivit\u00e9s<\/h3>\t\t\t\t<\/div>\n\t\t\t\t<div class=\"elementor-element elementor-element-902ea1b elementor-widget elementor-widget-text-editor\" data-id=\"902ea1b\" data-element_type=\"widget\" data-e-type=\"widget\" data-widget_type=\"text-editor.default\">\n\t\t\t\t\t\t\t\t\t<p>F\u00eates d&rsquo;int\u00e9r\u00eat touristique national et un calendrier culturel intense<\/p>\t\t\t\t\t\t\t\t<\/div>\n\t\t\t\t<\/div>\n\t\t\t\t<div class=\"elementor-element elementor-element-25e45cf elementor-align-center elementor-widget elementor-widget-button\" data-id=\"25e45cf\" data-element_type=\"widget\" data-e-type=\"widget\" data-widget_type=\"button.default\">\n\t\t\t\t\t\t\t\t\t\t<a class=\"elementor-button elementor-button-link elementor-size-sm\" href=\"https:\/\/ruta3reis.tortosaturisme.cat\/fr\/la-route-des-3-rois\/\">\n\t\t\t\t\t\t<span class=\"elementor-button-content-wrapper\">\n\t\t\t\t\t\t\t\t\t<span class=\"elementor-button-text\">D\u00e9couvrez-la<\/span>\n\t\t\t\t\t<\/span>\n\t\t\t\t\t<\/a>\n\t\t\t\t\t\t\t\t<\/div>\n\t\t\t\t<\/div>\n\t\t\t\t<\/div>\n\t\t\t\t\t<\/div>\n\t\t\t\t<\/div>\n\t\t\t\t<\/div>\n\t\t","protected":false},"excerpt":{"rendered":"<p>La ville qui a grandi au pied du ch\u00e2teau Morella impressionne d\u00e9j\u00e0 de loin, lorsque le voyageur qui s&rsquo;approche pour la visiter aper\u00e7oit, encore au loin, la monumentalit\u00e9 de son impressionnant ch\u00e2teau. Construit sur une butte de pierre \u00e0 plus de mille m\u00e8tres d&rsquo;altitude, le ch\u00e2teau de Morella est une authentique forteresse naturelle, aussi belle [&hellip;]<\/p>\n","protected":false},"author":1,"featured_media":0,"parent":853,"menu_order":0,"comment_status":"closed","ping_status":"closed","template":"","meta":{"footnotes":""},"class_list":["post-808","page","type-page","status-publish","hentry"],"_links":{"self":[{"href":"https:\/\/ruta3reis.tortosaturisme.cat\/fr\/wp-json\/wp\/v2\/pages\/808","targetHints":{"allow":["GET"]}}],"collection":[{"href":"https:\/\/ruta3reis.tortosaturisme.cat\/fr\/wp-json\/wp\/v2\/pages"}],"about":[{"href":"https:\/\/ruta3reis.tortosaturisme.cat\/fr\/wp-json\/wp\/v2\/types\/page"}],"author":[{"embeddable":true,"href":"https:\/\/ruta3reis.tortosaturisme.cat\/fr\/wp-json\/wp\/v2\/users\/1"}],"replies":[{"embeddable":true,"href":"https:\/\/ruta3reis.tortosaturisme.cat\/fr\/wp-json\/wp\/v2\/comments?post=808"}],"version-history":[{"count":3,"href":"https:\/\/ruta3reis.tortosaturisme.cat\/fr\/wp-json\/wp\/v2\/pages\/808\/revisions"}],"predecessor-version":[{"id":998,"href":"https:\/\/ruta3reis.tortosaturisme.cat\/fr\/wp-json\/wp\/v2\/pages\/808\/revisions\/998"}],"up":[{"embeddable":true,"href":"https:\/\/ruta3reis.tortosaturisme.cat\/fr\/wp-json\/wp\/v2\/pages\/853"}],"wp:attachment":[{"href":"https:\/\/ruta3reis.tortosaturisme.cat\/fr\/wp-json\/wp\/v2\/media?parent=808"}],"curies":[{"name":"wp","href":"https:\/\/api.w.org\/{rel}","templated":true}]}}