{"id":823,"date":"2026-02-05T09:51:39","date_gmt":"2026-02-05T08:51:39","guid":{"rendered":"https:\/\/ruta3reis.tortosaturisme.cat\/alcaniz\/"},"modified":"2026-02-06T21:07:23","modified_gmt":"2026-02-06T20:07:23","slug":"alcaniz","status":"publish","type":"page","link":"https:\/\/ruta3reis.tortosaturisme.cat\/fr\/3-etapes-3-identites\/alcaniz\/","title":{"rendered":"Alca\u00f1iz"},"content":{"rendered":"\t\t<div data-elementor-type=\"wp-page\" data-elementor-id=\"823\" class=\"elementor elementor-823 elementor-29\" data-elementor-post-type=\"page\">\n\t\t\t\t<div class=\"elementor-element elementor-element-6341fdd e-flex e-con-boxed e-con e-parent\" data-id=\"6341fdd\" data-element_type=\"container\" data-e-type=\"container\" data-settings=\"{&quot;jet_parallax_layout_list&quot;:[]}\">\n\t\t\t\t\t<div class=\"e-con-inner\">\n\t\t<div class=\"elementor-element elementor-element-e9cfdec e-con-full e-flex e-con e-child\" data-id=\"e9cfdec\" data-element_type=\"container\" data-e-type=\"container\" data-settings=\"{&quot;jet_parallax_layout_list&quot;:[]}\">\n\t\t\t\t<div class=\"elementor-element elementor-element-dbee56a elementor-widget elementor-widget-heading\" data-id=\"dbee56a\" data-element_type=\"widget\" data-e-type=\"widget\" data-widget_type=\"heading.default\">\n\t\t\t\t\t<h1 class=\"elementor-heading-title elementor-size-default\">Alca\u00f1iz<\/h1>\t\t\t\t<\/div>\n\t\t\t\t<\/div>\n\t\t<div class=\"elementor-element elementor-element-9541fa0 e-con-full e-flex e-con e-child\" data-id=\"9541fa0\" data-element_type=\"container\" data-e-type=\"container\" data-settings=\"{&quot;jet_parallax_layout_list&quot;:[]}\">\n\t\t\t\t<div class=\"elementor-element elementor-element-477fd24 elementor-widget elementor-widget-heading\" data-id=\"477fd24\" data-element_type=\"widget\" data-e-type=\"widget\" data-widget_type=\"heading.default\">\n\t\t\t\t\t<h2 class=\"elementor-heading-title elementor-size-default\">Une ville qui surprend<\/h2>\t\t\t\t<\/div>\n\t\t\t\t<\/div>\n\t\t<div class=\"elementor-element elementor-element-536df84 e-con-full e-flex e-con e-child\" data-id=\"536df84\" data-element_type=\"container\" data-e-type=\"container\" data-settings=\"{&quot;jet_parallax_layout_list&quot;:[]}\">\n\t\t\t\t<\/div>\n\t\t\t\t\t<\/div>\n\t\t\t\t<\/div>\n\t\t<div class=\"elementor-element elementor-element-f2181cc e-con-full e-flex e-con e-parent\" data-id=\"f2181cc\" data-element_type=\"container\" data-e-type=\"container\" data-settings=\"{&quot;jet_parallax_layout_list&quot;:[]}\">\n\t\t<div class=\"elementor-element elementor-element-2453738 e-con-full e-flex e-con e-child\" data-id=\"2453738\" data-element_type=\"container\" data-e-type=\"container\" data-settings=\"{&quot;jet_parallax_layout_list&quot;:[]}\">\n\t\t\t\t<div class=\"elementor-element elementor-element-fccaf13 elementor-widget elementor-widget-text-editor\" data-id=\"fccaf13\" data-element_type=\"widget\" data-e-type=\"widget\" data-widget_type=\"text-editor.default\">\n\t\t\t\t\t\t\t\t\t<p class=\"p1\">Si les villages ont un c\u0153ur, celui d&rsquo;Alca\u00f1iz se trouve sans aucun doute sur sa <strong>Plaza de Espa\u00f1a<\/strong>. Et si ils ont une \u00e2me, celle de la commune brille avec force sur sa place principale. C&rsquo;est ici que les habitants d&rsquo;Alca\u00f1iz se rencontrent, rient et trinquent, et c&rsquo;est le point de d\u00e9part id\u00e9al pour quiconque souhaite d\u00e9couvrir ce joyau m\u00e9di\u00e9val de la r\u00e9gion du Bajo Arag\u00f3n.  <\/p><p class=\"p1\">De plan irr\u00e9gulier, elle respire l&rsquo;histoire de toutes parts. Par exemple, elle abrite l&rsquo;<strong>h\u00f4tel de ville<\/strong>, l&rsquo;un des plus beaux exemples de l&rsquo;architecture Renaissance aragonaise et qui, avec la <strong>Lonja<\/strong> (et ses trois arches caract\u00e9ristiques), ont \u00e9t\u00e9 d\u00e9clar\u00e9s ensemble d&rsquo;int\u00e9r\u00eat historique et artistique d\u00e8s 1931. Sur la m\u00eame place, nous trouvons l&rsquo;<strong>\u00e9glise de Santa Mar\u00eda la Mayor<\/strong>, une ancienne coll\u00e9giale dont le plan actuel suit le sch\u00e9ma de base du Pilar de Saragosse, une caract\u00e9ristique qui s&rsquo;est popularis\u00e9e dans tout le Bajo Arag\u00f3n \u00e0 l&rsquo;\u00e9poque baroque. Sa <strong>tour de La Concordia<\/strong> est devenue un symbole de la ville, que l&rsquo;on peut visiter et qui offre une vue magnifique sur Alca\u00f1iz et ses environs. Cependant, m\u00eame en montant tr\u00e8s haut, nous ne pourrons pas voir l&rsquo;un des \u00e9l\u00e9ments les plus caract\u00e9ristiques de la localit\u00e9.    <\/p><p class=\"p1\">Pour le d\u00e9couvrir, il faut descendre de quelques m\u00e8tres sous terre (depuis l&rsquo;Office de Tourisme, \u00e9galement situ\u00e9 sur la place) et se promener dans les <strong>labyrinthes souterrains au pass\u00e9 m\u00e9di\u00e9val<\/strong> dont la port\u00e9e r\u00e9elle n&rsquo;a pas encore \u00e9t\u00e9 d\u00e9couverte et o\u00f9 l&rsquo;on peut visiter une \u00ab&nbsp;nevera&nbsp;\u00bb qui servait autrefois \u00e0 stocker la neige et \u00e0 pouvoir la \u00ab&nbsp;consommer&nbsp;\u00bb tout au long de l&rsquo;ann\u00e9e.<\/p>\t\t\t\t\t\t\t\t<\/div>\n\t\t\t\t<\/div>\n\t\t<div class=\"elementor-element elementor-element-e10b896 e-con-full e-flex e-con e-child\" data-id=\"e10b896\" data-element_type=\"container\" data-e-type=\"container\" data-settings=\"{&quot;background_background&quot;:&quot;classic&quot;,&quot;jet_parallax_layout_list&quot;:[]}\">\n\t\t\t\t<\/div>\n\t\t\t\t<\/div>\n\t\t<div class=\"elementor-element elementor-element-3bb12b6 e-flex e-con-boxed e-con e-parent\" data-id=\"3bb12b6\" data-element_type=\"container\" data-e-type=\"container\" data-settings=\"{&quot;background_background&quot;:&quot;classic&quot;,&quot;jet_parallax_layout_list&quot;:[]}\">\n\t\t\t\t\t<div class=\"e-con-inner\">\n\t\t<div class=\"elementor-element elementor-element-77ba639 e-con-full e-flex e-con e-child\" data-id=\"77ba639\" data-element_type=\"container\" data-e-type=\"container\" data-settings=\"{&quot;jet_parallax_layout_list&quot;:[]}\">\n\t\t\t\t<div class=\"elementor-element elementor-element-68b3509 elementor-widget elementor-widget-text-editor\" data-id=\"68b3509\" data-element_type=\"widget\" data-e-type=\"widget\" data-widget_type=\"text-editor.default\">\n\t\t\t\t\t\t\t\t\t<p class=\"p1\">Au-del\u00e0 de la place, mais non loin de celle-ci, nous trouvons le <strong>ch\u00e2teau des Calatravos<\/strong>, une magnifique construction qui s&rsquo;\u00e9l\u00e8ve sur la colline de Pui Pinos et qui a surveill\u00e9 la ville et le fleuve Guadalope qui la traverse pendant des si\u00e8cles.<\/p><p class=\"p1\">Construit entre les XIIe et XIIIe si\u00e8cles, il fut occup\u00e9 par les moines-guerriers de l&rsquo;Ordre de Calatrava et se distingue par sa tour de l&rsquo;hommage et par ses fresques gothiques du XIVe si\u00e8cle, singuli\u00e8res par leur th\u00e9matique civile, chose rare dans le panorama de la peinture murale gothique de la p\u00e9ninsule. Actuellement, un Parador Nacional occupe une partie de l&rsquo;enceinte. <\/p><p class=\"p1\">La <strong>fontaine des 72&nbsp;jets<\/strong>, l&rsquo;Espace Atrium d\u00e9di\u00e9 \u00e0 l&rsquo;histoire d&rsquo;Alca\u00f1iz, le <strong>refuge antia\u00e9rien<\/strong> transform\u00e9 en mus\u00e9e de la guerre civile espagnole (qui rappelle un \u00e9pisode sanglant v\u00e9cu \u00e0 Alca\u00f1iz et ayant fait de nombreuses victimes civiles) ou le <strong>Centre des Ib\u00e8res du Bajo Arag\u00f3n<\/strong> compl\u00e8tent l&rsquo;intense proposition culturelle, historique et artistique de la ville. Cependant, si Alca\u00f1iz s&rsquo;est singularis\u00e9e \u00e0 l&rsquo;\u00e9poque actuelle, c&rsquo;est bien par sa passion pour le sport automobile et un magnifique emplacement pour en profiter. Il s&rsquo;agit du grand complexe <strong>Motorland<\/strong>, un \u00e9quipement o\u00f9 l&rsquo;on peut profiter de rendez-vous de motocyclisme de premier plan et de son excellente proposition architecturale, sign\u00e9e par le cabinet du prestigieux architecte Norman Foster.  <\/p>\t\t\t\t\t\t\t\t<\/div>\n\t\t\t\t<\/div>\n\t\t\t\t\t<\/div>\n\t\t\t\t<\/div>\n\t\t<div class=\"elementor-element elementor-element-86f4b43 e-flex e-con-boxed e-con e-parent\" data-id=\"86f4b43\" data-element_type=\"container\" data-e-type=\"container\" data-settings=\"{&quot;jet_parallax_layout_list&quot;:[]}\">\n\t\t\t\t\t<div class=\"e-con-inner\">\n\t\t<div class=\"elementor-element elementor-element-15416f9 e-con-full e-flex e-con e-child\" data-id=\"15416f9\" data-element_type=\"container\" data-e-type=\"container\" data-settings=\"{&quot;jet_parallax_layout_list&quot;:[]}\">\n\t\t\t\t<div class=\"elementor-element elementor-element-8036910 elementor-widget elementor-widget-heading\" data-id=\"8036910\" data-element_type=\"widget\" data-e-type=\"widget\" data-widget_type=\"heading.default\">\n\t\t\t\t\t<h3 class=\"elementor-heading-title elementor-size-default\">Alca\u00f1iz naturellement surprenante<\/h3>\t\t\t\t<\/div>\n\t\t\t\t<div class=\"elementor-element elementor-element-4bb4634 elementor-widget elementor-widget-text-editor\" data-id=\"4bb4634\" data-element_type=\"widget\" data-e-type=\"widget\" data-widget_type=\"text-editor.default\">\n\t\t\t\t\t\t\t\t\t<p>Au niveau naturel, Alca\u00f1iz surprend \u00e9galement. Elle le fait avec deux sites distincts mais proches. Le premier, celui de <strong>Las Saladas<\/strong>, un ensemble de 30&nbsp;bassins d&rsquo;eau avec une tr\u00e8s forte concentration de sel qui constituent un magnifique exemple d&rsquo;un ph\u00e9nom\u00e8ne r\u00e9p\u00e9t\u00e9 dans le Bajo Arag\u00f3n, mais pratiquement unique en Europe&nbsp;: celui des lagunes sal\u00e9es. Ce ph\u00e9nom\u00e8ne s&rsquo;explique en rappelant qu&rsquo;il y a des millions d&rsquo;ann\u00e9es, la p\u00e9ninsule ib\u00e9rique \u00e9tait recouverte par la mer. Aujourd&rsquo;hui, ces bassins se remplissent de mani\u00e8re saisonni\u00e8re avec de l&rsquo;eau provenant du sous-sol, offrant des lagunes rafra\u00eechissantes lorsqu&rsquo;ils sont pleins et un paysage lunaire singulier lorsqu&rsquo;ils se vident. Actuellement, le paysage aride propre \u00e0 ce ph\u00e9nom\u00e8ne cohabite avec de nouvelles zones de vergers et d&rsquo;irrigation, tr\u00e8s proches du <strong>r\u00e9servoir de la Estanca<\/strong>, l&rsquo;un des plus beaux paysages d&rsquo;Alca\u00f1iz et un endroit magnifique pour profiter de la p\u00eache, du cyclotourisme, de la randonn\u00e9e, de l&rsquo;\u00e9quitation et des sports nautiques non polluants.     <\/p><p>Tant la Estanca que les Saladas deviennent \u00e9galement un incontournable pour les visiteurs amateurs d&rsquo;observation des oiseaux et sont reli\u00e9es par un itin\u00e9raire \u00e0 parcourir \u00e0 pied ou \u00e0 v\u00e9lo promu par la mairie d&rsquo;Alca\u00f1iz. La mairie a \u00e9galement particip\u00e9 \u00e0 la cr\u00e9ation d&rsquo;<strong>Alca\u00f1iz Rutea<\/strong>, un outil pour conna\u00eetre la localit\u00e9 \u00e0 travers ses sentiers et chemins, et avec 11&nbsp;itin\u00e9raires initiaux balis\u00e9s avec lesquels d\u00e9couvrir la nature, mais aussi l&rsquo;histoire de la commune. <\/p>\t\t\t\t\t\t\t\t<\/div>\n\t\t\t\t<\/div>\n\t\t<div class=\"elementor-element elementor-element-e168329 e-con-full e-flex e-con e-child\" data-id=\"e168329\" data-element_type=\"container\" data-e-type=\"container\" data-settings=\"{&quot;background_background&quot;:&quot;classic&quot;,&quot;jet_parallax_layout_list&quot;:[]}\">\n\t\t\t\t<\/div>\n\t\t\t\t\t<\/div>\n\t\t\t\t<\/div>\n\t\t<div class=\"elementor-element elementor-element-e96dbb6 e-con-full e-flex e-con e-parent\" data-id=\"e96dbb6\" data-element_type=\"container\" data-e-type=\"container\" data-settings=\"{&quot;jet_parallax_layout_list&quot;:[]}\">\n\t\t<div class=\"elementor-element elementor-element-9438d61 e-con-full e-flex e-con e-child\" data-id=\"9438d61\" data-element_type=\"container\" data-e-type=\"container\" data-settings=\"{&quot;background_background&quot;:&quot;classic&quot;,&quot;jet_parallax_layout_list&quot;:[]}\">\n\t\t\t\t<\/div>\n\t\t<div class=\"elementor-element elementor-element-8847b94 e-con-full e-flex e-con e-child\" data-id=\"8847b94\" data-element_type=\"container\" data-e-type=\"container\" data-settings=\"{&quot;background_background&quot;:&quot;classic&quot;,&quot;jet_parallax_layout_list&quot;:[]}\">\n\t\t\t\t<div class=\"elementor-element elementor-element-d18c4d9 elementor-widget elementor-widget-heading\" data-id=\"d18c4d9\" data-element_type=\"widget\" data-e-type=\"widget\" data-widget_type=\"heading.default\">\n\t\t\t\t\t<h3 class=\"elementor-heading-title elementor-size-default\">Une Semaine Sainte d\u00e9clar\u00e9e d'Int\u00e9r\u00eat Touristique National<\/h3>\t\t\t\t<\/div>\n\t\t\t\t<div class=\"elementor-element elementor-element-761c0e6 elementor-widget elementor-widget-text-editor\" data-id=\"761c0e6\" data-element_type=\"widget\" data-e-type=\"widget\" data-widget_type=\"text-editor.default\">\n\t\t\t\t\t\t\t\t\t<p>Et s&rsquo;il est toujours une bonne id\u00e9e de visiter Alca\u00f1iz, il est encore plus sp\u00e9cial de le faire pendant la c\u00e9l\u00e9bration de la <strong>Semaine Sainte<\/strong>. Une festivit\u00e9 qui, dans la localit\u00e9, se caract\u00e9rise par le grondement des <strong>tambours<\/strong> et le bleu de la tunique des confr\u00e8res, mais surtout par le fait que tous les habitants descendent dans les rues et collaborent d&rsquo;une mani\u00e8re ou d&rsquo;une autre \u00e0 une tradition qui a \u00e9t\u00e9 <strong>d\u00e9clar\u00e9e F\u00eate d&rsquo;Int\u00e9r\u00eat Touristique National<\/strong>. La Semaine Sainte d&rsquo;Alca\u00f1iz appartient \u00e0 la Route du Tambour et du Bombo du Bajo Arag\u00f3n. Une autre date incontournable dans le calendrier de la ville est le jour de San Jorge (23&nbsp;avril), o\u00f9 l&rsquo;on c\u00e9l\u00e8bre le spectacle du <strong>Vencimiento del drag\u00f3n<\/strong> et o\u00f9 les mara\u00eechers, suivant la tradition, offrent \u00e0 leur bien-aim\u00e9e le ramo del bienquerer, un bouquet de fleurs sauvages. Pendant le mois de f\u00e9vrier, Alca\u00f1iz voyage au XVe&nbsp;si\u00e8cle avec les reconstitutions historiques des <strong>F\u00eates de La Concordia<\/strong>.     <\/p>\t\t\t\t\t\t\t\t<\/div>\n\t\t\t\t<\/div>\n\t\t\t\t<\/div>\n\t\t<div class=\"elementor-element elementor-element-d634baf e-flex e-con-boxed e-con e-parent\" data-id=\"d634baf\" data-element_type=\"container\" data-e-type=\"container\" data-settings=\"{&quot;jet_parallax_layout_list&quot;:[]}\">\n\t\t\t\t\t<div class=\"e-con-inner\">\n\t\t<div class=\"elementor-element elementor-element-618cf73 e-con-full e-flex e-con e-child\" data-id=\"618cf73\" data-element_type=\"container\" data-e-type=\"container\" data-settings=\"{&quot;background_background&quot;:&quot;classic&quot;,&quot;jet_parallax_layout_list&quot;:[]}\">\n\t\t\t\t<div class=\"elementor-element elementor-element-2d501f8 elementor-widget elementor-widget-heading\" data-id=\"2d501f8\" data-element_type=\"widget\" data-e-type=\"widget\" data-widget_type=\"heading.default\">\n\t\t\t\t\t<h4 class=\"elementor-heading-title elementor-size-default\"><a href=\"https:\/\/ruta3reis.tortosaturisme.cat\/3-etapas-3-identidades\/morella\/\">&lt; Morella<\/a><\/h4>\t\t\t\t<\/div>\n\t\t\t\t<\/div>\n\t\t<div class=\"elementor-element elementor-element-df3eb85 e-con-full e-flex e-con e-child\" data-id=\"df3eb85\" data-element_type=\"container\" data-e-type=\"container\" data-settings=\"{&quot;background_background&quot;:&quot;classic&quot;,&quot;jet_parallax_layout_list&quot;:[]}\">\n\t\t\t\t<div class=\"elementor-element elementor-element-9622e4f elementor-widget elementor-widget-heading\" data-id=\"9622e4f\" data-element_type=\"widget\" data-e-type=\"widget\" data-widget_type=\"heading.default\">\n\t\t\t\t\t<h4 class=\"elementor-heading-title elementor-size-default\"><a href=\"https:\/\/ruta3reis.tortosaturisme.cat\/3-etapas-3-identidades\/tortosa\/\">Tortosa &gt;<\/a><\/h4>\t\t\t\t<\/div>\n\t\t\t\t<\/div>\n\t\t\t\t\t<\/div>\n\t\t\t\t<\/div>\n\t\t<div class=\"elementor-element elementor-element-399f426 e-flex e-con-boxed e-con e-parent\" data-id=\"399f426\" data-element_type=\"container\" data-e-type=\"container\" data-settings=\"{&quot;jet_parallax_layout_list&quot;:[]}\">\n\t\t\t\t\t<div class=\"e-con-inner\">\n\t\t<div class=\"elementor-element elementor-element-de23137 e-con-full e-flex e-con e-child\" data-id=\"de23137\" data-element_type=\"container\" data-e-type=\"container\" data-settings=\"{&quot;jet_parallax_layout_list&quot;:[]}\">\n\t\t<div class=\"elementor-element elementor-element-f0fcdde e-con-full e-flex elementor-invisible e-con e-child\" data-id=\"f0fcdde\" data-element_type=\"container\" data-e-type=\"container\" data-settings=\"{&quot;animation&quot;:&quot;fadeIn&quot;,&quot;animation_delay&quot;:200,&quot;jet_parallax_layout_list&quot;:[]}\">\n\t\t\t\t<div class=\"elementor-element elementor-element-e668a05 elementor-widget elementor-widget-image\" data-id=\"e668a05\" data-element_type=\"widget\" data-e-type=\"widget\" data-widget_type=\"image.default\">\n\t\t\t\t\t\t\t\t\t\t\t\t\t\t\t<img fetchpriority=\"high\" decoding=\"async\" width=\"346\" height=\"361\" src=\"https:\/\/ruta3reis.tortosaturisme.cat\/wp-content\/uploads\/2026\/02\/Recurso-2@3x2.png\" class=\"attachment-large size-large wp-image-737\" alt=\"Ic\u00f4ne nature\" srcset=\"https:\/\/ruta3reis.tortosaturisme.cat\/wp-content\/uploads\/2026\/02\/Recurso-2@3x2.png 346w, https:\/\/ruta3reis.tortosaturisme.cat\/wp-content\/uploads\/2026\/02\/Recurso-2@3x2-288x300.png 288w\" sizes=\"(max-width: 346px) 100vw, 346px\" \/>\t\t\t\t\t\t\t\t\t\t\t\t\t\t\t<\/div>\n\t\t<div class=\"elementor-element elementor-element-8f0564b e-con-full e-flex e-con e-child\" data-id=\"8f0564b\" data-element_type=\"container\" data-e-type=\"container\" data-settings=\"{&quot;jet_parallax_layout_list&quot;:[]}\">\n\t\t\t\t<div class=\"elementor-element elementor-element-cc6d387 elementor-widget elementor-widget-heading\" data-id=\"cc6d387\" data-element_type=\"widget\" data-e-type=\"widget\" data-widget_type=\"heading.default\">\n\t\t\t\t\t<h3 class=\"elementor-heading-title elementor-size-default\">Nature<\/h3>\t\t\t\t<\/div>\n\t\t\t\t<div class=\"elementor-element elementor-element-682f836 elementor-widget elementor-widget-text-editor\" data-id=\"682f836\" data-element_type=\"widget\" data-e-type=\"widget\" data-widget_type=\"text-editor.default\">\n\t\t\t\t\t\t\t\t\t<p>Route 3&nbsp;Rois au naturel<\/p>\t\t\t\t\t\t\t\t<\/div>\n\t\t\t\t<\/div>\n\t\t\t\t<div class=\"elementor-element elementor-element-e7017b7 elementor-align-center elementor-widget elementor-widget-button\" data-id=\"e7017b7\" data-element_type=\"widget\" data-e-type=\"widget\" data-widget_type=\"button.default\">\n\t\t\t\t\t\t\t\t\t\t<a class=\"elementor-button elementor-button-link elementor-size-sm\" href=\"https:\/\/ruta3reis.tortosaturisme.cat\/fr\/la-route-des-3-rois\/\">\n\t\t\t\t\t\t<span class=\"elementor-button-content-wrapper\">\n\t\t\t\t\t\t\t\t\t<span class=\"elementor-button-text\">D\u00e9couvrez-la<\/span>\n\t\t\t\t\t<\/span>\n\t\t\t\t\t<\/a>\n\t\t\t\t\t\t\t\t<\/div>\n\t\t\t\t<\/div>\n\t\t<div class=\"elementor-element elementor-element-1e691f4 e-con-full e-flex elementor-invisible e-con e-child\" data-id=\"1e691f4\" data-element_type=\"container\" data-e-type=\"container\" data-settings=\"{&quot;animation&quot;:&quot;fadeIn&quot;,&quot;animation_delay&quot;:400,&quot;jet_parallax_layout_list&quot;:[]}\">\n\t\t\t\t<div class=\"elementor-element elementor-element-33ea3ff elementor-widget elementor-widget-image\" data-id=\"33ea3ff\" data-element_type=\"widget\" data-e-type=\"widget\" data-widget_type=\"image.default\">\n\t\t\t\t\t\t\t\t\t\t\t\t\t\t\t<img decoding=\"async\" width=\"351\" height=\"361\" src=\"https:\/\/ruta3reis.tortosaturisme.cat\/wp-content\/uploads\/2026\/02\/Recurso-1@3x2.png\" class=\"attachment-large size-large wp-image-738\" alt=\"Ic\u00f4ne table\" srcset=\"https:\/\/ruta3reis.tortosaturisme.cat\/wp-content\/uploads\/2026\/02\/Recurso-1@3x2.png 351w, https:\/\/ruta3reis.tortosaturisme.cat\/wp-content\/uploads\/2026\/02\/Recurso-1@3x2-292x300.png 292w\" sizes=\"(max-width: 351px) 100vw, 351px\" \/>\t\t\t\t\t\t\t\t\t\t\t\t\t\t\t<\/div>\n\t\t<div class=\"elementor-element elementor-element-1b2bfc0 e-con-full e-flex e-con e-child\" data-id=\"1b2bfc0\" data-element_type=\"container\" data-e-type=\"container\" data-settings=\"{&quot;jet_parallax_layout_list&quot;:[]}\">\n\t\t\t\t<div class=\"elementor-element elementor-element-826914e elementor-widget elementor-widget-heading\" data-id=\"826914e\" data-element_type=\"widget\" data-e-type=\"widget\" data-widget_type=\"heading.default\">\n\t\t\t\t\t<h3 class=\"elementor-heading-title elementor-size-default\">Gastronomie<\/h3>\t\t\t\t<\/div>\n\t\t\t\t<div class=\"elementor-element elementor-element-6af34bf elementor-widget elementor-widget-text-editor\" data-id=\"6af34bf\" data-element_type=\"widget\" data-e-type=\"widget\" data-widget_type=\"text-editor.default\">\n\t\t\t\t\t\t\t\t\t<p>La saveur de la Route 3&nbsp;Rois<\/p>\t\t\t\t\t\t\t\t<\/div>\n\t\t\t\t<\/div>\n\t\t\t\t<div class=\"elementor-element elementor-element-b112afc elementor-align-center elementor-widget elementor-widget-button\" data-id=\"b112afc\" data-element_type=\"widget\" data-e-type=\"widget\" data-widget_type=\"button.default\">\n\t\t\t\t\t\t\t\t\t\t<a class=\"elementor-button elementor-button-link elementor-size-sm\" href=\"https:\/\/ruta3reis.tortosaturisme.cat\/fr\/la-route-des-3-rois\/la-saveur-de-la-route\/\">\n\t\t\t\t\t\t<span class=\"elementor-button-content-wrapper\">\n\t\t\t\t\t\t\t\t\t<span class=\"elementor-button-text\">D\u00e9couvrez-la<\/span>\n\t\t\t\t\t<\/span>\n\t\t\t\t\t<\/a>\n\t\t\t\t\t\t\t\t<\/div>\n\t\t\t\t<\/div>\n\t\t<div class=\"elementor-element elementor-element-b616346 e-con-full e-flex elementor-invisible e-con e-child\" data-id=\"b616346\" data-element_type=\"container\" data-e-type=\"container\" data-settings=\"{&quot;animation&quot;:&quot;fadeIn&quot;,&quot;animation_delay&quot;:600,&quot;jet_parallax_layout_list&quot;:[]}\">\n\t\t\t\t<div class=\"elementor-element elementor-element-2f5f33d elementor-widget elementor-widget-image\" data-id=\"2f5f33d\" data-element_type=\"widget\" data-e-type=\"widget\" data-widget_type=\"image.default\">\n\t\t\t\t\t\t\t\t\t\t\t\t\t\t\t<img decoding=\"async\" width=\"373\" height=\"361\" src=\"https:\/\/ruta3reis.tortosaturisme.cat\/wp-content\/uploads\/2026\/02\/Recurso-3@3x2.png\" class=\"attachment-large size-large wp-image-739\" alt=\"\" srcset=\"https:\/\/ruta3reis.tortosaturisme.cat\/wp-content\/uploads\/2026\/02\/Recurso-3@3x2.png 373w, https:\/\/ruta3reis.tortosaturisme.cat\/wp-content\/uploads\/2026\/02\/Recurso-3@3x2-300x290.png 300w\" sizes=\"(max-width: 373px) 100vw, 373px\" \/>\t\t\t\t\t\t\t\t\t\t\t\t\t\t\t<\/div>\n\t\t<div class=\"elementor-element elementor-element-355d888 e-con-full e-flex e-con e-child\" data-id=\"355d888\" data-element_type=\"container\" data-e-type=\"container\" data-settings=\"{&quot;jet_parallax_layout_list&quot;:[]}\">\n\t\t\t\t<div class=\"elementor-element elementor-element-e46978c elementor-widget elementor-widget-heading\" data-id=\"e46978c\" data-element_type=\"widget\" data-e-type=\"widget\" data-widget_type=\"heading.default\">\n\t\t\t\t\t<h3 class=\"elementor-heading-title elementor-size-default\">F\u00eates et festivit\u00e9s<\/h3>\t\t\t\t<\/div>\n\t\t\t\t<div class=\"elementor-element elementor-element-949089c elementor-widget elementor-widget-text-editor\" data-id=\"949089c\" data-element_type=\"widget\" data-e-type=\"widget\" data-widget_type=\"text-editor.default\">\n\t\t\t\t\t\t\t\t\t<p>F\u00eates d&rsquo;int\u00e9r\u00eat touristique national et un calendrier culturel intense<\/p>\t\t\t\t\t\t\t\t<\/div>\n\t\t\t\t<\/div>\n\t\t\t\t<div class=\"elementor-element elementor-element-8e56d0b elementor-align-center elementor-widget elementor-widget-button\" data-id=\"8e56d0b\" data-element_type=\"widget\" data-e-type=\"widget\" data-widget_type=\"button.default\">\n\t\t\t\t\t\t\t\t\t\t<a class=\"elementor-button elementor-button-link elementor-size-sm\" href=\"https:\/\/ruta3reis.tortosaturisme.cat\/fr\/la-route-des-3-rois\/\">\n\t\t\t\t\t\t<span class=\"elementor-button-content-wrapper\">\n\t\t\t\t\t\t\t\t\t<span class=\"elementor-button-text\">D\u00e9couvrez-la<\/span>\n\t\t\t\t\t<\/span>\n\t\t\t\t\t<\/a>\n\t\t\t\t\t\t\t\t<\/div>\n\t\t\t\t<\/div>\n\t\t\t\t<\/div>\n\t\t\t\t\t<\/div>\n\t\t\t\t<\/div>\n\t\t\t\t<\/div>\n\t\t","protected":false},"excerpt":{"rendered":"<p>Une ville qui surprend Si les villages ont un c\u0153ur, celui d&rsquo;Alca\u00f1iz se trouve sans aucun doute sur sa Plaza de Espa\u00f1a. Et si ils ont une \u00e2me, celle de la commune brille avec force sur sa place principale. C&rsquo;est ici que les habitants d&rsquo;Alca\u00f1iz se rencontrent, rient et trinquent, et c&rsquo;est le point de [&hellip;]<\/p>\n","protected":false},"author":1,"featured_media":0,"parent":853,"menu_order":0,"comment_status":"closed","ping_status":"closed","template":"","meta":{"footnotes":""},"class_list":["post-823","page","type-page","status-publish","hentry"],"_links":{"self":[{"href":"https:\/\/ruta3reis.tortosaturisme.cat\/fr\/wp-json\/wp\/v2\/pages\/823","targetHints":{"allow":["GET"]}}],"collection":[{"href":"https:\/\/ruta3reis.tortosaturisme.cat\/fr\/wp-json\/wp\/v2\/pages"}],"about":[{"href":"https:\/\/ruta3reis.tortosaturisme.cat\/fr\/wp-json\/wp\/v2\/types\/page"}],"author":[{"embeddable":true,"href":"https:\/\/ruta3reis.tortosaturisme.cat\/fr\/wp-json\/wp\/v2\/users\/1"}],"replies":[{"embeddable":true,"href":"https:\/\/ruta3reis.tortosaturisme.cat\/fr\/wp-json\/wp\/v2\/comments?post=823"}],"version-history":[{"count":3,"href":"https:\/\/ruta3reis.tortosaturisme.cat\/fr\/wp-json\/wp\/v2\/pages\/823\/revisions"}],"predecessor-version":[{"id":1003,"href":"https:\/\/ruta3reis.tortosaturisme.cat\/fr\/wp-json\/wp\/v2\/pages\/823\/revisions\/1003"}],"up":[{"embeddable":true,"href":"https:\/\/ruta3reis.tortosaturisme.cat\/fr\/wp-json\/wp\/v2\/pages\/853"}],"wp:attachment":[{"href":"https:\/\/ruta3reis.tortosaturisme.cat\/fr\/wp-json\/wp\/v2\/media?parent=823"}],"curies":[{"name":"wp","href":"https:\/\/api.w.org\/{rel}","templated":true}]}}