{"id":850,"date":"2026-02-05T09:51:05","date_gmt":"2026-02-05T08:51:05","guid":{"rendered":"https:\/\/ruta3reis.tortosaturisme.cat\/experiences\/"},"modified":"2026-02-06T20:55:22","modified_gmt":"2026-02-06T19:55:22","slug":"experiences","status":"publish","type":"page","link":"https:\/\/ruta3reis.tortosaturisme.cat\/fr\/experiences\/","title":{"rendered":"Exp\u00e9riences"},"content":{"rendered":"\t\t<div data-elementor-type=\"wp-page\" data-elementor-id=\"850\" class=\"elementor elementor-850 elementor-25\" data-elementor-post-type=\"page\">\n\t\t\t\t<div class=\"elementor-element elementor-element-78b2b84 e-flex e-con-boxed e-con e-parent\" data-id=\"78b2b84\" data-element_type=\"container\" data-e-type=\"container\" data-settings=\"{&quot;jet_parallax_layout_list&quot;:[]}\">\n\t\t\t\t\t<div class=\"e-con-inner\">\n\t\t<div class=\"elementor-element elementor-element-031e557 e-con-full e-flex e-con e-child\" data-id=\"031e557\" data-element_type=\"container\" data-e-type=\"container\" data-settings=\"{&quot;jet_parallax_layout_list&quot;:[]}\">\n\t\t\t\t<div class=\"elementor-element elementor-element-a0dcfbb elementor-invisible elementor-widget elementor-widget-heading\" data-id=\"a0dcfbb\" data-element_type=\"widget\" data-e-type=\"widget\" data-settings=\"{&quot;_animation&quot;:&quot;fadeInDown&quot;}\" data-widget_type=\"heading.default\">\n\t\t\t\t\t<h1 class=\"elementor-heading-title elementor-size-default\">Exp\u00e9riences<\/h1>\t\t\t\t<\/div>\n\t\t\t\t<\/div>\n\t\t\t\t\t<\/div>\n\t\t\t\t<\/div>\n\t\t<div class=\"elementor-element elementor-element-78540b7 e-con-full e-flex e-con e-parent\" data-id=\"78540b7\" data-element_type=\"container\" data-e-type=\"container\" data-settings=\"{&quot;background_background&quot;:&quot;classic&quot;,&quot;jet_parallax_layout_list&quot;:[]}\">\n\t\t<div class=\"elementor-element elementor-element-c87947a e-con-full e-flex e-con e-child\" data-id=\"c87947a\" data-element_type=\"container\" data-e-type=\"container\" data-settings=\"{&quot;jet_parallax_layout_list&quot;:[]}\">\n\t\t<div class=\"elementor-element elementor-element-7b53510 e-con-full e-flex e-con e-child\" data-id=\"7b53510\" data-element_type=\"container\" data-e-type=\"container\" data-settings=\"{&quot;jet_parallax_layout_list&quot;:[]}\">\n\t\t\t\t<div class=\"elementor-element elementor-element-d96c31f elementor-invisible elementor-widget elementor-widget-heading\" data-id=\"d96c31f\" data-element_type=\"widget\" data-e-type=\"widget\" data-settings=\"{&quot;_animation&quot;:&quot;fadeIn&quot;}\" data-widget_type=\"heading.default\">\n\t\t\t\t\t<h2 class=\"elementor-heading-title elementor-size-default\">Route des 3 Rois \u00e0 v\u00e9lo<\/h2>\t\t\t\t<\/div>\n\t\t\t\t<div class=\"elementor-element elementor-element-f496efd elementor-invisible elementor-widget elementor-widget-heading\" data-id=\"f496efd\" data-element_type=\"widget\" data-e-type=\"widget\" data-settings=\"{&quot;_animation&quot;:&quot;fadeIn&quot;}\" data-widget_type=\"heading.default\">\n\t\t\t\t\t<p class=\"elementor-heading-title elementor-size-default\">Cyclotourisme<\/p>\t\t\t\t<\/div>\n\t\t\t\t<\/div>\n\t\t\t\t<div class=\"elementor-element elementor-element-e35a528 elementor-widget__width-initial elementor-invisible elementor-widget elementor-widget-text-editor\" data-id=\"e35a528\" data-element_type=\"widget\" data-e-type=\"widget\" data-settings=\"{&quot;_animation&quot;:&quot;fadeIn&quot;,&quot;_animation_delay&quot;:400}\" data-widget_type=\"text-editor.default\">\n\t\t\t\t\t\t\t\t\t<p class=\"p1\">La Route des 3 Rois offre aux passionn\u00e9s de v\u00e9lo plus de 300 kilom\u00e8tres de parcours pour d\u00e9couvrir les villes d&rsquo;Alca\u00f1iz, Morella et Tortosa, ainsi que les chemins qui les relient. Pour ce faire, diff\u00e9rents itin\u00e9raires ont \u00e9t\u00e9 cr\u00e9\u00e9s, adapt\u00e9s aux diff\u00e9rents niveaux des utilisateurs et \u00e0 la dur\u00e9e du voyage, et proposant des itin\u00e9raires alternatifs pour les VTT et les v\u00e9los de route. Le tout, dans une approche marqu\u00e9e par la culture slow et la responsabilit\u00e9 sociale, et avec la volont\u00e9 de rapprocher le territoire, ses villages et ses habitants de ceux qui choisissent de la parcourir \u00e0 v\u00e9lo.  <\/p><p class=\"p1\">Car sur la Route des 3 Rois, tout n&rsquo;est pas que cyclisme, mais la proposition est compl\u00e9t\u00e9e par une s\u00e9lection judicieuse d&rsquo;h\u00e9bergements et diverses suggestions d&rsquo;activit\u00e9s et de points d&rsquo;int\u00e9r\u00eat pour d\u00e9couvrir l&rsquo;authenticit\u00e9 de cette r\u00e9gion. <\/p>\t\t\t\t\t\t\t\t<\/div>\n\t\t\t\t<\/div>\n\t\t<div class=\"elementor-element elementor-element-244ce57 e-con-full e-flex e-con e-child\" data-id=\"244ce57\" data-element_type=\"container\" data-e-type=\"container\" data-settings=\"{&quot;background_background&quot;:&quot;classic&quot;,&quot;jet_parallax_layout_list&quot;:[]}\">\n\t\t\t\t<\/div>\n\t\t\t\t<\/div>\n\t\t\t\t<\/div>\n\t\t","protected":false},"excerpt":{"rendered":"<p>Exp\u00e9riences Route des 3 Rois \u00e0 v\u00e9lo Cyclotourisme La Route des 3 Rois offre aux passionn\u00e9s de v\u00e9lo plus de 300 kilom\u00e8tres de parcours pour d\u00e9couvrir les villes d&rsquo;Alca\u00f1iz, Morella et Tortosa, ainsi que les chemins qui les relient. Pour ce faire, diff\u00e9rents itin\u00e9raires ont \u00e9t\u00e9 cr\u00e9\u00e9s, adapt\u00e9s aux diff\u00e9rents niveaux des utilisateurs et \u00e0 [&hellip;]<\/p>\n","protected":false},"author":1,"featured_media":0,"parent":0,"menu_order":0,"comment_status":"closed","ping_status":"closed","template":"","meta":{"footnotes":""},"class_list":["post-850","page","type-page","status-publish","hentry"],"_links":{"self":[{"href":"https:\/\/ruta3reis.tortosaturisme.cat\/fr\/wp-json\/wp\/v2\/pages\/850","targetHints":{"allow":["GET"]}}],"collection":[{"href":"https:\/\/ruta3reis.tortosaturisme.cat\/fr\/wp-json\/wp\/v2\/pages"}],"about":[{"href":"https:\/\/ruta3reis.tortosaturisme.cat\/fr\/wp-json\/wp\/v2\/types\/page"}],"author":[{"embeddable":true,"href":"https:\/\/ruta3reis.tortosaturisme.cat\/fr\/wp-json\/wp\/v2\/users\/1"}],"replies":[{"embeddable":true,"href":"https:\/\/ruta3reis.tortosaturisme.cat\/fr\/wp-json\/wp\/v2\/comments?post=850"}],"version-history":[{"count":1,"href":"https:\/\/ruta3reis.tortosaturisme.cat\/fr\/wp-json\/wp\/v2\/pages\/850\/revisions"}],"predecessor-version":[{"id":852,"href":"https:\/\/ruta3reis.tortosaturisme.cat\/fr\/wp-json\/wp\/v2\/pages\/850\/revisions\/852"}],"wp:attachment":[{"href":"https:\/\/ruta3reis.tortosaturisme.cat\/fr\/wp-json\/wp\/v2\/media?parent=850"}],"curies":[{"name":"wp","href":"https:\/\/api.w.org\/{rel}","templated":true}]}}