{"id":907,"date":"2026-02-05T09:48:28","date_gmt":"2026-02-05T08:48:28","guid":{"rendered":"https:\/\/ruta3reis.tortosaturisme.cat\/la-route-des-3-rois\/"},"modified":"2026-02-06T21:07:39","modified_gmt":"2026-02-06T20:07:39","slug":"la-route-des-3-rois","status":"publish","type":"page","link":"https:\/\/ruta3reis.tortosaturisme.cat\/fr\/la-route-des-3-rois\/","title":{"rendered":"La Route des 3 Rois"},"content":{"rendered":"\t\t<div data-elementor-type=\"wp-page\" data-elementor-id=\"907\" class=\"elementor elementor-907 elementor-17\" data-elementor-post-type=\"page\">\n\t\t\t\t<div class=\"elementor-element elementor-element-d4b81a6 e-flex e-con-boxed e-con e-parent\" data-id=\"d4b81a6\" data-element_type=\"container\" data-e-type=\"container\" data-settings=\"{&quot;jet_parallax_layout_list&quot;:[]}\">\n\t\t\t\t\t<div class=\"e-con-inner\">\n\t\t<div class=\"elementor-element elementor-element-8acd568 e-con-full e-flex e-con e-child\" data-id=\"8acd568\" data-element_type=\"container\" data-e-type=\"container\" data-settings=\"{&quot;jet_parallax_layout_list&quot;:[]}\">\n\t\t\t\t<div class=\"elementor-element elementor-element-d05f708 elementor-invisible elementor-widget elementor-widget-heading\" data-id=\"d05f708\" data-element_type=\"widget\" data-e-type=\"widget\" data-settings=\"{&quot;_animation&quot;:&quot;fadeInDown&quot;}\" data-widget_type=\"heading.default\">\n\t\t\t\t\t<h1 class=\"elementor-heading-title elementor-size-default\">La Route des 3 Rois<\/h1>\t\t\t\t<\/div>\n\t\t\t\t<\/div>\n\t\t<div class=\"elementor-element elementor-element-4760238 e-con-full e-flex e-con e-child\" data-id=\"4760238\" data-element_type=\"container\" data-e-type=\"container\" data-settings=\"{&quot;jet_parallax_layout_list&quot;:[]}\">\n\t\t\t\t<div class=\"elementor-element elementor-element-fcb42bc elementor-widget__width-initial elementor-invisible elementor-widget elementor-widget-text-editor\" data-id=\"fcb42bc\" data-element_type=\"widget\" data-e-type=\"widget\" data-settings=\"{&quot;_animation&quot;:&quot;fadeIn&quot;,&quot;_animation_delay&quot;:200}\" data-widget_type=\"text-editor.default\">\n\t\t\t\t\t\t\t\t\t<p class=\"p1\">La Route des 3 Rois est un itin\u00e9raire touristique qui propose au voyageur de <b>d\u00e9couvrir ensemble les attraits de trois localit\u00e9s unies par l&rsquo;histoire<\/b>. Il s&rsquo;agit d&rsquo;<b>une route circulaire<\/b> qui se dessine <b>autour de l&rsquo;espace naturel du massif d&rsquo;Els Ports<\/b> et qui relie les municipalit\u00e9s d&rsquo;Alca\u00f1iz (en Aragon), <b>Morella<\/b> (dans la Communaut\u00e9 valencienne) et <b>Tortosa<\/b> (en Catalogne), qui deviennent les trois \u00e9tapes de cette proposition. <\/p>\t\t\t\t\t\t\t\t<\/div>\n\t\t\t\t<div class=\"elementor-element elementor-element-0573fae elementor-widget__width-initial elementor-invisible elementor-widget elementor-widget-text-editor\" data-id=\"0573fae\" data-element_type=\"widget\" data-e-type=\"widget\" data-settings=\"{&quot;_animation&quot;:&quot;fadeIn&quot;,&quot;_animation_delay&quot;:400}\" data-widget_type=\"text-editor.default\">\n\t\t\t\t\t\t\t\t\t<p class=\"p1\">La Route des 3 Rois traverse un territoire o\u00f9 confluent trois communaut\u00e9s autonomes distinctes, <b>un coin de la carte qui, pendant des si\u00e8cles, a servi de point de rencontre \u00e0 trois r\u00e9alit\u00e9s<\/b> dont l&rsquo;\u00e9change \u00e9conomique, social et culturel a \u00e9t\u00e9 une constante au fil des ans.<\/p>\t\t\t\t\t\t\t\t<\/div>\n\t\t\t\t<\/div>\n\t\t\t\t\t<\/div>\n\t\t\t\t<\/div>\n\t\t<div class=\"elementor-element elementor-element-cdf8a98 e-flex e-con-boxed e-con e-parent\" data-id=\"cdf8a98\" data-element_type=\"container\" data-e-type=\"container\" data-settings=\"{&quot;background_background&quot;:&quot;classic&quot;,&quot;jet_parallax_layout_list&quot;:[]}\">\n\t\t\t\t\t<div class=\"e-con-inner\">\n\t\t<div class=\"elementor-element elementor-element-9cc8c19 e-con-full e-flex e-con e-child\" data-id=\"9cc8c19\" data-element_type=\"container\" data-e-type=\"container\" data-settings=\"{&quot;jet_parallax_layout_list&quot;:[]}\">\n\t\t\t\t<div class=\"elementor-element elementor-element-3752281 elementor-invisible elementor-widget elementor-widget-text-editor\" data-id=\"3752281\" data-element_type=\"widget\" data-e-type=\"widget\" data-settings=\"{&quot;_animation&quot;:&quot;fadeIn&quot;,&quot;_animation_delay&quot;:200}\" data-widget_type=\"text-editor.default\">\n\t\t\t\t\t\t\t\t\t<p class=\"p1\">Cette histoire commune se refl\u00e8te, entre autres \u00e9pisodes, dans un <b>splendide pass\u00e9 m\u00e9di\u00e9val<\/b>, lorsque les trois territoires se sont unis <b>sous le r\u00e8gne de la Couronne d&rsquo;Aragon<\/b>. De cette \u00e9poque, on conserve de <b>monumentales empreintes sous forme de ch\u00e2teaux, de murailles, d&rsquo;\u00e9glises et d&rsquo;autres \u00e9difices<\/b> et des t\u00e9moignages artistiques dont l&rsquo;importance et le caract\u00e8re unique promettent de surprendre leurs visiteurs. Mais ce n&rsquo;est pas tout, aujourd&rsquo;hui, Alca\u00f1iz, Morella et Tortosa sont devenues des <b>localit\u00e9s avec un caract\u00e8re propre<\/b>, une intense activit\u00e9 culturelle, une riche proposition gastronomique et un merveilleux environnement naturel qui les situe comme des destinations id\u00e9ales pour profiter sans se presser et dispos\u00e9s \u00e0 se laisser conqu\u00e9rir.  <\/p>\t\t\t\t\t\t\t\t<\/div>\n\t\t\t\t<\/div>\n\t\t\t\t\t<\/div>\n\t\t\t\t<\/div>\n\t\t<div class=\"elementor-element elementor-element-b8c53f7 e-flex e-con-boxed e-con e-parent\" data-id=\"b8c53f7\" data-element_type=\"container\" data-e-type=\"container\" data-settings=\"{&quot;jet_parallax_layout_list&quot;:[]}\">\n\t\t\t\t\t<div class=\"e-con-inner\">\n\t\t<div class=\"elementor-element elementor-element-214ee61 e-con-full e-flex e-con e-child\" data-id=\"214ee61\" data-element_type=\"container\" data-e-type=\"container\" data-settings=\"{&quot;jet_parallax_layout_list&quot;:[]}\">\n\t\t<div class=\"elementor-element elementor-element-371dea5 e-con-full e-flex e-con e-child\" data-id=\"371dea5\" data-element_type=\"container\" data-e-type=\"container\" data-settings=\"{&quot;jet_parallax_layout_list&quot;:[]}\">\n\t\t\t\t<div class=\"elementor-element elementor-element-8a55850 elementor-invisible elementor-widget elementor-widget-heading\" data-id=\"8a55850\" data-element_type=\"widget\" data-e-type=\"widget\" data-settings=\"{&quot;_animation&quot;:&quot;fadeIn&quot;}\" data-widget_type=\"heading.default\">\n\t\t\t\t\t<h2 class=\"elementor-heading-title elementor-size-default\">Une route de l\u00e9gende<\/h2>\t\t\t\t<\/div>\n\t\t\t\t<div class=\"elementor-element elementor-element-5c6c45e elementor-invisible elementor-widget elementor-widget-text-editor\" data-id=\"5c6c45e\" data-element_type=\"widget\" data-e-type=\"widget\" data-settings=\"{&quot;_animation&quot;:&quot;fadeIn&quot;,&quot;_animation_delay&quot;:200}\" data-widget_type=\"text-editor.default\">\n\t\t\t\t\t\t\t\t\t<p class=\"p1\">Cette route emprunte le nom de 3 Rois du sommet d&rsquo;une des montagnes du massif d&rsquo;Els Ports, un espace naturel o\u00f9 confluent les territoires des communaut\u00e9s autonomes d&rsquo;Aragon, de la Communaut\u00e9 valencienne et de Catalogne. Il s&rsquo;agit du <b>sommet du Tozal del Rey, qui en catalan se nomme le Tossal dels 3 Reis (le tozal des 3 Rois) en r\u00e9f\u00e9rence \u00e0 une ancienne l\u00e9gende<\/b>. L&rsquo;histoire raconte que c&rsquo;\u00e9tait justement ici que, pendant des ann\u00e9es, les plus hauts repr\u00e9sentants des trois territoires c\u00e9l\u00e9braient leurs r\u00e9unions, de sorte que pour se rencontrer, il n&rsquo;\u00e9tait pas n\u00e9cessaire que l&rsquo;un d&rsquo;eux quitte ses domaines. Si ces personnages \u00e9taient des rois ou non, on ne le sait pas avec certitude. Si ce n&rsquo;\u00e9tait pas le cas, on pense que cela se serait produit sous le r\u00e8gne de la Couronne d&rsquo;Aragon (avec un seul roi commun mais des autorit\u00e9s supr\u00eames ind\u00e9pendantes pour chaque territoire). Mais si, au contraire, la l\u00e9gende se r\u00e9f\u00e8re effectivement \u00e0 des rois, elle remonterait \u00e0 une \u00e9poque encore ant\u00e9rieure o\u00f9 c&rsquo;\u00e9taient le roi chr\u00e9tien d&rsquo;Aragon, l&rsquo;\u00e9mir de Tortosa et celui de la ta\u00effa de Valence qui y avaient leur point de rencontre.     <\/p><p class=\"p1\">Bien que cela ne se soit probablement jamais produit et que cela rel\u00e8ve plus du mythe que de la r\u00e9alit\u00e9, il s&rsquo;agit d&rsquo;une belle l\u00e9gende qui illustre une \u00e9troite relation de coexistence qui reste vivante malgr\u00e9 les ann\u00e9es.<\/p>\t\t\t\t\t\t\t\t<\/div>\n\t\t\t\t<\/div>\n\t\t<div class=\"elementor-element elementor-element-5edec21 e-con-full e-flex e-con e-child\" data-id=\"5edec21\" data-element_type=\"container\" data-e-type=\"container\" data-settings=\"{&quot;background_background&quot;:&quot;classic&quot;,&quot;jet_parallax_layout_list&quot;:[]}\">\n\t\t\t\t<div class=\"elementor-element elementor-element-d8d7606 elementor-invisible elementor-widget elementor-widget-image\" data-id=\"d8d7606\" data-element_type=\"widget\" data-e-type=\"widget\" data-settings=\"{&quot;_animation&quot;:&quot;fadeIn&quot;,&quot;_animation_delay&quot;:400}\" data-widget_type=\"image.default\">\n\t\t\t\t\t\t\t\t\t\t\t\t\t\t\t<img fetchpriority=\"high\" decoding=\"async\" width=\"800\" height=\"532\" src=\"https:\/\/ruta3reis.tortosaturisme.cat\/wp-content\/uploads\/2026\/02\/3-Reyes-104-1024x681.webp\" class=\"attachment-large size-large wp-image-910\" alt=\"Couple se promenant\" srcset=\"https:\/\/ruta3reis.tortosaturisme.cat\/wp-content\/uploads\/2026\/02\/3-Reyes-104-1024x681.webp 1024w, https:\/\/ruta3reis.tortosaturisme.cat\/wp-content\/uploads\/2026\/02\/3-Reyes-104-300x200.webp 300w, https:\/\/ruta3reis.tortosaturisme.cat\/wp-content\/uploads\/2026\/02\/3-Reyes-104-768x511.webp 768w, https:\/\/ruta3reis.tortosaturisme.cat\/wp-content\/uploads\/2026\/02\/3-Reyes-104.webp 1087w\" sizes=\"(max-width: 800px) 100vw, 800px\" \/>\t\t\t\t\t\t\t\t\t\t\t\t\t\t\t<\/div>\n\t\t\t\t<\/div>\n\t\t\t\t<\/div>\n\t\t\t\t\t<\/div>\n\t\t\t\t<\/div>\n\t\t<div class=\"elementor-element elementor-element-00cffc5 e-flex e-con-boxed e-con e-parent\" data-id=\"00cffc5\" data-element_type=\"container\" data-e-type=\"container\" data-settings=\"{&quot;background_background&quot;:&quot;classic&quot;,&quot;jet_parallax_layout_list&quot;:[]}\">\n\t\t\t\t\t<div class=\"e-con-inner\">\n\t\t<div class=\"elementor-element elementor-element-c15ff53 e-con-full e-flex e-con e-child\" data-id=\"c15ff53\" data-element_type=\"container\" data-e-type=\"container\" data-settings=\"{&quot;jet_parallax_layout_list&quot;:[]}\">\n\t\t\t\t<div class=\"elementor-element elementor-element-d486642 elementor-invisible elementor-widget elementor-widget-heading\" data-id=\"d486642\" data-element_type=\"widget\" data-e-type=\"widget\" data-settings=\"{&quot;_animation&quot;:&quot;fadeIn&quot;}\" data-widget_type=\"heading.default\">\n\t\t\t\t\t<h2 class=\"elementor-heading-title elementor-size-default\">D\u00e9couvrez la personnalit\u00e9 de chacun !<\/h2>\t\t\t\t<\/div>\n\t\t\t\t<\/div>\n\t\t<div class=\"elementor-element elementor-element-5cd6a93 e-con-full e-flex e-con e-child\" data-id=\"5cd6a93\" data-element_type=\"container\" data-e-type=\"container\" data-settings=\"{&quot;animation&quot;:&quot;none&quot;,&quot;jet_parallax_layout_list&quot;:[]}\">\n\t\t<div class=\"elementor-element elementor-element-75a65a7 e-con-full e-flex elementor-invisible e-con e-child\" data-id=\"75a65a7\" data-element_type=\"container\" data-e-type=\"container\" data-settings=\"{&quot;animation&quot;:&quot;fadeIn&quot;,&quot;animation_delay&quot;:200,&quot;jet_parallax_layout_list&quot;:[]}\">\n\t\t<a class=\"elementor-element elementor-element-0b550bb e-con-full e-flex elementor-invisible e-con e-child\" data-id=\"0b550bb\" data-element_type=\"container\" data-e-type=\"container\" data-settings=\"{&quot;background_background&quot;:&quot;classic&quot;,&quot;animation&quot;:&quot;fadeIn&quot;,&quot;animation_delay&quot;:200,&quot;jet_parallax_layout_list&quot;:[]}\" href=\"https:\/\/ruta3reis.tortosaturisme.cat\/fr\/la-route-des-3-rois\/12-incontournables\/\">\n\t\t\t\t<div class=\"elementor-element elementor-element-463759d elementor-widget elementor-widget-image\" data-id=\"463759d\" data-element_type=\"widget\" data-e-type=\"widget\" data-widget_type=\"image.default\">\n\t\t\t\t\t\t\t\t\t\t\t\t\t\t\t<img decoding=\"async\" width=\"800\" height=\"532\" src=\"https:\/\/ruta3reis.tortosaturisme.cat\/wp-content\/uploads\/2026\/02\/3-Reyes-86-1024x681.webp\" class=\"attachment-large size-large wp-image-911\" alt=\"Couple \u00e0 un point de vue\" srcset=\"https:\/\/ruta3reis.tortosaturisme.cat\/wp-content\/uploads\/2026\/02\/3-Reyes-86-1024x681.webp 1024w, https:\/\/ruta3reis.tortosaturisme.cat\/wp-content\/uploads\/2026\/02\/3-Reyes-86-300x200.webp 300w, https:\/\/ruta3reis.tortosaturisme.cat\/wp-content\/uploads\/2026\/02\/3-Reyes-86-768x511.webp 768w, https:\/\/ruta3reis.tortosaturisme.cat\/wp-content\/uploads\/2026\/02\/3-Reyes-86-1536x1022.webp 1536w, https:\/\/ruta3reis.tortosaturisme.cat\/wp-content\/uploads\/2026\/02\/3-Reyes-86.webp 2000w\" sizes=\"(max-width: 800px) 100vw, 800px\" \/>\t\t\t\t\t\t\t\t\t\t\t\t\t\t\t<\/div>\n\t\t\t\t<\/a>\n\t\t\t\t<div class=\"elementor-element elementor-element-ba33400 elementor-widget elementor-widget-heading\" data-id=\"ba33400\" data-element_type=\"widget\" data-e-type=\"widget\" data-widget_type=\"heading.default\">\n\t\t\t\t\t<h3 class=\"elementor-heading-title elementor-size-default\">Les 12 incontournables<\/h3>\t\t\t\t<\/div>\n\t\t\t\t<\/div>\n\t\t<div class=\"elementor-element elementor-element-811835f e-con-full e-flex elementor-invisible e-con e-child\" data-id=\"811835f\" data-element_type=\"container\" data-e-type=\"container\" data-settings=\"{&quot;animation&quot;:&quot;fadeIn&quot;,&quot;animation_delay&quot;:400,&quot;jet_parallax_layout_list&quot;:[]}\">\n\t\t<a class=\"elementor-element elementor-element-87b0639 e-con-full e-flex e-con e-child\" data-id=\"87b0639\" data-element_type=\"container\" data-e-type=\"container\" data-settings=\"{&quot;background_background&quot;:&quot;classic&quot;,&quot;jet_parallax_layout_list&quot;:[]}\" href=\"https:\/\/ruta3reis.tortosaturisme.cat\/fr\/la-route-des-3-rois\/la-route-en-3-jours\/\">\n\t\t\t\t<div class=\"elementor-element elementor-element-f7b2937 elementor-widget elementor-widget-image\" data-id=\"f7b2937\" data-element_type=\"widget\" data-e-type=\"widget\" data-widget_type=\"image.default\">\n\t\t\t\t\t\t\t\t\t\t\t\t\t\t\t<img decoding=\"async\" width=\"800\" height=\"532\" src=\"https:\/\/ruta3reis.tortosaturisme.cat\/wp-content\/uploads\/2026\/02\/65.-\u00a9_Ruta-3-Reyes_David-Gil_Tortosa_Reales-Colegios-1024x681.webp\" class=\"attachment-large size-large wp-image-908\" alt=\"Reales Colegios Tortosa\" srcset=\"https:\/\/ruta3reis.tortosaturisme.cat\/wp-content\/uploads\/2026\/02\/65.-\u00a9_Ruta-3-Reyes_David-Gil_Tortosa_Reales-Colegios-1024x681.webp 1024w, https:\/\/ruta3reis.tortosaturisme.cat\/wp-content\/uploads\/2026\/02\/65.-\u00a9_Ruta-3-Reyes_David-Gil_Tortosa_Reales-Colegios-300x200.webp 300w, https:\/\/ruta3reis.tortosaturisme.cat\/wp-content\/uploads\/2026\/02\/65.-\u00a9_Ruta-3-Reyes_David-Gil_Tortosa_Reales-Colegios-768x511.webp 768w, https:\/\/ruta3reis.tortosaturisme.cat\/wp-content\/uploads\/2026\/02\/65.-\u00a9_Ruta-3-Reyes_David-Gil_Tortosa_Reales-Colegios-1536x1022.webp 1536w, https:\/\/ruta3reis.tortosaturisme.cat\/wp-content\/uploads\/2026\/02\/65.-\u00a9_Ruta-3-Reyes_David-Gil_Tortosa_Reales-Colegios.webp 1920w\" sizes=\"(max-width: 800px) 100vw, 800px\" \/>\t\t\t\t\t\t\t\t\t\t\t\t\t\t\t<\/div>\n\t\t\t\t<\/a>\n\t\t\t\t<div class=\"elementor-element elementor-element-6f3f236 elementor-widget elementor-widget-heading\" data-id=\"6f3f236\" data-element_type=\"widget\" data-e-type=\"widget\" data-widget_type=\"heading.default\">\n\t\t\t\t\t<h3 class=\"elementor-heading-title elementor-size-default\">La Route en 3 jours<\/h3>\t\t\t\t<\/div>\n\t\t\t\t<\/div>\n\t\t\t\t<\/div>\n\t\t\t\t\t<\/div>\n\t\t\t\t<\/div>\n\t\t<div class=\"elementor-element elementor-element-77313a1 e-flex e-con-boxed e-con e-parent\" data-id=\"77313a1\" data-element_type=\"container\" data-e-type=\"container\" data-settings=\"{&quot;jet_parallax_layout_list&quot;:[]}\">\n\t\t\t\t\t<div class=\"e-con-inner\">\n\t\t<div class=\"elementor-element elementor-element-e02b2d3 e-con-full e-flex e-con e-child\" data-id=\"e02b2d3\" data-element_type=\"container\" data-e-type=\"container\" data-settings=\"{&quot;jet_parallax_layout_list&quot;:[]}\">\n\t\t<div class=\"elementor-element elementor-element-a786fa6 e-con-full e-flex elementor-invisible e-con e-child\" data-id=\"a786fa6\" data-element_type=\"container\" data-e-type=\"container\" data-settings=\"{&quot;animation&quot;:&quot;fadeIn&quot;,&quot;animation_delay&quot;:200,&quot;jet_parallax_layout_list&quot;:[]}\">\n\t\t\t\t<div class=\"elementor-element elementor-element-6dcab85 elementor-widget elementor-widget-image\" data-id=\"6dcab85\" data-element_type=\"widget\" data-e-type=\"widget\" data-widget_type=\"image.default\">\n\t\t\t\t\t\t\t\t\t\t\t\t\t\t\t<img loading=\"lazy\" decoding=\"async\" width=\"346\" height=\"361\" src=\"https:\/\/ruta3reis.tortosaturisme.cat\/wp-content\/uploads\/2026\/02\/Recurso-2@3x2.png\" class=\"attachment-large size-large wp-image-737\" alt=\"Ic\u00f4ne nature\" srcset=\"https:\/\/ruta3reis.tortosaturisme.cat\/wp-content\/uploads\/2026\/02\/Recurso-2@3x2.png 346w, https:\/\/ruta3reis.tortosaturisme.cat\/wp-content\/uploads\/2026\/02\/Recurso-2@3x2-288x300.png 288w\" sizes=\"(max-width: 346px) 100vw, 346px\" \/>\t\t\t\t\t\t\t\t\t\t\t\t\t\t\t<\/div>\n\t\t<div class=\"elementor-element elementor-element-dcd2582 e-con-full e-flex e-con e-child\" data-id=\"dcd2582\" data-element_type=\"container\" data-e-type=\"container\" data-settings=\"{&quot;jet_parallax_layout_list&quot;:[]}\">\n\t\t\t\t<div class=\"elementor-element elementor-element-eca230b elementor-widget elementor-widget-heading\" data-id=\"eca230b\" data-element_type=\"widget\" data-e-type=\"widget\" data-widget_type=\"heading.default\">\n\t\t\t\t\t<h3 class=\"elementor-heading-title elementor-size-default\">Nature<\/h3>\t\t\t\t<\/div>\n\t\t\t\t<div class=\"elementor-element elementor-element-746c648 elementor-widget elementor-widget-text-editor\" data-id=\"746c648\" data-element_type=\"widget\" data-e-type=\"widget\" data-widget_type=\"text-editor.default\">\n\t\t\t\t\t\t\t\t\t<p>Route 3&nbsp;Rois au naturel<\/p>\t\t\t\t\t\t\t\t<\/div>\n\t\t\t\t<\/div>\n\t\t\t\t<div class=\"elementor-element elementor-element-ede75ae elementor-align-center elementor-widget elementor-widget-button\" data-id=\"ede75ae\" data-element_type=\"widget\" data-e-type=\"widget\" data-widget_type=\"button.default\">\n\t\t\t\t\t\t\t\t\t\t<a class=\"elementor-button elementor-button-link elementor-size-sm\" href=\"https:\/\/ruta3reis.tortosaturisme.cat\/fr\/la-route-des-3-rois\/\">\n\t\t\t\t\t\t<span class=\"elementor-button-content-wrapper\">\n\t\t\t\t\t\t\t\t\t<span class=\"elementor-button-text\">D\u00e9couvrez-la<\/span>\n\t\t\t\t\t<\/span>\n\t\t\t\t\t<\/a>\n\t\t\t\t\t\t\t\t<\/div>\n\t\t\t\t<\/div>\n\t\t<div class=\"elementor-element elementor-element-b309285 e-con-full e-flex elementor-invisible e-con e-child\" data-id=\"b309285\" data-element_type=\"container\" data-e-type=\"container\" data-settings=\"{&quot;animation&quot;:&quot;fadeIn&quot;,&quot;animation_delay&quot;:400,&quot;jet_parallax_layout_list&quot;:[]}\">\n\t\t\t\t<div class=\"elementor-element elementor-element-8be159a elementor-widget elementor-widget-image\" data-id=\"8be159a\" data-element_type=\"widget\" data-e-type=\"widget\" data-widget_type=\"image.default\">\n\t\t\t\t\t\t\t\t\t\t\t\t\t\t\t<img loading=\"lazy\" decoding=\"async\" width=\"351\" height=\"361\" src=\"https:\/\/ruta3reis.tortosaturisme.cat\/wp-content\/uploads\/2026\/02\/Recurso-1@3x2.png\" class=\"attachment-large size-large wp-image-738\" alt=\"Ic\u00f4ne table\" srcset=\"https:\/\/ruta3reis.tortosaturisme.cat\/wp-content\/uploads\/2026\/02\/Recurso-1@3x2.png 351w, https:\/\/ruta3reis.tortosaturisme.cat\/wp-content\/uploads\/2026\/02\/Recurso-1@3x2-292x300.png 292w\" sizes=\"(max-width: 351px) 100vw, 351px\" \/>\t\t\t\t\t\t\t\t\t\t\t\t\t\t\t<\/div>\n\t\t<div class=\"elementor-element elementor-element-0fa1726 e-con-full e-flex e-con e-child\" data-id=\"0fa1726\" data-element_type=\"container\" data-e-type=\"container\" data-settings=\"{&quot;jet_parallax_layout_list&quot;:[]}\">\n\t\t\t\t<div class=\"elementor-element elementor-element-7fe365f elementor-widget elementor-widget-heading\" data-id=\"7fe365f\" data-element_type=\"widget\" data-e-type=\"widget\" data-widget_type=\"heading.default\">\n\t\t\t\t\t<h3 class=\"elementor-heading-title elementor-size-default\">Gastronomie<\/h3>\t\t\t\t<\/div>\n\t\t\t\t<div class=\"elementor-element elementor-element-f066390 elementor-widget elementor-widget-text-editor\" data-id=\"f066390\" data-element_type=\"widget\" data-e-type=\"widget\" data-widget_type=\"text-editor.default\">\n\t\t\t\t\t\t\t\t\t<p>La saveur de la Route 3&nbsp;Rois<\/p>\t\t\t\t\t\t\t\t<\/div>\n\t\t\t\t<\/div>\n\t\t\t\t<div class=\"elementor-element elementor-element-f3b984f elementor-align-center elementor-widget elementor-widget-button\" data-id=\"f3b984f\" data-element_type=\"widget\" data-e-type=\"widget\" data-widget_type=\"button.default\">\n\t\t\t\t\t\t\t\t\t\t<a class=\"elementor-button elementor-button-link elementor-size-sm\" href=\"https:\/\/ruta3reis.tortosaturisme.cat\/fr\/la-route-des-3-rois\/la-saveur-de-la-route\/\">\n\t\t\t\t\t\t<span class=\"elementor-button-content-wrapper\">\n\t\t\t\t\t\t\t\t\t<span class=\"elementor-button-text\">D\u00e9couvrez-la<\/span>\n\t\t\t\t\t<\/span>\n\t\t\t\t\t<\/a>\n\t\t\t\t\t\t\t\t<\/div>\n\t\t\t\t<\/div>\n\t\t<div class=\"elementor-element elementor-element-92bc4f2 e-con-full e-flex elementor-invisible e-con e-child\" data-id=\"92bc4f2\" data-element_type=\"container\" data-e-type=\"container\" data-settings=\"{&quot;animation&quot;:&quot;fadeIn&quot;,&quot;animation_delay&quot;:400,&quot;jet_parallax_layout_list&quot;:[]}\">\n\t\t\t\t<div class=\"elementor-element elementor-element-ccc3c15 elementor-widget elementor-widget-image\" data-id=\"ccc3c15\" data-element_type=\"widget\" data-e-type=\"widget\" data-widget_type=\"image.default\">\n\t\t\t\t\t\t\t\t\t\t\t\t\t\t\t<img loading=\"lazy\" decoding=\"async\" width=\"373\" height=\"361\" src=\"https:\/\/ruta3reis.tortosaturisme.cat\/wp-content\/uploads\/2026\/02\/Recurso-3@3x2.png\" class=\"attachment-large size-large wp-image-739\" alt=\"\" srcset=\"https:\/\/ruta3reis.tortosaturisme.cat\/wp-content\/uploads\/2026\/02\/Recurso-3@3x2.png 373w, https:\/\/ruta3reis.tortosaturisme.cat\/wp-content\/uploads\/2026\/02\/Recurso-3@3x2-300x290.png 300w\" sizes=\"(max-width: 373px) 100vw, 373px\" \/>\t\t\t\t\t\t\t\t\t\t\t\t\t\t\t<\/div>\n\t\t<div class=\"elementor-element elementor-element-d33acd1 e-con-full e-flex e-con e-child\" data-id=\"d33acd1\" data-element_type=\"container\" data-e-type=\"container\" data-settings=\"{&quot;jet_parallax_layout_list&quot;:[]}\">\n\t\t\t\t<div class=\"elementor-element elementor-element-cb5b22e elementor-widget elementor-widget-heading\" data-id=\"cb5b22e\" data-element_type=\"widget\" data-e-type=\"widget\" data-widget_type=\"heading.default\">\n\t\t\t\t\t<h3 class=\"elementor-heading-title elementor-size-default\">F\u00eates et festivit\u00e9s<\/h3>\t\t\t\t<\/div>\n\t\t\t\t<div class=\"elementor-element elementor-element-cdd2310 elementor-widget elementor-widget-text-editor\" data-id=\"cdd2310\" data-element_type=\"widget\" data-e-type=\"widget\" data-widget_type=\"text-editor.default\">\n\t\t\t\t\t\t\t\t\t<p>F\u00eates d&rsquo;int\u00e9r\u00eat touristique national et un calendrier culturel intense<\/p>\t\t\t\t\t\t\t\t<\/div>\n\t\t\t\t<\/div>\n\t\t\t\t<div class=\"elementor-element elementor-element-da0e4db elementor-align-center elementor-widget elementor-widget-button\" data-id=\"da0e4db\" data-element_type=\"widget\" data-e-type=\"widget\" data-widget_type=\"button.default\">\n\t\t\t\t\t\t\t\t\t\t<a class=\"elementor-button elementor-button-link elementor-size-sm\" href=\"https:\/\/ruta3reis.tortosaturisme.cat\/fr\/la-route-des-3-rois\/\">\n\t\t\t\t\t\t<span class=\"elementor-button-content-wrapper\">\n\t\t\t\t\t\t\t\t\t<span class=\"elementor-button-text\">D\u00e9couvrez-la<\/span>\n\t\t\t\t\t<\/span>\n\t\t\t\t\t<\/a>\n\t\t\t\t\t\t\t\t<\/div>\n\t\t\t\t<\/div>\n\t\t\t\t<\/div>\n\t\t\t\t\t<\/div>\n\t\t\t\t<\/div>\n\t\t\t\t<\/div>\n\t\t","protected":false},"excerpt":{"rendered":"<p>La Route des 3 Rois La Route des 3 Rois est un itin\u00e9raire touristique qui propose au voyageur de d\u00e9couvrir ensemble les attraits de trois localit\u00e9s unies par l&rsquo;histoire. Il s&rsquo;agit d&rsquo;une route circulaire qui se dessine autour de l&rsquo;espace naturel du massif d&rsquo;Els Ports et qui relie les municipalit\u00e9s d&rsquo;Alca\u00f1iz (en Aragon), Morella (dans [&hellip;]<\/p>\n","protected":false},"author":1,"featured_media":0,"parent":0,"menu_order":0,"comment_status":"closed","ping_status":"closed","template":"elementor_header_footer","meta":{"footnotes":""},"class_list":["post-907","page","type-page","status-publish","hentry"],"_links":{"self":[{"href":"https:\/\/ruta3reis.tortosaturisme.cat\/fr\/wp-json\/wp\/v2\/pages\/907","targetHints":{"allow":["GET"]}}],"collection":[{"href":"https:\/\/ruta3reis.tortosaturisme.cat\/fr\/wp-json\/wp\/v2\/pages"}],"about":[{"href":"https:\/\/ruta3reis.tortosaturisme.cat\/fr\/wp-json\/wp\/v2\/types\/page"}],"author":[{"embeddable":true,"href":"https:\/\/ruta3reis.tortosaturisme.cat\/fr\/wp-json\/wp\/v2\/users\/1"}],"replies":[{"embeddable":true,"href":"https:\/\/ruta3reis.tortosaturisme.cat\/fr\/wp-json\/wp\/v2\/comments?post=907"}],"version-history":[{"count":1,"href":"https:\/\/ruta3reis.tortosaturisme.cat\/fr\/wp-json\/wp\/v2\/pages\/907\/revisions"}],"predecessor-version":[{"id":912,"href":"https:\/\/ruta3reis.tortosaturisme.cat\/fr\/wp-json\/wp\/v2\/pages\/907\/revisions\/912"}],"wp:attachment":[{"href":"https:\/\/ruta3reis.tortosaturisme.cat\/fr\/wp-json\/wp\/v2\/media?parent=907"}],"curies":[{"name":"wp","href":"https:\/\/api.w.org\/{rel}","templated":true}]}}